{"id":3453,"date":"2023-02-03T23:22:14","date_gmt":"2023-02-03T22:22:14","guid":{"rendered":"https:\/\/perfectestetica.al\/?post_type=product&#038;p=3453"},"modified":"2023-02-03T23:22:14","modified_gmt":"2023-02-03T22:22:14","slug":"hydra-mattifying-gel","status":"publish","type":"product","link":"https:\/\/perfectestetica.al\/en\/product\/hydra-mattifying-gel\/","title":{"rendered":"Hydra Mattifying Gel"},"content":{"rendered":"","protected":false},"excerpt":{"rendered":"<p>Xhel p\u00ebr fytyr\u00ebn q\u00eb kombinon veprim hidratues me balancim t\u00eb yndyr\u00ebs, p\u00ebr l\u00ebkur\u00eb t\u00eb yndyrshme dhe t\u00eb prirur p\u00ebr akne.<\/p>\n<p>Veprimi: Ai p\u00ebrthith yndyr\u00ebn e tep\u00ebrt nd\u00ebrsa rrit nivelin e hidratimit t\u00eb l\u00ebkur\u00ebs, duke l\u00ebn\u00eb nj\u00eb p\u00ebrfundim mat. \u00cbsht\u00eb nj\u00eb xhel i specializuar q\u00eb kombinon veprimin sinergjik t\u00eb acidit hialuronik dhe aloe ver\u00ebs, i cili hidraton dhe matifikon l\u00ebkur\u00ebn me mikrosferat polytrap. I pasuruar me vitamina<br \/>\nt\u00eb kompleksit B n\u00eb kombinim me Red Clover Extract, ai rregullon yndyr\u00ebn e l\u00ebkur\u00ebs dhe redukton poret e zgjeruara. Ideal si baz\u00eb para fondatin\u00ebs.<\/p>\n<p>P\u00ebrdorimi: Apliko nj\u00eb sasi t\u00eb vog\u00ebl n\u00eb t\u00eb gjith\u00eb fytyr\u00ebn 1-2 her\u00eb n\u00eb dit\u00eb, duke e masazhuar deri n\u00eb absorbim.<\/p>\n<p>Ingredient\u00ebt kryesor\u00eb: MMW Hyaluronic Acid, Aloe Vera, Multi B Complex (B1-B2-B3-B5-B12), Red Clover Extract, Polytrap.<\/p>\n<table class=\"woocommerce-product-attributes shop_attributes\">\n<tbody>\n<tr class=\"woocommerce-product-attributes-item woocommerce-product-attributes-item--attribute_pa_size\">\n<th class=\"woocommerce-product-attributes-item__label\">Paketimi<\/th>\n<td class=\"woocommerce-product-attributes-item__value\">50mL<\/td>\n<\/tr>\n<tr class=\"woocommerce-product-attributes-item woocommerce-product-attributes-item--attribute_pa_llojet-e-lekures\">\n<th class=\"woocommerce-product-attributes-item__label\">Llojet e l\u00ebkur\u00ebs<\/th>\n<td class=\"woocommerce-product-attributes-item__value\">akneike, e yndyrshme<\/td>\n<\/tr>\n<\/tbody>\n<\/table>","protected":false},"featured_media":3454,"comment_status":"open","ping_status":"closed","template":"","meta":[],"product_brand":[],"product_cat":[62],"product_tag":[],"class_list":{"0":"post-3453","1":"product","2":"type-product","3":"status-publish","4":"has-post-thumbnail","6":"product_cat-akne","8":"first","9":"instock","10":"shipping-taxable","11":"purchasable","12":"product-type-simple"},"_links":{"self":[{"href":"https:\/\/perfectestetica.al\/en\/wp-json\/wp\/v2\/product\/3453","targetHints":{"allow":["GET"]}}],"collection":[{"href":"https:\/\/perfectestetica.al\/en\/wp-json\/wp\/v2\/product"}],"about":[{"href":"https:\/\/perfectestetica.al\/en\/wp-json\/wp\/v2\/types\/product"}],"replies":[{"embeddable":true,"href":"https:\/\/perfectestetica.al\/en\/wp-json\/wp\/v2\/comments?post=3453"}],"version-history":[{"count":1,"href":"https:\/\/perfectestetica.al\/en\/wp-json\/wp\/v2\/product\/3453\/revisions"}],"predecessor-version":[{"id":3455,"href":"https:\/\/perfectestetica.al\/en\/wp-json\/wp\/v2\/product\/3453\/revisions\/3455"}],"wp:featuredmedia":[{"embeddable":true,"href":"https:\/\/perfectestetica.al\/en\/wp-json\/wp\/v2\/media\/3454"}],"wp:attachment":[{"href":"https:\/\/perfectestetica.al\/en\/wp-json\/wp\/v2\/media?parent=3453"}],"wp:term":[{"taxonomy":"product_brand","embeddable":true,"href":"https:\/\/perfectestetica.al\/en\/wp-json\/wp\/v2\/product_brand?post=3453"},{"taxonomy":"product_cat","embeddable":true,"href":"https:\/\/perfectestetica.al\/en\/wp-json\/wp\/v2\/product_cat?post=3453"},{"taxonomy":"product_tag","embeddable":true,"href":"https:\/\/perfectestetica.al\/en\/wp-json\/wp\/v2\/product_tag?post=3453"}],"curies":[{"name":"wp","href":"https:\/\/api.w.org\/{rel}","templated":true}]}}