{"id":3450,"date":"2023-02-03T23:21:39","date_gmt":"2023-02-03T22:21:39","guid":{"rendered":"https:\/\/perfectestetica.al\/?post_type=product&#038;p=3450"},"modified":"2023-02-03T23:21:39","modified_gmt":"2023-02-03T22:21:39","slug":"hydra-clarifying-serum","status":"publish","type":"product","link":"https:\/\/perfectestetica.al\/en\/product\/hydra-clarifying-serum\/","title":{"rendered":"Hydra Clarifying Serum"},"content":{"rendered":"","protected":false},"excerpt":{"rendered":"<p>Serum hidratues p\u00ebr l\u00ebkur\u00ebn e prirur p\u00ebr akne dhe me yndyr\u00eb.<\/p>\n<p>Veprimi: Serumi kombinon hidratimin nga acidi hialuronik me rregullimin e yndyr\u00ebs nga ekstrakti i karafilit. Red Clover Extract ndihmon rregullimin e yndyr\u00ebs s\u00eb l\u00ebkur\u00ebs dhe zvog\u00eblon madh\u00ebsin\u00eb e poreve t\u00eb dilatuara.<br \/>\nHidraton, tonifikon l\u00ebkur\u00ebn dhe balancon yndyr\u00ebn.<\/p>\n<p>P\u00ebrdorimi: Apliko nj\u00eb sasi t\u00eb vog\u00ebl dhe masazhoje derisa t\u00eb p\u00ebrthithet.<\/p>\n<p>Ingredient\u00ebt kryesor\u00eb: Red Clover Extract 1% (Miniporyl), LMW Hyaluronic Acid, Arginine.<\/p>\n<table class=\"woocommerce-product-attributes shop_attributes\">\n<tbody>\n<tr class=\"woocommerce-product-attributes-item woocommerce-product-attributes-item--attribute_pa_size\">\n<th class=\"woocommerce-product-attributes-item__label\">Paketimi<\/th>\n<td class=\"woocommerce-product-attributes-item__value\">20mL<\/td>\n<\/tr>\n<tr class=\"woocommerce-product-attributes-item woocommerce-product-attributes-item--attribute_pa_llojet-e-lekures\">\n<th class=\"woocommerce-product-attributes-item__label\">Llojet e l\u00ebkur\u00ebs<\/th>\n<td class=\"woocommerce-product-attributes-item__value\">akneike, e yndyrshme<\/td>\n<\/tr>\n<\/tbody>\n<\/table>","protected":false},"featured_media":0,"comment_status":"open","ping_status":"closed","template":"","meta":[],"product_brand":[],"product_cat":[62],"product_tag":[],"class_list":{"0":"post-3450","1":"product","2":"type-product","3":"status-publish","5":"product_cat-akne","7":"first","8":"instock","9":"shipping-taxable","10":"purchasable","11":"product-type-simple"},"_links":{"self":[{"href":"https:\/\/perfectestetica.al\/en\/wp-json\/wp\/v2\/product\/3450","targetHints":{"allow":["GET"]}}],"collection":[{"href":"https:\/\/perfectestetica.al\/en\/wp-json\/wp\/v2\/product"}],"about":[{"href":"https:\/\/perfectestetica.al\/en\/wp-json\/wp\/v2\/types\/product"}],"replies":[{"embeddable":true,"href":"https:\/\/perfectestetica.al\/en\/wp-json\/wp\/v2\/comments?post=3450"}],"version-history":[{"count":1,"href":"https:\/\/perfectestetica.al\/en\/wp-json\/wp\/v2\/product\/3450\/revisions"}],"predecessor-version":[{"id":3452,"href":"https:\/\/perfectestetica.al\/en\/wp-json\/wp\/v2\/product\/3450\/revisions\/3452"}],"wp:attachment":[{"href":"https:\/\/perfectestetica.al\/en\/wp-json\/wp\/v2\/media?parent=3450"}],"wp:term":[{"taxonomy":"product_brand","embeddable":true,"href":"https:\/\/perfectestetica.al\/en\/wp-json\/wp\/v2\/product_brand?post=3450"},{"taxonomy":"product_cat","embeddable":true,"href":"https:\/\/perfectestetica.al\/en\/wp-json\/wp\/v2\/product_cat?post=3450"},{"taxonomy":"product_tag","embeddable":true,"href":"https:\/\/perfectestetica.al\/en\/wp-json\/wp\/v2\/product_tag?post=3450"}],"curies":[{"name":"wp","href":"https:\/\/api.w.org\/{rel}","templated":true}]}}