{"id":3447,"date":"2023-02-03T23:21:10","date_gmt":"2023-02-03T22:21:10","guid":{"rendered":"https:\/\/perfectestetica.al\/?post_type=product&#038;p=3447"},"modified":"2023-02-03T23:21:10","modified_gmt":"2023-02-03T22:21:10","slug":"green-argile-mask","status":"publish","type":"product","link":"https:\/\/perfectestetica.al\/en\/product\/green-argile-mask\/","title":{"rendered":"Green Argile Mask"},"content":{"rendered":"","protected":false},"excerpt":{"rendered":"<p>Mask\u00eb-scrub pastruese p\u00ebr l\u00ebkur\u00eb t\u00eb kombinuar, me yndyr\u00eb dhe t\u00eb predispozuar p\u00ebr akne.<\/p>\n<p>Veprimi: Mask\u00eb-scrub me argjil\u00eb jeshile dhe granula perlite, q\u00eb largon qelizat e vdekura t\u00eb l\u00ebkur\u00ebs, pastron poret, zvog\u00eblon sebumin e tep\u00ebrt, stimulon gjall\u00ebrimin e l\u00ebkur\u00ebs dhe p\u00ebrmir\u00ebsimin e tekstur\u00ebs s\u00eb saj. Mask\u00eb me efekt astrigjent, hidratues, antiinflamator, antioksidant dhe sh\u00ebrues.<\/p>\n<p>P\u00ebrdorimi: Aplikoni nj\u00eb sasi t\u00eb vog\u00ebl n\u00eb t\u00eb gjith\u00eb fytyr\u00ebn dhe masazhoni but\u00ebsisht p\u00ebr disa minuta. L\u00ebreni q\u00eb t\u00eb thahet p\u00ebr 15-20 minuta dhe m\u00eb pas hiqeni me uj\u00eb.<\/p>\n<p>Ingredient\u00ebt kryesor\u00eb: Green Clay, Perlite,<br \/>\nPlantago Extract, Lemon (Citron) Extract, Cucumber Extract, Hamamelis Extract, Allantoin.<\/p>\n<table class=\"woocommerce-product-attributes shop_attributes\">\n<tbody>\n<tr class=\"woocommerce-product-attributes-item woocommerce-product-attributes-item--attribute_pa_size\">\n<th class=\"woocommerce-product-attributes-item__label\">Paketimi<\/th>\n<td class=\"woocommerce-product-attributes-item__value\">50mL<\/td>\n<\/tr>\n<tr class=\"woocommerce-product-attributes-item woocommerce-product-attributes-item--attribute_pa_llojet-e-lekures\">\n<th class=\"woocommerce-product-attributes-item__label\">Llojet e l\u00ebkur\u00ebs<\/th>\n<td class=\"woocommerce-product-attributes-item__value\">e yndyrshme, mikse<\/td>\n<\/tr>\n<\/tbody>\n<\/table>","protected":false},"featured_media":3448,"comment_status":"open","ping_status":"closed","template":"","meta":[],"product_brand":[],"product_cat":[62],"product_tag":[],"class_list":{"0":"post-3447","1":"product","2":"type-product","3":"status-publish","4":"has-post-thumbnail","6":"product_cat-akne","8":"first","9":"instock","10":"shipping-taxable","11":"purchasable","12":"product-type-simple"},"_links":{"self":[{"href":"https:\/\/perfectestetica.al\/en\/wp-json\/wp\/v2\/product\/3447","targetHints":{"allow":["GET"]}}],"collection":[{"href":"https:\/\/perfectestetica.al\/en\/wp-json\/wp\/v2\/product"}],"about":[{"href":"https:\/\/perfectestetica.al\/en\/wp-json\/wp\/v2\/types\/product"}],"replies":[{"embeddable":true,"href":"https:\/\/perfectestetica.al\/en\/wp-json\/wp\/v2\/comments?post=3447"}],"version-history":[{"count":1,"href":"https:\/\/perfectestetica.al\/en\/wp-json\/wp\/v2\/product\/3447\/revisions"}],"predecessor-version":[{"id":3449,"href":"https:\/\/perfectestetica.al\/en\/wp-json\/wp\/v2\/product\/3447\/revisions\/3449"}],"wp:featuredmedia":[{"embeddable":true,"href":"https:\/\/perfectestetica.al\/en\/wp-json\/wp\/v2\/media\/3448"}],"wp:attachment":[{"href":"https:\/\/perfectestetica.al\/en\/wp-json\/wp\/v2\/media?parent=3447"}],"wp:term":[{"taxonomy":"product_brand","embeddable":true,"href":"https:\/\/perfectestetica.al\/en\/wp-json\/wp\/v2\/product_brand?post=3447"},{"taxonomy":"product_cat","embeddable":true,"href":"https:\/\/perfectestetica.al\/en\/wp-json\/wp\/v2\/product_cat?post=3447"},{"taxonomy":"product_tag","embeddable":true,"href":"https:\/\/perfectestetica.al\/en\/wp-json\/wp\/v2\/product_tag?post=3447"}],"curies":[{"name":"wp","href":"https:\/\/api.w.org\/{rel}","templated":true}]}}