{"id":3444,"date":"2023-02-03T23:20:42","date_gmt":"2023-02-03T22:20:42","guid":{"rendered":"https:\/\/perfectestetica.al\/?post_type=product&#038;p=3444"},"modified":"2023-02-03T23:20:42","modified_gmt":"2023-02-03T22:20:42","slug":"clarifying-tinted-cream","status":"publish","type":"product","link":"https:\/\/perfectestetica.al\/en\/product\/clarifying-tinted-cream\/","title":{"rendered":"Clarifying Tinted Cream"},"content":{"rendered":"","protected":false},"excerpt":{"rendered":"<p>Krem me ngjyr\u00eb i cili siguron mbulim p\u00ebr l\u00ebkur\u00ebn e prirur ndaj akneve dhe yndyr\u00ebs.<\/p>\n<p>Veprimi: Canadian Willowherb inhibon veprimin e P. acnes, bakteri p\u00ebrgjegj\u00ebs p\u00ebr aknet. Efekti anti-akne shtohet nga prania e Acidit Salicilik. Sebopessina<br \/>\ndhe Normaseb reduktojn\u00eb sebumin e tep\u00ebrt dhe balancojn\u00eb yndyr\u00ebn e l\u00ebkur\u00ebs. Gjithashtu kremi ka veprim antibakterial dhe antiiflamator. Aloe Vera, Panthenoli etj qet\u00ebsojn\u00ebdhe hidratojn\u00eb l\u00ebkur\u00ebn. Kremi mbulon problematikat e l\u00ebkur\u00ebs dhe p\u00ebrmir\u00ebson pamjen e saj me nj\u00eb p\u00ebrfundim mat, pa shkaktuar that\u00ebsi dhe acarim.<\/p>\n<p>P\u00ebrdorimi: Aplikoni nj\u00eb sasi t\u00eb vog\u00ebl n\u00eb t\u00eb gjith\u00eb fytyr\u00ebn 1-2 her\u00eb n\u00eb dit\u00eb.<\/p>\n<p>Ingredient\u00ebt kryesor\u00eb: Allantoin, Sebopessina, Manuka Oil, Normaseb 1%, Ekstrakt i Willowherb Kanadez 1%, Vaj Jojoba, Acidi Salicylic 1%, A-Bisabolol, Ekstrakt Calendula.<\/p>\n<table class=\"woocommerce-product-attributes shop_attributes\">\n<tbody>\n<tr class=\"woocommerce-product-attributes-item woocommerce-product-attributes-item--attribute_pa_size\">\n<th class=\"woocommerce-product-attributes-item__label\">Paketimi<\/th>\n<td class=\"woocommerce-product-attributes-item__value\">50mL<\/td>\n<\/tr>\n<tr class=\"woocommerce-product-attributes-item woocommerce-product-attributes-item--attribute_pa_llojet-e-lekures\">\n<th class=\"woocommerce-product-attributes-item__label\">Llojet e l\u00ebkur\u00ebs<\/th>\n<td class=\"woocommerce-product-attributes-item__value\">akneike, e yndyrshme<\/td>\n<\/tr>\n<\/tbody>\n<\/table>","protected":false},"featured_media":3445,"comment_status":"open","ping_status":"closed","template":"","meta":[],"product_brand":[],"product_cat":[62],"product_tag":[],"class_list":{"0":"post-3444","1":"product","2":"type-product","3":"status-publish","4":"has-post-thumbnail","6":"product_cat-akne","8":"first","9":"instock","10":"shipping-taxable","11":"purchasable","12":"product-type-simple"},"_links":{"self":[{"href":"https:\/\/perfectestetica.al\/en\/wp-json\/wp\/v2\/product\/3444","targetHints":{"allow":["GET"]}}],"collection":[{"href":"https:\/\/perfectestetica.al\/en\/wp-json\/wp\/v2\/product"}],"about":[{"href":"https:\/\/perfectestetica.al\/en\/wp-json\/wp\/v2\/types\/product"}],"replies":[{"embeddable":true,"href":"https:\/\/perfectestetica.al\/en\/wp-json\/wp\/v2\/comments?post=3444"}],"version-history":[{"count":1,"href":"https:\/\/perfectestetica.al\/en\/wp-json\/wp\/v2\/product\/3444\/revisions"}],"predecessor-version":[{"id":3446,"href":"https:\/\/perfectestetica.al\/en\/wp-json\/wp\/v2\/product\/3444\/revisions\/3446"}],"wp:featuredmedia":[{"embeddable":true,"href":"https:\/\/perfectestetica.al\/en\/wp-json\/wp\/v2\/media\/3445"}],"wp:attachment":[{"href":"https:\/\/perfectestetica.al\/en\/wp-json\/wp\/v2\/media?parent=3444"}],"wp:term":[{"taxonomy":"product_brand","embeddable":true,"href":"https:\/\/perfectestetica.al\/en\/wp-json\/wp\/v2\/product_brand?post=3444"},{"taxonomy":"product_cat","embeddable":true,"href":"https:\/\/perfectestetica.al\/en\/wp-json\/wp\/v2\/product_cat?post=3444"},{"taxonomy":"product_tag","embeddable":true,"href":"https:\/\/perfectestetica.al\/en\/wp-json\/wp\/v2\/product_tag?post=3444"}],"curies":[{"name":"wp","href":"https:\/\/api.w.org\/{rel}","templated":true}]}}