{"id":3441,"date":"2023-02-03T23:20:08","date_gmt":"2023-02-03T22:20:08","guid":{"rendered":"https:\/\/perfectestetica.al\/?post_type=product&#038;p=3441"},"modified":"2023-02-03T23:20:08","modified_gmt":"2023-02-03T22:20:08","slug":"clarifying-stick","status":"publish","type":"product","link":"https:\/\/perfectestetica.al\/en\/product\/clarifying-stick\/","title":{"rendered":"Clarifying Stick"},"content":{"rendered":"","protected":false},"excerpt":{"rendered":"<p>Stik lokal p\u00ebr p\u00ebrdorim t\u00eb drejtp\u00ebrdrejt\u00eb n\u00eb pu\u00e7\u00ebrr, p\u00ebr l\u00ebkur\u00ebn e prirur p\u00ebr akne.<\/p>\n<p>Veprimi: Nj\u00eb produkt i specializuar me nj\u00eb p\u00ebrmbajtje t\u00eb lart\u00eb t\u00eb p\u00ebrb\u00ebr\u00ebsve aktiv\u00eb p\u00ebr p\u00ebrdorim intensiv siperfaq\u00ebsor p\u00ebr inflamacionet n\u00eb l\u00ebkur\u00ebn e prirur ndaj akneve. Ai kombinon acidin azelaik, acid salicilik dhe Willowherb kanadez, p\u00ebrb\u00ebr\u00ebsit q\u00eb reduktojn\u00eb inflamacionet n\u00eb l\u00ebkur\u00eb. P\u00ebrforcuar me Mimosa Extract dhe Normaseb, ofron p\u00ebrt\u00ebritje m\u00eb t\u00eb shpejt\u00eb t\u00eb l\u00ebkur\u00ebs dhe rregullimin seborrhoik.<\/p>\n<p>P\u00ebrdorimi: Apliko 2-3 her\u00eb n\u00eb dit\u00eb lokalisht mbi pu\u00e7\u00ebrr.<\/p>\n<p>Ingredient\u00ebt kryesor\u00eb: Acidi Azelaic 5.5%, Acidi salicilik 1.4%, A-Bisabolol, Normaseb Ph 2%, Ekstrakti Mimosa, Ekstrakt Willowherb Kanadez 2%.<\/p>\n<table class=\"woocommerce-product-attributes shop_attributes\">\n<tbody>\n<tr class=\"woocommerce-product-attributes-item woocommerce-product-attributes-item--attribute_pa_size\">\n<th class=\"woocommerce-product-attributes-item__label\">Paketimi<\/th>\n<td class=\"woocommerce-product-attributes-item__value\">8mL<\/td>\n<\/tr>\n<tr class=\"woocommerce-product-attributes-item woocommerce-product-attributes-item--attribute_pa_llojet-e-lekures\">\n<th class=\"woocommerce-product-attributes-item__label\">Llojet e l\u00ebkur\u00ebs<\/th>\n<td class=\"woocommerce-product-attributes-item__value\">akneike, e yndyrshme, mikse<\/td>\n<\/tr>\n<\/tbody>\n<\/table>","protected":false},"featured_media":3442,"comment_status":"open","ping_status":"closed","template":"","meta":[],"product_brand":[],"product_cat":[62],"product_tag":[],"class_list":{"0":"post-3441","1":"product","2":"type-product","3":"status-publish","4":"has-post-thumbnail","6":"product_cat-akne","8":"first","9":"instock","10":"shipping-taxable","11":"purchasable","12":"product-type-simple"},"_links":{"self":[{"href":"https:\/\/perfectestetica.al\/en\/wp-json\/wp\/v2\/product\/3441","targetHints":{"allow":["GET"]}}],"collection":[{"href":"https:\/\/perfectestetica.al\/en\/wp-json\/wp\/v2\/product"}],"about":[{"href":"https:\/\/perfectestetica.al\/en\/wp-json\/wp\/v2\/types\/product"}],"replies":[{"embeddable":true,"href":"https:\/\/perfectestetica.al\/en\/wp-json\/wp\/v2\/comments?post=3441"}],"version-history":[{"count":1,"href":"https:\/\/perfectestetica.al\/en\/wp-json\/wp\/v2\/product\/3441\/revisions"}],"predecessor-version":[{"id":3443,"href":"https:\/\/perfectestetica.al\/en\/wp-json\/wp\/v2\/product\/3441\/revisions\/3443"}],"wp:featuredmedia":[{"embeddable":true,"href":"https:\/\/perfectestetica.al\/en\/wp-json\/wp\/v2\/media\/3442"}],"wp:attachment":[{"href":"https:\/\/perfectestetica.al\/en\/wp-json\/wp\/v2\/media?parent=3441"}],"wp:term":[{"taxonomy":"product_brand","embeddable":true,"href":"https:\/\/perfectestetica.al\/en\/wp-json\/wp\/v2\/product_brand?post=3441"},{"taxonomy":"product_cat","embeddable":true,"href":"https:\/\/perfectestetica.al\/en\/wp-json\/wp\/v2\/product_cat?post=3441"},{"taxonomy":"product_tag","embeddable":true,"href":"https:\/\/perfectestetica.al\/en\/wp-json\/wp\/v2\/product_tag?post=3441"}],"curies":[{"name":"wp","href":"https:\/\/api.w.org\/{rel}","templated":true}]}}