{"id":3438,"date":"2023-02-03T23:19:37","date_gmt":"2023-02-03T22:19:37","guid":{"rendered":"https:\/\/perfectestetica.al\/?post_type=product&#038;p=3438"},"modified":"2023-02-03T23:19:38","modified_gmt":"2023-02-03T22:19:38","slug":"clarifying-face-foam","status":"publish","type":"product","link":"https:\/\/perfectestetica.al\/en\/product\/clarifying-face-foam\/","title":{"rendered":"Clarifying Face Foam"},"content":{"rendered":"","protected":false},"excerpt":{"rendered":"<p>Pastrues n\u00eb form\u00eb shkume e krijuar posa\u00e7\u00ebrisht p\u00ebr l\u00ebkur\u00ebn e prirur ndaj akneve, l\u00ebkur\u00ebn e yndyrshme dhe at\u00eb mikse.<\/p>\n<p>Veprimi: Ai largon mbetjet nga l\u00ebkura, thith sebumin e tep\u00ebrt dhe ekuilibron yndyr\u00ebn. Gjithashtu ka efekt antibakterial dhe anti-inflamator.<\/p>\n<p>P\u00ebrdorimi: Apliko nj\u00eb sasi t\u00eb vog\u00ebl n\u00eb fytyr\u00eb dhe shp\u00eblaje me uj\u00eb. Rekomandohet p\u00ebr l\u00ebkur\u00ebn e fytyr\u00ebs dhe t\u00eb kurrizit me probleme me akne.<\/p>\n<p>Ingredient\u00ebt kryesor\u00eb: Mild Surfactants,<br \/>\nCanadian Willowherb Extract.<\/p>\n<table class=\"woocommerce-product-attributes shop_attributes\">\n<tbody>\n<tr class=\"woocommerce-product-attributes-item woocommerce-product-attributes-item--attribute_pa_size\">\n<th class=\"woocommerce-product-attributes-item__label\">Paketimi<\/th>\n<td class=\"woocommerce-product-attributes-item__value\">230mL<\/td>\n<\/tr>\n<tr class=\"woocommerce-product-attributes-item woocommerce-product-attributes-item--attribute_pa_llojet-e-lekures\">\n<th class=\"woocommerce-product-attributes-item__label\">Llojet e l\u00ebkur\u00ebs<\/th>\n<td class=\"woocommerce-product-attributes-item__value\">akneike, e yndyrshme, mikse<\/td>\n<\/tr>\n<\/tbody>\n<\/table>","protected":false},"featured_media":3439,"comment_status":"open","ping_status":"closed","template":"","meta":[],"product_brand":[],"product_cat":[62],"product_tag":[],"class_list":{"0":"post-3438","1":"product","2":"type-product","3":"status-publish","4":"has-post-thumbnail","6":"product_cat-akne","8":"first","9":"instock","10":"shipping-taxable","11":"purchasable","12":"product-type-simple"},"_links":{"self":[{"href":"https:\/\/perfectestetica.al\/en\/wp-json\/wp\/v2\/product\/3438","targetHints":{"allow":["GET"]}}],"collection":[{"href":"https:\/\/perfectestetica.al\/en\/wp-json\/wp\/v2\/product"}],"about":[{"href":"https:\/\/perfectestetica.al\/en\/wp-json\/wp\/v2\/types\/product"}],"replies":[{"embeddable":true,"href":"https:\/\/perfectestetica.al\/en\/wp-json\/wp\/v2\/comments?post=3438"}],"version-history":[{"count":1,"href":"https:\/\/perfectestetica.al\/en\/wp-json\/wp\/v2\/product\/3438\/revisions"}],"predecessor-version":[{"id":3440,"href":"https:\/\/perfectestetica.al\/en\/wp-json\/wp\/v2\/product\/3438\/revisions\/3440"}],"wp:featuredmedia":[{"embeddable":true,"href":"https:\/\/perfectestetica.al\/en\/wp-json\/wp\/v2\/media\/3439"}],"wp:attachment":[{"href":"https:\/\/perfectestetica.al\/en\/wp-json\/wp\/v2\/media?parent=3438"}],"wp:term":[{"taxonomy":"product_brand","embeddable":true,"href":"https:\/\/perfectestetica.al\/en\/wp-json\/wp\/v2\/product_brand?post=3438"},{"taxonomy":"product_cat","embeddable":true,"href":"https:\/\/perfectestetica.al\/en\/wp-json\/wp\/v2\/product_cat?post=3438"},{"taxonomy":"product_tag","embeddable":true,"href":"https:\/\/perfectestetica.al\/en\/wp-json\/wp\/v2\/product_tag?post=3438"}],"curies":[{"name":"wp","href":"https:\/\/api.w.org\/{rel}","templated":true}]}}