{"id":3435,"date":"2023-02-03T23:19:07","date_gmt":"2023-02-03T22:19:07","guid":{"rendered":"https:\/\/perfectestetica.al\/?post_type=product&#038;p=3435"},"modified":"2023-02-03T23:19:08","modified_gmt":"2023-02-03T22:19:08","slug":"clarifying-cleanser-gel","status":"publish","type":"product","link":"https:\/\/perfectestetica.al\/en\/product\/clarifying-cleanser-gel\/","title":{"rendered":"Clarifying Cleanser Gel"},"content":{"rendered":"","protected":false},"excerpt":{"rendered":"<p>Xhel pastrues p\u00ebr l\u00ebkur\u00ebn e prirur p\u00ebr akne, t\u00eb yndyrshme dhe mikse.<\/p>\n<p>Veprimi: Nj\u00eb xhel pastrues me nj\u00eb p\u00ebrzierje vajrash bimore dhe vaj ulliri, i cili p\u00ebrforcohet me p\u00ebrb\u00ebr\u00ebsin Canadian Willowherb, q\u00eb pengojn\u00eb veprimin e bakterit Propionibacterium Acnes, p\u00ebrgjegj\u00ebs p\u00ebr aknet dhe q\u00eb shfaqin veti anti-inflamatore. Rregullon balanc\u00ebn yndyrore duke reduktuar sekretimin e sebumit, si dhe trajton efektivisht d\u00ebmtimet n\u00eb l\u00ebkur\u00eb t\u00eb shakruara nga aknet.<\/p>\n<p>P\u00ebrdorimi: Apliko nj\u00eb sasi t\u00eb vog\u00ebl me l\u00ebvizje rrethore dhe largoje me pambuk t\u00eb lagur.<\/p>\n<p>Ingredient\u00ebt kryesor\u00eb: Skin Conditioners, Olive<br \/>\nOil, Arginine, Canadian Willowherb<br \/>\nExtract, Sebustop (Cinnamon Extract,<br \/>\nGinger Extract, Burnet Extract), Azelaic<br \/>\nAcid-Glycine Complex.<\/p>\n<table class=\"woocommerce-product-attributes shop_attributes\">\n<tbody>\n<tr class=\"woocommerce-product-attributes-item woocommerce-product-attributes-item--attribute_pa_size\">\n<th class=\"woocommerce-product-attributes-item__label\">Paketimi<\/th>\n<td class=\"woocommerce-product-attributes-item__value\">210mL<\/td>\n<\/tr>\n<tr class=\"woocommerce-product-attributes-item woocommerce-product-attributes-item--attribute_pa_llojet-e-lekures\">\n<th class=\"woocommerce-product-attributes-item__label\">Llojet e l\u00ebkur\u00ebs<\/th>\n<td class=\"woocommerce-product-attributes-item__value\">akneike, e yndyrshme, mikse<\/td>\n<\/tr>\n<\/tbody>\n<\/table>","protected":false},"featured_media":3436,"comment_status":"open","ping_status":"closed","template":"","meta":[],"product_brand":[],"product_cat":[62],"product_tag":[],"class_list":{"0":"post-3435","1":"product","2":"type-product","3":"status-publish","4":"has-post-thumbnail","6":"product_cat-akne","8":"first","9":"instock","10":"shipping-taxable","11":"purchasable","12":"product-type-simple"},"_links":{"self":[{"href":"https:\/\/perfectestetica.al\/en\/wp-json\/wp\/v2\/product\/3435","targetHints":{"allow":["GET"]}}],"collection":[{"href":"https:\/\/perfectestetica.al\/en\/wp-json\/wp\/v2\/product"}],"about":[{"href":"https:\/\/perfectestetica.al\/en\/wp-json\/wp\/v2\/types\/product"}],"replies":[{"embeddable":true,"href":"https:\/\/perfectestetica.al\/en\/wp-json\/wp\/v2\/comments?post=3435"}],"version-history":[{"count":1,"href":"https:\/\/perfectestetica.al\/en\/wp-json\/wp\/v2\/product\/3435\/revisions"}],"predecessor-version":[{"id":3437,"href":"https:\/\/perfectestetica.al\/en\/wp-json\/wp\/v2\/product\/3435\/revisions\/3437"}],"wp:featuredmedia":[{"embeddable":true,"href":"https:\/\/perfectestetica.al\/en\/wp-json\/wp\/v2\/media\/3436"}],"wp:attachment":[{"href":"https:\/\/perfectestetica.al\/en\/wp-json\/wp\/v2\/media?parent=3435"}],"wp:term":[{"taxonomy":"product_brand","embeddable":true,"href":"https:\/\/perfectestetica.al\/en\/wp-json\/wp\/v2\/product_brand?post=3435"},{"taxonomy":"product_cat","embeddable":true,"href":"https:\/\/perfectestetica.al\/en\/wp-json\/wp\/v2\/product_cat?post=3435"},{"taxonomy":"product_tag","embeddable":true,"href":"https:\/\/perfectestetica.al\/en\/wp-json\/wp\/v2\/product_tag?post=3435"}],"curies":[{"name":"wp","href":"https:\/\/api.w.org\/{rel}","templated":true}]}}