{"id":3432,"date":"2023-02-03T23:18:33","date_gmt":"2023-02-03T22:18:33","guid":{"rendered":"https:\/\/perfectestetica.al\/?post_type=product&#038;p=3432"},"modified":"2023-02-03T23:18:33","modified_gmt":"2023-02-03T22:18:33","slug":"clarifying-active-mask","status":"publish","type":"product","link":"https:\/\/perfectestetica.al\/en\/product\/clarifying-active-mask\/","title":{"rendered":"Clarifying Active Mask"},"content":{"rendered":"","protected":false},"excerpt":{"rendered":"<p>Mask\u00eb eksfoliante, pastruese dhe qet\u00ebsuese, p\u00ebr l\u00ebkur\u00ebn e prirur p\u00ebr akne, t\u00eb yndyrshme dhe t\u00eb kombinuar.<\/p>\n<p>Veprimi: Kombinon argjil\u00ebn me derivate t\u00eb acidit salicilik, panthenol, aloe vera dhe kamomil. Qet\u00ebson l\u00ebkur\u00ebn nga irritimi intensiv, zvog\u00eblon sebumin e tep\u00ebrt, balancon yndyr\u00ebn dhe funksionin e barrier\u00ebs hidrolipidike, dhe zvog\u00eblon poret duke p\u00ebrmir\u00ebsuar tekstur\u00ebn e l\u00ebkur\u00ebs. Ka veprim antimikrobial dhe antiinflamator. Rekomandohet gjithashtu p\u00ebr p\u00ebrdorim t\u00eb p\u00ebrgjithsh\u00ebm pas terapive t\u00eb pastrimit t\u00eb thell\u00eb.<\/p>\n<p>P\u00ebrdorimi: Aplikoni nj\u00eb shtres\u00eb t\u00eb trash\u00eb, l\u00ebreni t\u00eb thahet dhe hiqeni me uj\u00eb.<\/p>\n<p>Ingredient\u00ebt kryesor\u00eb: A-Bisabolol, Metil Salicylate, Allantoin, Aloe Vera, Panthenol, Normaseb, Ekstrakti Willowherb Kanadez, Oil Manuka, Kaolin.<\/p>\n<table class=\"woocommerce-product-attributes shop_attributes\">\n<tbody>\n<tr class=\"woocommerce-product-attributes-item woocommerce-product-attributes-item--attribute_pa_size\">\n<th class=\"woocommerce-product-attributes-item__label\">Paketimi<\/th>\n<td class=\"woocommerce-product-attributes-item__value\">50mL<\/td>\n<\/tr>\n<tr class=\"woocommerce-product-attributes-item woocommerce-product-attributes-item--attribute_pa_llojet-e-lekures\">\n<th class=\"woocommerce-product-attributes-item__label\">Llojet e l\u00ebkur\u00ebs<\/th>\n<td class=\"woocommerce-product-attributes-item__value\">akneike, e yndyrshme<\/td>\n<\/tr>\n<\/tbody>\n<\/table>","protected":false},"featured_media":3433,"comment_status":"open","ping_status":"closed","template":"","meta":[],"product_brand":[],"product_cat":[62],"product_tag":[],"class_list":{"0":"post-3432","1":"product","2":"type-product","3":"status-publish","4":"has-post-thumbnail","6":"product_cat-akne","8":"first","9":"instock","10":"shipping-taxable","11":"purchasable","12":"product-type-simple"},"_links":{"self":[{"href":"https:\/\/perfectestetica.al\/en\/wp-json\/wp\/v2\/product\/3432","targetHints":{"allow":["GET"]}}],"collection":[{"href":"https:\/\/perfectestetica.al\/en\/wp-json\/wp\/v2\/product"}],"about":[{"href":"https:\/\/perfectestetica.al\/en\/wp-json\/wp\/v2\/types\/product"}],"replies":[{"embeddable":true,"href":"https:\/\/perfectestetica.al\/en\/wp-json\/wp\/v2\/comments?post=3432"}],"version-history":[{"count":1,"href":"https:\/\/perfectestetica.al\/en\/wp-json\/wp\/v2\/product\/3432\/revisions"}],"predecessor-version":[{"id":3434,"href":"https:\/\/perfectestetica.al\/en\/wp-json\/wp\/v2\/product\/3432\/revisions\/3434"}],"wp:featuredmedia":[{"embeddable":true,"href":"https:\/\/perfectestetica.al\/en\/wp-json\/wp\/v2\/media\/3433"}],"wp:attachment":[{"href":"https:\/\/perfectestetica.al\/en\/wp-json\/wp\/v2\/media?parent=3432"}],"wp:term":[{"taxonomy":"product_brand","embeddable":true,"href":"https:\/\/perfectestetica.al\/en\/wp-json\/wp\/v2\/product_brand?post=3432"},{"taxonomy":"product_cat","embeddable":true,"href":"https:\/\/perfectestetica.al\/en\/wp-json\/wp\/v2\/product_cat?post=3432"},{"taxonomy":"product_tag","embeddable":true,"href":"https:\/\/perfectestetica.al\/en\/wp-json\/wp\/v2\/product_tag?post=3432"}],"curies":[{"name":"wp","href":"https:\/\/api.w.org\/{rel}","templated":true}]}}