{"id":3429,"date":"2023-02-03T23:18:00","date_gmt":"2023-02-03T22:18:00","guid":{"rendered":"https:\/\/perfectestetica.al\/?post_type=product&#038;p=3429"},"modified":"2023-02-03T23:18:01","modified_gmt":"2023-02-03T22:18:01","slug":"clarifying-active-lotion","status":"publish","type":"product","link":"https:\/\/perfectestetica.al\/en\/product\/clarifying-active-lotion\/","title":{"rendered":"Clarifying Active Lotion"},"content":{"rendered":"","protected":false},"excerpt":{"rendered":"<p>Pastrues tonik p\u00ebr l\u00ebkur\u00ebn e yndyrshme dhe t\u00eb prirur p\u00ebr akne.<\/p>\n<p>Vperimi: Nj\u00eb locion q\u00eb kombinon veprimin e specializuar t\u00eb Canadian Willowherb q\u00eb inhibon bakterin Propionibacterium Acnes, p\u00ebrgjegj\u00ebs p\u00ebr aknet. P\u00ebrb\u00ebr\u00ebsit e tij reduktojn\u00eb sebumin e tep\u00ebrt, zvog\u00eblojn\u00eb yndyr\u00ebn dhe poret, pa shkaktuar irritim. Gjithashtu, ofrojn\u00eb nj\u00eb trajtim efektiv ndaj d\u00ebmtimeve nga aknet. Mimosa Extract dhe Extract Calendula, sigurojn\u00eb efekt anti-inflamator, rigjenerues dhe antioksidues dhe trajtojn\u00eb irritimin e l\u00ebkur\u00ebs.<\/p>\n<p>P\u00ebrdorimi: Apliko nj\u00eb sasi t\u00eb vog\u00ebl n\u00eb fytyr\u00eb duke p\u00ebrdorur nj\u00eb pambuk.<\/p>\n<p>Ingredient\u00ebt kryesor\u00eb: Allantoin, Mentha Essential Oil, Calendula Extract, Mandarine Extract, Mimosa Extract, Canadian Willowherb Extract, 10-Hda (Royal Jelly Mimetic), Azelaic Acid-Glycine Complex.<\/p>\n<table class=\"woocommerce-product-attributes shop_attributes\">\n<tbody>\n<tr class=\"woocommerce-product-attributes-item woocommerce-product-attributes-item--attribute_pa_size\">\n<th class=\"woocommerce-product-attributes-item__label\">Paketimi<\/th>\n<td class=\"woocommerce-product-attributes-item__value\">210mL<\/td>\n<\/tr>\n<tr class=\"woocommerce-product-attributes-item woocommerce-product-attributes-item--attribute_pa_llojet-e-lekures\">\n<th class=\"woocommerce-product-attributes-item__label\">Llojet e l\u00ebkur\u00ebs<\/th>\n<td class=\"woocommerce-product-attributes-item__value\">e yndyrshme, mikse<\/td>\n<\/tr>\n<\/tbody>\n<\/table>","protected":false},"featured_media":3430,"comment_status":"open","ping_status":"closed","template":"","meta":[],"product_brand":[],"product_cat":[62],"product_tag":[],"class_list":{"0":"post-3429","1":"product","2":"type-product","3":"status-publish","4":"has-post-thumbnail","6":"product_cat-akne","8":"first","9":"instock","10":"shipping-taxable","11":"purchasable","12":"product-type-simple"},"_links":{"self":[{"href":"https:\/\/perfectestetica.al\/en\/wp-json\/wp\/v2\/product\/3429","targetHints":{"allow":["GET"]}}],"collection":[{"href":"https:\/\/perfectestetica.al\/en\/wp-json\/wp\/v2\/product"}],"about":[{"href":"https:\/\/perfectestetica.al\/en\/wp-json\/wp\/v2\/types\/product"}],"replies":[{"embeddable":true,"href":"https:\/\/perfectestetica.al\/en\/wp-json\/wp\/v2\/comments?post=3429"}],"version-history":[{"count":1,"href":"https:\/\/perfectestetica.al\/en\/wp-json\/wp\/v2\/product\/3429\/revisions"}],"predecessor-version":[{"id":3431,"href":"https:\/\/perfectestetica.al\/en\/wp-json\/wp\/v2\/product\/3429\/revisions\/3431"}],"wp:featuredmedia":[{"embeddable":true,"href":"https:\/\/perfectestetica.al\/en\/wp-json\/wp\/v2\/media\/3430"}],"wp:attachment":[{"href":"https:\/\/perfectestetica.al\/en\/wp-json\/wp\/v2\/media?parent=3429"}],"wp:term":[{"taxonomy":"product_brand","embeddable":true,"href":"https:\/\/perfectestetica.al\/en\/wp-json\/wp\/v2\/product_brand?post=3429"},{"taxonomy":"product_cat","embeddable":true,"href":"https:\/\/perfectestetica.al\/en\/wp-json\/wp\/v2\/product_cat?post=3429"},{"taxonomy":"product_tag","embeddable":true,"href":"https:\/\/perfectestetica.al\/en\/wp-json\/wp\/v2\/product_tag?post=3429"}],"curies":[{"name":"wp","href":"https:\/\/api.w.org\/{rel}","templated":true}]}}