{"id":3426,"date":"2023-02-03T23:17:25","date_gmt":"2023-02-03T22:17:25","guid":{"rendered":"https:\/\/perfectestetica.al\/?post_type=product&#038;p=3426"},"modified":"2023-02-03T23:17:25","modified_gmt":"2023-02-03T22:17:25","slug":"clarifying-active-cream","status":"publish","type":"product","link":"https:\/\/perfectestetica.al\/en\/product\/clarifying-active-cream\/","title":{"rendered":"Clarifying Active Cream"},"content":{"rendered":"","protected":false},"excerpt":{"rendered":"<p>Krem intensiv i krijuar posa\u00e7\u00ebrisht p\u00ebr l\u00ebkurat me probleme me aknet.<\/p>\n<p>Veprimi: Canadian Willowherb inhibon veprimin e bakterit p\u00ebrgjegj\u00ebs p\u00ebr aknet. Normaseb dhe Sebopressina reduktojn\u00eb sebumin e tep\u00ebrt, pa shkaktuar that\u00ebsi. Ingredient\u00ebt e tjer\u00eb n\u00eb p\u00ebrb\u00ebrje i japin kremit veti antibakteriale, antiinflamatore dhe qet\u00ebsuese p\u00ebr l\u00ebkur\u00ebn akneike, duke p\u00ebrmir\u00ebsuar k\u00ebshtu pamjen e saj.<\/p>\n<p>P\u00ebrdorimi: Aplikoni nj\u00eb sasi t\u00eb vog\u00ebl n\u00eb t\u00eb gjith\u00eb fytyr\u00ebn 1-2 her\u00eb n\u00eb dit\u00eb, duke masazhuar deri n\u00eb absorbim.<\/p>\n<p>Ingredient\u00ebt kryesor\u00eb: Allantoin, Vaj esencial Mentha, Sebopessina, Manuka Oil, Ekstrakt Mimosa, Aloe Vera, Normaseb 1%, Ekstrakt i Willowherb Kanadez 1%, A-Bisabolol, Azelaic Acid 4%, Polytrap, Ekstrakt Calendula.<\/p>\n<table class=\"woocommerce-product-attributes shop_attributes\">\n<tbody>\n<tr class=\"woocommerce-product-attributes-item woocommerce-product-attributes-item--attribute_pa_size\">\n<th class=\"woocommerce-product-attributes-item__label\">Paketimi<\/th>\n<td class=\"woocommerce-product-attributes-item__value\">50mL<\/td>\n<\/tr>\n<tr class=\"woocommerce-product-attributes-item woocommerce-product-attributes-item--attribute_pa_llojet-e-lekures\">\n<th class=\"woocommerce-product-attributes-item__label\">Llojet e l\u00ebkur\u00ebs<\/th>\n<td class=\"woocommerce-product-attributes-item__value\">akneike, e yndyrshme<\/td>\n<\/tr>\n<\/tbody>\n<\/table>","protected":false},"featured_media":3427,"comment_status":"open","ping_status":"closed","template":"","meta":[],"product_brand":[],"product_cat":[62],"product_tag":[],"class_list":{"0":"post-3426","1":"product","2":"type-product","3":"status-publish","4":"has-post-thumbnail","6":"product_cat-akne","8":"first","9":"instock","10":"shipping-taxable","11":"purchasable","12":"product-type-simple"},"_links":{"self":[{"href":"https:\/\/perfectestetica.al\/en\/wp-json\/wp\/v2\/product\/3426","targetHints":{"allow":["GET"]}}],"collection":[{"href":"https:\/\/perfectestetica.al\/en\/wp-json\/wp\/v2\/product"}],"about":[{"href":"https:\/\/perfectestetica.al\/en\/wp-json\/wp\/v2\/types\/product"}],"replies":[{"embeddable":true,"href":"https:\/\/perfectestetica.al\/en\/wp-json\/wp\/v2\/comments?post=3426"}],"version-history":[{"count":1,"href":"https:\/\/perfectestetica.al\/en\/wp-json\/wp\/v2\/product\/3426\/revisions"}],"predecessor-version":[{"id":3428,"href":"https:\/\/perfectestetica.al\/en\/wp-json\/wp\/v2\/product\/3426\/revisions\/3428"}],"wp:featuredmedia":[{"embeddable":true,"href":"https:\/\/perfectestetica.al\/en\/wp-json\/wp\/v2\/media\/3427"}],"wp:attachment":[{"href":"https:\/\/perfectestetica.al\/en\/wp-json\/wp\/v2\/media?parent=3426"}],"wp:term":[{"taxonomy":"product_brand","embeddable":true,"href":"https:\/\/perfectestetica.al\/en\/wp-json\/wp\/v2\/product_brand?post=3426"},{"taxonomy":"product_cat","embeddable":true,"href":"https:\/\/perfectestetica.al\/en\/wp-json\/wp\/v2\/product_cat?post=3426"},{"taxonomy":"product_tag","embeddable":true,"href":"https:\/\/perfectestetica.al\/en\/wp-json\/wp\/v2\/product_tag?post=3426"}],"curies":[{"name":"wp","href":"https:\/\/api.w.org\/{rel}","templated":true}]}}