{"id":3423,"date":"2023-02-03T23:16:16","date_gmt":"2023-02-03T22:16:16","guid":{"rendered":"https:\/\/perfectestetica.al\/?post_type=product&#038;p=3423"},"modified":"2023-02-03T23:16:16","modified_gmt":"2023-02-03T22:16:16","slug":"double-caviar-%cf%893-%cf%896-serum","status":"publish","type":"product","link":"https:\/\/perfectestetica.al\/en\/product\/double-caviar-%cf%893-%cf%896-serum\/","title":{"rendered":"Double Caviar \u03a93-\u03a96 Serum"},"content":{"rendered":"","protected":false},"excerpt":{"rendered":"<p>Serum ushqyes me caviar i p\u00ebrforcuar me acide yndyrore Omega-3 dhe Omega-6, p\u00ebr l\u00ebkur\u00ebn e lodhur dhe t\u00eb matuaruar.<\/p>\n<p>Veprimi: Ajo ushqen dhe p\u00ebrmir\u00ebson pamjen e l\u00ebkur\u00ebs me rrudha dhe shenja t\u00eb lodhjes, duke e l\u00ebn\u00eb l\u00ebkur\u00ebn t\u00eb tonifikuar dhe freskuar. Produkti \u00ebsht\u00eb i pasur n\u00eb acide yndyrore, vitamina, proteina, aminoacide, Inca Omega Oil, Evening Primrose, t\u00eb cilat s\u00eb bashku kontribuojn\u00eb n\u00eb rregullimin e barrier\u00ebs l\u00ebkurore, mbrojtje t\u00eb membran\u00ebs qelizore dhe krijimin e filtrave me veti mbrojt\u00ebse p\u00ebr l\u00ebkur\u00ebn e lodhur.<\/p>\n<p>P\u00ebrdorimi: Apliko nj\u00eb sasi t\u00eb vog\u00ebl n\u00eb l\u00ebkur\u00ebn e pastruar, duke masazhuar derisa t\u00eb p\u00ebrthithet. Shkunde mir\u00eb p\u00ebrpara p\u00ebrdorimit.<\/p>\n<p>Ingredient\u00ebt kryesor\u00eb: Caviar i Zi, Salmo Ovum, Vaj Inca Omega (\u03a93, \u03a96, \u03a99, Tocopherol), Vitamina F (Acidi Linoleic, Acidi Linolenic), Evening Primrose Oil, Vitamina E, Aloe Vera.<\/p>\n<table class=\"woocommerce-product-attributes shop_attributes\">\n<tbody>\n<tr class=\"woocommerce-product-attributes-item woocommerce-product-attributes-item--attribute_pa_size\">\n<th class=\"woocommerce-product-attributes-item__label\">Paketimi<\/th>\n<td class=\"woocommerce-product-attributes-item__value\">20mL<\/td>\n<\/tr>\n<tr class=\"woocommerce-product-attributes-item woocommerce-product-attributes-item--attribute_pa_llojet-e-lekures\">\n<th class=\"woocommerce-product-attributes-item__label\">Llojet e l\u00ebkur\u00ebs<\/th>\n<td class=\"woocommerce-product-attributes-item__value\">dehidratuar, t\u00eb gjitha llojet<\/td>\n<\/tr>\n<\/tbody>\n<\/table>","protected":false},"featured_media":3424,"comment_status":"open","ping_status":"closed","template":"","meta":[],"product_brand":[],"product_cat":[61],"product_tag":[],"class_list":{"0":"post-3423","1":"product","2":"type-product","3":"status-publish","4":"has-post-thumbnail","6":"product_cat-caviar-therapy","8":"first","9":"instock","10":"shipping-taxable","11":"purchasable","12":"product-type-simple"},"_links":{"self":[{"href":"https:\/\/perfectestetica.al\/en\/wp-json\/wp\/v2\/product\/3423","targetHints":{"allow":["GET"]}}],"collection":[{"href":"https:\/\/perfectestetica.al\/en\/wp-json\/wp\/v2\/product"}],"about":[{"href":"https:\/\/perfectestetica.al\/en\/wp-json\/wp\/v2\/types\/product"}],"replies":[{"embeddable":true,"href":"https:\/\/perfectestetica.al\/en\/wp-json\/wp\/v2\/comments?post=3423"}],"version-history":[{"count":1,"href":"https:\/\/perfectestetica.al\/en\/wp-json\/wp\/v2\/product\/3423\/revisions"}],"predecessor-version":[{"id":3425,"href":"https:\/\/perfectestetica.al\/en\/wp-json\/wp\/v2\/product\/3423\/revisions\/3425"}],"wp:featuredmedia":[{"embeddable":true,"href":"https:\/\/perfectestetica.al\/en\/wp-json\/wp\/v2\/media\/3424"}],"wp:attachment":[{"href":"https:\/\/perfectestetica.al\/en\/wp-json\/wp\/v2\/media?parent=3423"}],"wp:term":[{"taxonomy":"product_brand","embeddable":true,"href":"https:\/\/perfectestetica.al\/en\/wp-json\/wp\/v2\/product_brand?post=3423"},{"taxonomy":"product_cat","embeddable":true,"href":"https:\/\/perfectestetica.al\/en\/wp-json\/wp\/v2\/product_cat?post=3423"},{"taxonomy":"product_tag","embeddable":true,"href":"https:\/\/perfectestetica.al\/en\/wp-json\/wp\/v2\/product_tag?post=3423"}],"curies":[{"name":"wp","href":"https:\/\/api.w.org\/{rel}","templated":true}]}}