{"id":3420,"date":"2023-02-03T23:15:39","date_gmt":"2023-02-03T22:15:39","guid":{"rendered":"https:\/\/perfectestetica.al\/?post_type=product&#038;p=3420"},"modified":"2023-02-03T23:15:39","modified_gmt":"2023-02-03T22:15:39","slug":"caviar-%cf%893-%cf%896-mask","status":"publish","type":"product","link":"https:\/\/perfectestetica.al\/en\/product\/caviar-%cf%893-%cf%896-mask\/","title":{"rendered":"Caviar \u03a93-\u03a96 Mask"},"content":{"rendered":"","protected":false},"excerpt":{"rendered":"<p>Mask\u00eb p\u00ebr fytyr\u00ebn, me caviar, e p\u00ebrforcuar me acide yndyrore Omega-3 Omega-6, p\u00ebr l\u00ebkur\u00eb t\u00eb lodhur dhe t\u00eb maturuar.<\/p>\n<p>Veprimi: Hidraton duke forcuar barrir\u00ebn l\u00ebkurore dhe reduktuar humbjen e ujit, stimulon prodhimin natyral t\u00eb kolagjenit. Vitamina F dhe oligopeptidet Matrixyl 3000 kan\u00eb forcojn\u00eb mbrojtjen e l\u00ebkur\u00ebs, reduktojn\u00eb rrudhat dhe linjat e mimik\u00ebs, ashp\u00ebrsin\u00eb e l\u00ebkur\u00ebs dhe stimulojn\u00eb prodhimin e kolagjenit dhe fibronektin\u00ebs. P\u00ebrb\u00ebr\u00ebsi i tij Chromocare krijon efekt t\u00eb fort\u00eb anti-age.<\/p>\n<p>P\u00ebrdorimi: Apliko nj\u00eb shtres\u00eb t\u00eb trash\u00eb, l\u00ebre t\u00eb thahet pjes\u00ebrisht, masazhoje teksa e heq me uj\u00eb.<\/p>\n<p>Ingredient\u00ebt kryesor\u00eb: Caviar i Zi, Salmo Ovum, Chromocare, Matrixyl 3000, Vitamina F (Linoleic Acid, Acidi Linolenic), Kompleksi i vitaminave E-C-F, Vaji i Avokados, Shea Butter, Kaolin, Red Clay.<\/p>\n<table class=\"woocommerce-product-attributes shop_attributes\">\n<tbody>\n<tr class=\"woocommerce-product-attributes-item woocommerce-product-attributes-item--attribute_pa_size\">\n<th class=\"woocommerce-product-attributes-item__label\">Paketimi<\/th>\n<td class=\"woocommerce-product-attributes-item__value\">50mL<\/td>\n<\/tr>\n<tr class=\"woocommerce-product-attributes-item woocommerce-product-attributes-item--attribute_pa_llojet-e-lekures\">\n<th class=\"woocommerce-product-attributes-item__label\">Llojet e l\u00ebkur\u00ebs<\/th>\n<td class=\"woocommerce-product-attributes-item__value\">dehidratuar, t\u00eb gjitha llojet<\/td>\n<\/tr>\n<\/tbody>\n<\/table>","protected":false},"featured_media":3421,"comment_status":"open","ping_status":"closed","template":"","meta":[],"product_brand":[],"product_cat":[61],"product_tag":[],"class_list":{"0":"post-3420","1":"product","2":"type-product","3":"status-publish","4":"has-post-thumbnail","6":"product_cat-caviar-therapy","8":"first","9":"instock","10":"shipping-taxable","11":"purchasable","12":"product-type-simple"},"_links":{"self":[{"href":"https:\/\/perfectestetica.al\/en\/wp-json\/wp\/v2\/product\/3420","targetHints":{"allow":["GET"]}}],"collection":[{"href":"https:\/\/perfectestetica.al\/en\/wp-json\/wp\/v2\/product"}],"about":[{"href":"https:\/\/perfectestetica.al\/en\/wp-json\/wp\/v2\/types\/product"}],"replies":[{"embeddable":true,"href":"https:\/\/perfectestetica.al\/en\/wp-json\/wp\/v2\/comments?post=3420"}],"version-history":[{"count":1,"href":"https:\/\/perfectestetica.al\/en\/wp-json\/wp\/v2\/product\/3420\/revisions"}],"predecessor-version":[{"id":3422,"href":"https:\/\/perfectestetica.al\/en\/wp-json\/wp\/v2\/product\/3420\/revisions\/3422"}],"wp:featuredmedia":[{"embeddable":true,"href":"https:\/\/perfectestetica.al\/en\/wp-json\/wp\/v2\/media\/3421"}],"wp:attachment":[{"href":"https:\/\/perfectestetica.al\/en\/wp-json\/wp\/v2\/media?parent=3420"}],"wp:term":[{"taxonomy":"product_brand","embeddable":true,"href":"https:\/\/perfectestetica.al\/en\/wp-json\/wp\/v2\/product_brand?post=3420"},{"taxonomy":"product_cat","embeddable":true,"href":"https:\/\/perfectestetica.al\/en\/wp-json\/wp\/v2\/product_cat?post=3420"},{"taxonomy":"product_tag","embeddable":true,"href":"https:\/\/perfectestetica.al\/en\/wp-json\/wp\/v2\/product_tag?post=3420"}],"curies":[{"name":"wp","href":"https:\/\/api.w.org\/{rel}","templated":true}]}}