{"id":3417,"date":"2023-02-03T23:14:53","date_gmt":"2023-02-03T22:14:53","guid":{"rendered":"https:\/\/perfectestetica.al\/?post_type=product&#038;p=3417"},"modified":"2023-02-03T23:14:53","modified_gmt":"2023-02-03T22:14:53","slug":"caviar-%cf%893-%cf%896-eye-cream","status":"publish","type":"product","link":"https:\/\/perfectestetica.al\/en\/product\/caviar-%cf%893-%cf%896-eye-cream\/","title":{"rendered":"Caviar \u03a93-\u03a96 Eye Cream"},"content":{"rendered":"","protected":false},"excerpt":{"rendered":"<p>Krem me caviar p\u00ebr zon\u00ebn e syve, i p\u00ebrforcuar me acide yndyrore Omega-3 dhe Omega-6, t\u00eb destinuara posa\u00e7\u00ebrisht p\u00ebr zon\u00ebn p\u00ebrreth syve.<\/p>\n<p>Veprimi: Hidraton duke forcuar barrir\u00ebn l\u00ebkurore dhe reduktuar humbjen e ujit, stimulon prodhimin natyral t\u00eb kolagjenit dhe p\u00ebrmir\u00ebson pamjen n\u00eb zon\u00ebn e syve, duke zvog\u00ebluar rrudhat, rrath\u00ebt e zinj dhe enjtjen e syve.<\/p>\n<p>P\u00ebrdorimi: Apliko p\u00ebrreth syve (jo n\u00eb qepall\u00eb) dhe masazho but\u00ebsisht derisa t\u00eb p\u00ebrthithet.<\/p>\n<p>Ingredient\u00ebt kryesor\u00eb: Caviar i Zi, Salmo Ovum, Moist 24, Matrixyl, Kafein\u00eb, Vitamina E, Vitamina F (Acidi Linoleik, Acidi Linolenic), A-Bisabolol, Panthenol.<\/p>\n<table class=\"woocommerce-product-attributes shop_attributes\">\n<tbody>\n<tr class=\"woocommerce-product-attributes-item woocommerce-product-attributes-item--attribute_pa_size\">\n<th class=\"woocommerce-product-attributes-item__label\">Paketimi<\/th>\n<td class=\"woocommerce-product-attributes-item__value\">20mL<\/td>\n<\/tr>\n<tr class=\"woocommerce-product-attributes-item woocommerce-product-attributes-item--attribute_pa_llojet-e-lekures\">\n<th class=\"woocommerce-product-attributes-item__label\">Llojet e l\u00ebkur\u00ebs<\/th>\n<td class=\"woocommerce-product-attributes-item__value\">t\u00eb gjitha llojet<\/td>\n<\/tr>\n<\/tbody>\n<\/table>","protected":false},"featured_media":3418,"comment_status":"open","ping_status":"closed","template":"","meta":[],"product_brand":[],"product_cat":[61],"product_tag":[],"class_list":{"0":"post-3417","1":"product","2":"type-product","3":"status-publish","4":"has-post-thumbnail","6":"product_cat-caviar-therapy","8":"first","9":"instock","10":"shipping-taxable","11":"purchasable","12":"product-type-simple"},"_links":{"self":[{"href":"https:\/\/perfectestetica.al\/en\/wp-json\/wp\/v2\/product\/3417","targetHints":{"allow":["GET"]}}],"collection":[{"href":"https:\/\/perfectestetica.al\/en\/wp-json\/wp\/v2\/product"}],"about":[{"href":"https:\/\/perfectestetica.al\/en\/wp-json\/wp\/v2\/types\/product"}],"replies":[{"embeddable":true,"href":"https:\/\/perfectestetica.al\/en\/wp-json\/wp\/v2\/comments?post=3417"}],"version-history":[{"count":1,"href":"https:\/\/perfectestetica.al\/en\/wp-json\/wp\/v2\/product\/3417\/revisions"}],"predecessor-version":[{"id":3419,"href":"https:\/\/perfectestetica.al\/en\/wp-json\/wp\/v2\/product\/3417\/revisions\/3419"}],"wp:featuredmedia":[{"embeddable":true,"href":"https:\/\/perfectestetica.al\/en\/wp-json\/wp\/v2\/media\/3418"}],"wp:attachment":[{"href":"https:\/\/perfectestetica.al\/en\/wp-json\/wp\/v2\/media?parent=3417"}],"wp:term":[{"taxonomy":"product_brand","embeddable":true,"href":"https:\/\/perfectestetica.al\/en\/wp-json\/wp\/v2\/product_brand?post=3417"},{"taxonomy":"product_cat","embeddable":true,"href":"https:\/\/perfectestetica.al\/en\/wp-json\/wp\/v2\/product_cat?post=3417"},{"taxonomy":"product_tag","embeddable":true,"href":"https:\/\/perfectestetica.al\/en\/wp-json\/wp\/v2\/product_tag?post=3417"}],"curies":[{"name":"wp","href":"https:\/\/api.w.org\/{rel}","templated":true}]}}