{"id":3414,"date":"2023-02-03T23:13:46","date_gmt":"2023-02-03T22:13:46","guid":{"rendered":"https:\/\/perfectestetica.al\/?post_type=product&#038;p=3414"},"modified":"2023-02-03T23:13:46","modified_gmt":"2023-02-03T22:13:46","slug":"caviar-%cf%893-%cf%896-cream","status":"publish","type":"product","link":"https:\/\/perfectestetica.al\/en\/product\/caviar-%cf%893-%cf%896-cream\/","title":{"rendered":"Caviar \u03a93-\u03a96 Cream"},"content":{"rendered":"","protected":false},"excerpt":{"rendered":"<p>Krem \u200b\u200bp\u00ebr fytyr\u00ebn me caviar, i p\u00ebrforcuar me acide yndyrore Omega-3 Omega-6, p\u00ebr l\u00ebkur\u00eb t\u00eb maturuar, t\u00eb lodhur dhe pa jet\u00eb.<\/p>\n<p>Veprimi: Hidraton duke forcuar barrir\u00ebn l\u00ebkurore dhe reduktuar humbjen e ujit, stimulon prodhimin natyral t\u00eb kolagjenit. Venecuane ka veprim t\u00eb rend\u00ebsish\u00ebm antioksidant dhe mbrojt\u00ebs nga d\u00ebmtimi i rrezatimit UV. P\u00ebrb\u00ebr\u00ebsit e tij rregullojn\u00eb nivelet e fibronektin\u00ebs, duke ndikuar n\u00eb balanc\u00ebn hidrike. Krijon kushtet p\u00ebr nj\u00eb l\u00ebkur\u00eb t\u00eb sh\u00ebndetshme dhe pa rrudha, pasoj\u00eb e efektit t\u00eb fort\u00eb anti-age.<\/p>\n<p>P\u00ebrdorimi: Apliko nj\u00eb sasi t\u00eb vog\u00ebl n\u00eb t\u00ebr\u00eb fytyr\u00ebn 1 deri n\u00eb 2 her\u00eb n\u00eb dit\u00eb, duke e masazhuar deri n\u00eb absorbim.<\/p>\n<p>Ingredient\u00ebt kryesor\u00eb: Caviar i zi, Salmo Ovum, Filagrinol, Vitamina F (Acidi Linoleik, Acidi Linolenik), Venecan, Allantoin.<\/p>\n<table class=\"woocommerce-product-attributes shop_attributes\">\n<tbody>\n<tr class=\"woocommerce-product-attributes-item woocommerce-product-attributes-item--attribute_pa_size\">\n<th class=\"woocommerce-product-attributes-item__label\">Paketimi<\/th>\n<td class=\"woocommerce-product-attributes-item__value\">50mL<\/td>\n<\/tr>\n<tr class=\"woocommerce-product-attributes-item woocommerce-product-attributes-item--attribute_pa_llojet-e-lekures\">\n<th class=\"woocommerce-product-attributes-item__label\">Llojet e l\u00ebkur\u00ebs<\/th>\n<td class=\"woocommerce-product-attributes-item__value\">dehidratuar, t\u00eb gjitha llojet<\/td>\n<\/tr>\n<\/tbody>\n<\/table>","protected":false},"featured_media":3415,"comment_status":"open","ping_status":"closed","template":"","meta":[],"product_brand":[],"product_cat":[61],"product_tag":[],"class_list":{"0":"post-3414","1":"product","2":"type-product","3":"status-publish","4":"has-post-thumbnail","6":"product_cat-caviar-therapy","8":"first","9":"instock","10":"shipping-taxable","11":"purchasable","12":"product-type-simple"},"_links":{"self":[{"href":"https:\/\/perfectestetica.al\/en\/wp-json\/wp\/v2\/product\/3414","targetHints":{"allow":["GET"]}}],"collection":[{"href":"https:\/\/perfectestetica.al\/en\/wp-json\/wp\/v2\/product"}],"about":[{"href":"https:\/\/perfectestetica.al\/en\/wp-json\/wp\/v2\/types\/product"}],"replies":[{"embeddable":true,"href":"https:\/\/perfectestetica.al\/en\/wp-json\/wp\/v2\/comments?post=3414"}],"version-history":[{"count":1,"href":"https:\/\/perfectestetica.al\/en\/wp-json\/wp\/v2\/product\/3414\/revisions"}],"predecessor-version":[{"id":3416,"href":"https:\/\/perfectestetica.al\/en\/wp-json\/wp\/v2\/product\/3414\/revisions\/3416"}],"wp:featuredmedia":[{"embeddable":true,"href":"https:\/\/perfectestetica.al\/en\/wp-json\/wp\/v2\/media\/3415"}],"wp:attachment":[{"href":"https:\/\/perfectestetica.al\/en\/wp-json\/wp\/v2\/media?parent=3414"}],"wp:term":[{"taxonomy":"product_brand","embeddable":true,"href":"https:\/\/perfectestetica.al\/en\/wp-json\/wp\/v2\/product_brand?post=3414"},{"taxonomy":"product_cat","embeddable":true,"href":"https:\/\/perfectestetica.al\/en\/wp-json\/wp\/v2\/product_cat?post=3414"},{"taxonomy":"product_tag","embeddable":true,"href":"https:\/\/perfectestetica.al\/en\/wp-json\/wp\/v2\/product_tag?post=3414"}],"curies":[{"name":"wp","href":"https:\/\/api.w.org\/{rel}","templated":true}]}}