{"id":3411,"date":"2023-02-03T23:11:42","date_gmt":"2023-02-03T22:11:42","guid":{"rendered":"https:\/\/perfectestetica.al\/?post_type=product&#038;p=3411"},"modified":"2023-02-03T23:11:42","modified_gmt":"2023-02-03T22:11:42","slug":"retinoid-c-serum","status":"publish","type":"product","link":"https:\/\/perfectestetica.al\/en\/product\/retinoid-c-serum\/","title":{"rendered":"Retinoid C Serum"},"content":{"rendered":"","protected":false},"excerpt":{"rendered":"<p>Serum riparues, antioksidues p\u00ebr t\u00eb gjitha llojet e l\u00ebkur\u00ebs.<\/p>\n<p>Veprimi: P\u00ebrmir\u00ebson pamjen dhe cil\u00ebsin\u00eb e l\u00ebkur\u00ebs me rrudha t\u00eb im\u00ebta, probleme me pigmentimin dhe njolla t\u00eb err\u00ebta, duke rritur shk\u00eblqimin e saj dhe duke rezultuar n\u00eb nj\u00eb ton t\u00eb barabart\u00eb t\u00eb l\u00ebkur\u00ebs. Mbron l\u00ebkur\u00ebn nga stresi oksidativ. Rregullon tekstur\u00ebn e l\u00ebkur\u00ebs dhe ofron shum\u00eb efekte, fal\u00eb kombinimit potent t\u00eb Retinoid HPR dhe vitamin\u00ebs C.<\/p>\n<p>P\u00ebrdorimi: Apliko nj\u00eb sasi t\u00eb vog\u00ebl n\u00eb l\u00ebkur\u00ebn e pastruar duke masazhuar derisa t\u00eb p\u00ebrthithet.<\/p>\n<p>Ingredient\u00ebt kryesor\u00eb: Retinoid 1%, Acidi askorbik (Acidi 3-O-etilik askorbik), Vitamina E, Panthenol.<\/p>\n<table class=\"woocommerce-product-attributes shop_attributes\">\n<tbody>\n<tr class=\"woocommerce-product-attributes-item woocommerce-product-attributes-item--attribute_pa_size\">\n<th class=\"woocommerce-product-attributes-item__label\">Paketimi<\/th>\n<td class=\"woocommerce-product-attributes-item__value\">20mL<\/td>\n<\/tr>\n<tr class=\"woocommerce-product-attributes-item woocommerce-product-attributes-item--attribute_pa_llojet-e-lekures\">\n<th class=\"woocommerce-product-attributes-item__label\">Llojet e l\u00ebkur\u00ebs<\/th>\n<td class=\"woocommerce-product-attributes-item__value\">t\u00eb gjitha llojet<\/td>\n<\/tr>\n<\/tbody>\n<\/table>","protected":false},"featured_media":3412,"comment_status":"open","ping_status":"closed","template":"","meta":[],"product_brand":[],"product_cat":[60],"product_tag":[],"class_list":{"0":"post-3411","1":"product","2":"type-product","3":"status-publish","4":"has-post-thumbnail","6":"product_cat-retin-repair","8":"first","9":"instock","10":"shipping-taxable","11":"purchasable","12":"product-type-simple"},"_links":{"self":[{"href":"https:\/\/perfectestetica.al\/en\/wp-json\/wp\/v2\/product\/3411","targetHints":{"allow":["GET"]}}],"collection":[{"href":"https:\/\/perfectestetica.al\/en\/wp-json\/wp\/v2\/product"}],"about":[{"href":"https:\/\/perfectestetica.al\/en\/wp-json\/wp\/v2\/types\/product"}],"replies":[{"embeddable":true,"href":"https:\/\/perfectestetica.al\/en\/wp-json\/wp\/v2\/comments?post=3411"}],"version-history":[{"count":1,"href":"https:\/\/perfectestetica.al\/en\/wp-json\/wp\/v2\/product\/3411\/revisions"}],"predecessor-version":[{"id":3413,"href":"https:\/\/perfectestetica.al\/en\/wp-json\/wp\/v2\/product\/3411\/revisions\/3413"}],"wp:featuredmedia":[{"embeddable":true,"href":"https:\/\/perfectestetica.al\/en\/wp-json\/wp\/v2\/media\/3412"}],"wp:attachment":[{"href":"https:\/\/perfectestetica.al\/en\/wp-json\/wp\/v2\/media?parent=3411"}],"wp:term":[{"taxonomy":"product_brand","embeddable":true,"href":"https:\/\/perfectestetica.al\/en\/wp-json\/wp\/v2\/product_brand?post=3411"},{"taxonomy":"product_cat","embeddable":true,"href":"https:\/\/perfectestetica.al\/en\/wp-json\/wp\/v2\/product_cat?post=3411"},{"taxonomy":"product_tag","embeddable":true,"href":"https:\/\/perfectestetica.al\/en\/wp-json\/wp\/v2\/product_tag?post=3411"}],"curies":[{"name":"wp","href":"https:\/\/api.w.org\/{rel}","templated":true}]}}