{"id":3408,"date":"2023-02-03T23:11:03","date_gmt":"2023-02-03T22:11:03","guid":{"rendered":"https:\/\/perfectestetica.al\/?post_type=product&#038;p=3408"},"modified":"2023-02-03T23:11:03","modified_gmt":"2023-02-03T22:11:03","slug":"retinoid-c-cream","status":"publish","type":"product","link":"https:\/\/perfectestetica.al\/en\/product\/retinoid-c-cream\/","title":{"rendered":"Retinoid C Cream"},"content":{"rendered":"","protected":false},"excerpt":{"rendered":"<p>&nbsp;<\/p>\n<p>Krem revitalizues, \u200b\u200bantioksidues p\u00ebr fytyr\u00ebn p\u00ebr t\u00eb gjitha llojet e l\u00ebkur\u00ebs.<\/p>\n<p>Veprimi: Kombinimi i Retinoid HPR, vitamin\u00ebs C dhe acidit hialuronik p\u00ebr p\u00ebrmir\u00ebsimin e pamjes dhe cil\u00ebsis\u00eb s\u00eb l\u00ebkur\u00ebs me vija t\u00eb im\u00ebta, rrudha, njolla diskromike dhe shenja aknesh. Nj\u00eb gam\u00eb e gjer\u00eb p\u00ebrb\u00ebr\u00ebsish ushqyes rrit elasticitetin, hidratimin, rigjenerimin, dhe shk\u00eblqimin e l\u00ebkur\u00ebs, duke i dh\u00ebn\u00eb shk\u00eblqim dhe freskim.<\/p>\n<p>P\u00ebrdorimi: Apliko nj\u00eb sasi t\u00eb vog\u00ebl n\u00eb t\u00ebr\u00eb fytyr\u00ebn 1 deri n\u00eb 2 her\u00eb n\u00eb dit\u00eb, duke masazhuar deri n\u00eb absorbim.<\/p>\n<p>Ingredient\u00ebt kryesor\u00eb: Retinoid 0,5%, Acidi 3-O-etilik askorbik, Acid Hyaluronic MMW, Ekstrakti Centella, Vitamina E, Vaj Jojoba, Vaj Kajsi, Shea Butter, Panthenol.<\/p>\n<table class=\"woocommerce-product-attributes shop_attributes\">\n<tbody>\n<tr class=\"woocommerce-product-attributes-item woocommerce-product-attributes-item--attribute_pa_size\">\n<th class=\"woocommerce-product-attributes-item__label\">Paketimi<\/th>\n<td class=\"woocommerce-product-attributes-item__value\">50mL<\/td>\n<\/tr>\n<tr class=\"woocommerce-product-attributes-item woocommerce-product-attributes-item--attribute_pa_llojet-e-lekures\">\n<th class=\"woocommerce-product-attributes-item__label\">Llojet e l\u00ebkur\u00ebs<\/th>\n<td class=\"woocommerce-product-attributes-item__value\">t\u00eb gjitha llojet<\/td>\n<\/tr>\n<\/tbody>\n<\/table>","protected":false},"featured_media":3409,"comment_status":"open","ping_status":"closed","template":"","meta":[],"product_brand":[],"product_cat":[60],"product_tag":[],"class_list":{"0":"post-3408","1":"product","2":"type-product","3":"status-publish","4":"has-post-thumbnail","6":"product_cat-retin-repair","8":"first","9":"instock","10":"shipping-taxable","11":"purchasable","12":"product-type-simple"},"_links":{"self":[{"href":"https:\/\/perfectestetica.al\/en\/wp-json\/wp\/v2\/product\/3408","targetHints":{"allow":["GET"]}}],"collection":[{"href":"https:\/\/perfectestetica.al\/en\/wp-json\/wp\/v2\/product"}],"about":[{"href":"https:\/\/perfectestetica.al\/en\/wp-json\/wp\/v2\/types\/product"}],"replies":[{"embeddable":true,"href":"https:\/\/perfectestetica.al\/en\/wp-json\/wp\/v2\/comments?post=3408"}],"version-history":[{"count":1,"href":"https:\/\/perfectestetica.al\/en\/wp-json\/wp\/v2\/product\/3408\/revisions"}],"predecessor-version":[{"id":3410,"href":"https:\/\/perfectestetica.al\/en\/wp-json\/wp\/v2\/product\/3408\/revisions\/3410"}],"wp:featuredmedia":[{"embeddable":true,"href":"https:\/\/perfectestetica.al\/en\/wp-json\/wp\/v2\/media\/3409"}],"wp:attachment":[{"href":"https:\/\/perfectestetica.al\/en\/wp-json\/wp\/v2\/media?parent=3408"}],"wp:term":[{"taxonomy":"product_brand","embeddable":true,"href":"https:\/\/perfectestetica.al\/en\/wp-json\/wp\/v2\/product_brand?post=3408"},{"taxonomy":"product_cat","embeddable":true,"href":"https:\/\/perfectestetica.al\/en\/wp-json\/wp\/v2\/product_cat?post=3408"},{"taxonomy":"product_tag","embeddable":true,"href":"https:\/\/perfectestetica.al\/en\/wp-json\/wp\/v2\/product_tag?post=3408"}],"curies":[{"name":"wp","href":"https:\/\/api.w.org\/{rel}","templated":true}]}}