{"id":3402,"date":"2023-02-03T23:07:57","date_gmt":"2023-02-03T22:07:57","guid":{"rendered":"https:\/\/perfectestetica.al\/?post_type=product&#038;p=3402"},"modified":"2023-02-03T23:08:24","modified_gmt":"2023-02-03T22:08:24","slug":"tan-oil-spf6","status":"publish","type":"product","link":"https:\/\/perfectestetica.al\/en\/product\/tan-oil-spf6\/","title":{"rendered":"Tan Oil SPF6"},"content":{"rendered":"","protected":false},"excerpt":{"rendered":"<p>Vaj trupi p\u00ebr nxitje intense dhe mbrojtje SPF6.<\/p>\n<p>Krijon nj\u00eb nxirje trupi intense, afatgjat\u00eb. Absorbohet leht\u00eb dhe nuk l\u00eb yndyr\u00eb n\u00eb l\u00ebkur\u00eb.<\/p>\n<p>P\u00ebrdorimi: Aplikimi i k\u00ebtij vaji nuk duhet b\u00ebr\u00eb n\u00eb dit\u00ebt e para t\u00eb ekspozimit, n\u00eb t\u00eb cilat mbrojtja duhet m\u00eb e madhe. N\u00eb vazhdim mund t\u00eb aplikohet vaji nxir\u00ebs, duke e masazhuar n\u00eb l\u00ebkur\u00eb deri n\u00eb absorbim. Riaplikohet n\u00eb var\u00ebsi t\u00eb ekspozimit.<\/p>\n<p>P\u00ebrshtatshm\u00ebria: I p\u00ebrshtatsh\u00ebm p\u00ebr t\u00eb gjitha llojet e l\u00ebkur\u00ebs dhe p\u00ebr mosh\u00ebn mbi 15 vje\u00e7. L\u00ebkura me tonalitet t\u00eb hapur duhet t\u00eb mbrohet fillimisht me SPF m\u00eb t\u00eb lart\u00eb dhe m\u00eb pas mund t\u00eb vazhdohet me p\u00ebrdorimin e Tan Oil SPF6.<\/p>\n<p>Ingredient\u00ebt aktiv\u00eb: Carrot oil; Avocado Oil; Jynglans Regia; Cocos Nucifera.<\/p>\n<table class=\"woocommerce-product-attributes shop_attributes\">\n<tbody>\n<tr class=\"woocommerce-product-attributes-item woocommerce-product-attributes-item--attribute_pa_size\">\n<th class=\"woocommerce-product-attributes-item__label\">Paketimi<\/th>\n<td class=\"woocommerce-product-attributes-item__value\">200mL<\/td>\n<\/tr>\n<tr class=\"woocommerce-product-attributes-item woocommerce-product-attributes-item--attribute_pa_llojet-e-lekures\">\n<th class=\"woocommerce-product-attributes-item__label\">Llojet e l\u00ebkur\u00ebs<\/th>\n<td class=\"woocommerce-product-attributes-item__value\">t\u00eb gjitha llojet<\/td>\n<\/tr>\n<\/tbody>\n<\/table>","protected":false},"featured_media":3404,"comment_status":"open","ping_status":"closed","template":"","meta":[],"product_brand":[],"product_cat":[59],"product_tag":[],"class_list":{"0":"post-3402","1":"product","2":"type-product","3":"status-publish","4":"has-post-thumbnail","6":"product_cat-sunfilm","8":"first","9":"instock","10":"shipping-taxable","11":"purchasable","12":"product-type-simple"},"_links":{"self":[{"href":"https:\/\/perfectestetica.al\/en\/wp-json\/wp\/v2\/product\/3402","targetHints":{"allow":["GET"]}}],"collection":[{"href":"https:\/\/perfectestetica.al\/en\/wp-json\/wp\/v2\/product"}],"about":[{"href":"https:\/\/perfectestetica.al\/en\/wp-json\/wp\/v2\/types\/product"}],"replies":[{"embeddable":true,"href":"https:\/\/perfectestetica.al\/en\/wp-json\/wp\/v2\/comments?post=3402"}],"version-history":[{"count":1,"href":"https:\/\/perfectestetica.al\/en\/wp-json\/wp\/v2\/product\/3402\/revisions"}],"predecessor-version":[{"id":3403,"href":"https:\/\/perfectestetica.al\/en\/wp-json\/wp\/v2\/product\/3402\/revisions\/3403"}],"wp:featuredmedia":[{"embeddable":true,"href":"https:\/\/perfectestetica.al\/en\/wp-json\/wp\/v2\/media\/3404"}],"wp:attachment":[{"href":"https:\/\/perfectestetica.al\/en\/wp-json\/wp\/v2\/media?parent=3402"}],"wp:term":[{"taxonomy":"product_brand","embeddable":true,"href":"https:\/\/perfectestetica.al\/en\/wp-json\/wp\/v2\/product_brand?post=3402"},{"taxonomy":"product_cat","embeddable":true,"href":"https:\/\/perfectestetica.al\/en\/wp-json\/wp\/v2\/product_cat?post=3402"},{"taxonomy":"product_tag","embeddable":true,"href":"https:\/\/perfectestetica.al\/en\/wp-json\/wp\/v2\/product_tag?post=3402"}],"curies":[{"name":"wp","href":"https:\/\/api.w.org\/{rel}","templated":true}]}}