{"id":3399,"date":"2023-02-03T23:07:27","date_gmt":"2023-02-03T22:07:27","guid":{"rendered":"https:\/\/perfectestetica.al\/?post_type=product&#038;p=3399"},"modified":"2023-02-03T23:08:58","modified_gmt":"2023-02-03T22:08:58","slug":"speed-tan-spf2","status":"publish","type":"product","link":"https:\/\/perfectestetica.al\/en\/product\/speed-tan-spf2\/","title":{"rendered":"Speed Tan SPF2"},"content":{"rendered":"","protected":false},"excerpt":{"rendered":"<p>Xhel q\u00eb ofron nj\u00eb efekt nxir\u00ebs tropikal, t\u00eb shpejt\u00eb dhe afat-gjat\u00eb.<\/p>\n<p>P\u00ebrmban ekstrakt Carotene q\u00eb aktivizon nxirje t\u00eb shpejt\u00eb. Gjithashtu p\u00ebrmban vitamin\u00eb E q\u00eb hidraton dhe mbron l\u00ebkur\u00ebn.<\/p>\n<p>P\u00ebrshtatshm\u00ebria: Duhet treguar kujdes n\u00eb l\u00ebkur\u00ebn sensitive ndaj diellit. Aplikimi i xhelit nuk duhet b\u00ebr\u00eb n\u00eb dit\u00ebt e para t\u00eb ekspozimit n\u00eb diell, n\u00eb t\u00eb cilat mbrojtja duhet m\u00eb e madhe. N\u00eb vazhdim mund t\u00eb aplikohet produkti.<br \/>\nK\u00ebshillohet p\u00ebrdorimi n\u00eb mosha mbi 15 vje\u00e7.<\/p>\n<p>P\u00ebrdorimi: Aplikohet n\u00eb l\u00ebkur\u00eb duke e p\u00ebrhapur mir\u00eb n\u00eb m\u00ebnyr\u00eb uniforme n\u00eb t\u00eb gjith\u00eb sip\u00ebrfaqen, p\u00ebr nj\u00eb nxirje uniforme t\u00eb zon\u00ebs s\u00eb aplikuar. Gjithashtu duhet t\u00eb mbrohen rrobat e banj\u00ebs nga kontakti me produktin.<\/p>\n<p>Ingredient\u00ebt aktiv\u00eb: Carotene; Vitamin E.<\/p>\n<table class=\"woocommerce-product-attributes shop_attributes\">\n<tbody>\n<tr class=\"woocommerce-product-attributes-item woocommerce-product-attributes-item--attribute_pa_size\">\n<th class=\"woocommerce-product-attributes-item__label\">Paketimi<\/th>\n<td class=\"woocommerce-product-attributes-item__value\">280mL<\/td>\n<\/tr>\n<tr class=\"woocommerce-product-attributes-item woocommerce-product-attributes-item--attribute_pa_llojet-e-lekures\">\n<th class=\"woocommerce-product-attributes-item__label\">Llojet e l\u00ebkur\u00ebs<\/th>\n<td class=\"woocommerce-product-attributes-item__value\">t\u00eb gjitha llojet<\/td>\n<\/tr>\n<\/tbody>\n<\/table>","protected":false},"featured_media":3400,"comment_status":"open","ping_status":"closed","template":"","meta":[],"product_brand":[],"product_cat":[59],"product_tag":[],"class_list":{"0":"post-3399","1":"product","2":"type-product","3":"status-publish","4":"has-post-thumbnail","6":"product_cat-sunfilm","8":"first","9":"instock","10":"shipping-taxable","11":"purchasable","12":"product-type-simple"},"_links":{"self":[{"href":"https:\/\/perfectestetica.al\/en\/wp-json\/wp\/v2\/product\/3399","targetHints":{"allow":["GET"]}}],"collection":[{"href":"https:\/\/perfectestetica.al\/en\/wp-json\/wp\/v2\/product"}],"about":[{"href":"https:\/\/perfectestetica.al\/en\/wp-json\/wp\/v2\/types\/product"}],"replies":[{"embeddable":true,"href":"https:\/\/perfectestetica.al\/en\/wp-json\/wp\/v2\/comments?post=3399"}],"version-history":[{"count":1,"href":"https:\/\/perfectestetica.al\/en\/wp-json\/wp\/v2\/product\/3399\/revisions"}],"predecessor-version":[{"id":3401,"href":"https:\/\/perfectestetica.al\/en\/wp-json\/wp\/v2\/product\/3399\/revisions\/3401"}],"wp:featuredmedia":[{"embeddable":true,"href":"https:\/\/perfectestetica.al\/en\/wp-json\/wp\/v2\/media\/3400"}],"wp:attachment":[{"href":"https:\/\/perfectestetica.al\/en\/wp-json\/wp\/v2\/media?parent=3399"}],"wp:term":[{"taxonomy":"product_brand","embeddable":true,"href":"https:\/\/perfectestetica.al\/en\/wp-json\/wp\/v2\/product_brand?post=3399"},{"taxonomy":"product_cat","embeddable":true,"href":"https:\/\/perfectestetica.al\/en\/wp-json\/wp\/v2\/product_cat?post=3399"},{"taxonomy":"product_tag","embeddable":true,"href":"https:\/\/perfectestetica.al\/en\/wp-json\/wp\/v2\/product_tag?post=3399"}],"curies":[{"name":"wp","href":"https:\/\/api.w.org\/{rel}","templated":true}]}}