{"id":3396,"date":"2023-02-03T23:06:48","date_gmt":"2023-02-03T22:06:48","guid":{"rendered":"https:\/\/perfectestetica.al\/?post_type=product&#038;p=3396"},"modified":"2023-02-03T23:06:49","modified_gmt":"2023-02-03T22:06:49","slug":"pre-sun-hydra-protecting-gel","status":"publish","type":"product","link":"https:\/\/perfectestetica.al\/en\/product\/pre-sun-hydra-protecting-gel\/","title":{"rendered":"Pre Sun Hydra Protecting Gel"},"content":{"rendered":"","protected":false},"excerpt":{"rendered":"<p>Xhel hidratues p\u00ebr fytyr\u00ebn, i cili ofron mbrojtje para ekspozimit diellor, p\u00ebr t\u00eb gjitha llojet e l\u00ebkur\u00ebs.<\/p>\n<p>Veprimi: Hidraton dhe mbron l\u00ebkur\u00ebn, si dhe p\u00ebrmir\u00ebson pro\u00e7esin natyral t\u00eb mbrojtjes s\u00eb l\u00ebkur\u00ebs nga dielli.<\/p>\n<p>P\u00ebrdorimi: Aplikoje n\u00eb nj\u00eb fytyr\u00eb t\u00eb past\u00ebr me masazh t\u00eb leht\u00eb dhe l\u00ebre t\u00eb p\u00ebrthithet p\u00ebr disa minuta. Vazhdo me aplikimin e produktit me filt\u00ebr mbrojt\u00ebs ndaj diellit.<\/p>\n<table class=\"woocommerce-product-attributes shop_attributes\">\n<tbody>\n<tr class=\"woocommerce-product-attributes-item woocommerce-product-attributes-item--attribute_pa_size\">\n<th class=\"woocommerce-product-attributes-item__label\">Paketimi<\/th>\n<td class=\"woocommerce-product-attributes-item__value\">55mL<\/td>\n<\/tr>\n<tr class=\"woocommerce-product-attributes-item woocommerce-product-attributes-item--attribute_pa_llojet-e-lekures\">\n<th class=\"woocommerce-product-attributes-item__label\">Llojet e l\u00ebkur\u00ebs<\/th>\n<td class=\"woocommerce-product-attributes-item__value\">t\u00eb gjitha llojet<\/td>\n<\/tr>\n<\/tbody>\n<\/table>\n<p>Ingredient\u00ebt kryesor\u00eb: Kelifluo, Helioguard, Lycosol, Acid Hyaluronic MMW, Drieline, Pentavitin, Provital D3, Melanobronze, D Panthenol.<\/p>","protected":false},"featured_media":3397,"comment_status":"open","ping_status":"closed","template":"","meta":[],"product_brand":[],"product_cat":[59],"product_tag":[],"class_list":{"0":"post-3396","1":"product","2":"type-product","3":"status-publish","4":"has-post-thumbnail","6":"product_cat-sunfilm","8":"first","9":"instock","10":"shipping-taxable","11":"purchasable","12":"product-type-simple"},"_links":{"self":[{"href":"https:\/\/perfectestetica.al\/en\/wp-json\/wp\/v2\/product\/3396","targetHints":{"allow":["GET"]}}],"collection":[{"href":"https:\/\/perfectestetica.al\/en\/wp-json\/wp\/v2\/product"}],"about":[{"href":"https:\/\/perfectestetica.al\/en\/wp-json\/wp\/v2\/types\/product"}],"replies":[{"embeddable":true,"href":"https:\/\/perfectestetica.al\/en\/wp-json\/wp\/v2\/comments?post=3396"}],"version-history":[{"count":1,"href":"https:\/\/perfectestetica.al\/en\/wp-json\/wp\/v2\/product\/3396\/revisions"}],"predecessor-version":[{"id":3398,"href":"https:\/\/perfectestetica.al\/en\/wp-json\/wp\/v2\/product\/3396\/revisions\/3398"}],"wp:featuredmedia":[{"embeddable":true,"href":"https:\/\/perfectestetica.al\/en\/wp-json\/wp\/v2\/media\/3397"}],"wp:attachment":[{"href":"https:\/\/perfectestetica.al\/en\/wp-json\/wp\/v2\/media?parent=3396"}],"wp:term":[{"taxonomy":"product_brand","embeddable":true,"href":"https:\/\/perfectestetica.al\/en\/wp-json\/wp\/v2\/product_brand?post=3396"},{"taxonomy":"product_cat","embeddable":true,"href":"https:\/\/perfectestetica.al\/en\/wp-json\/wp\/v2\/product_cat?post=3396"},{"taxonomy":"product_tag","embeddable":true,"href":"https:\/\/perfectestetica.al\/en\/wp-json\/wp\/v2\/product_tag?post=3396"}],"curies":[{"name":"wp","href":"https:\/\/api.w.org\/{rel}","templated":true}]}}