{"id":3393,"date":"2023-02-03T23:06:21","date_gmt":"2023-02-03T22:06:21","guid":{"rendered":"https:\/\/perfectestetica.al\/?post_type=product&#038;p=3393"},"modified":"2023-02-03T23:06:22","modified_gmt":"2023-02-03T22:06:22","slug":"facebody-cream-spf10","status":"publish","type":"product","link":"https:\/\/perfectestetica.al\/en\/product\/facebody-cream-spf10\/","title":{"rendered":"Face&#038;Body Cream SPF10"},"content":{"rendered":"","protected":false},"excerpt":{"rendered":"<p>Krem mbrojt\u00ebs ndaj diellit p\u00ebr fytyr\u00eb dhe trup, leht\u00ebsisht i absorbuesh\u00ebm, p\u00ebr t\u00eb gjitha llojet e l\u00ebkur\u00ebs.<\/p>\n<p>Veprimi: Ofron mbrojtje nga nj\u00eb spekt\u00ebr i gjer\u00eb rrezatimi UVA, UVB, IR (infrared) dhe HEV (drita e dukshme). I p\u00ebrforcuar me elemente specifike, ai p\u00ebrmir\u00ebson procesin natyral t\u00eb nxirjes dhe p\u00ebrforcon mekanizmat mbrojt\u00ebs t\u00eb l\u00ebkur\u00ebs kundrejt diellit.<\/p>\n<p>P\u00ebrdorimi: Aplikoje n\u00eb l\u00ebkur\u00eb 15\u2032 p\u00ebrpara ekspozimit n\u00eb diell. P\u00ebrs\u00ebrite n\u00eb var\u00ebsi t\u00eb koh\u00ebzgjatjes s\u00eb ekspozimit. Rezistent ndaj ujit.<\/p>\n<p>Ingredient\u00ebt kryesor\u00eb: Venuceane, Zymo-Tan Complex, Oligoidyne Complex, Aloe Vera, Malo Noce, Shea Butter, Vitamin E, Antaron, Arginine, Tinosorb S, Octocrylene, Avobenzone, Octinoxate.<\/p>\n<table class=\"woocommerce-product-attributes shop_attributes\">\n<tbody>\n<tr class=\"woocommerce-product-attributes-item woocommerce-product-attributes-item--attribute_pa_size\">\n<th class=\"woocommerce-product-attributes-item__label\">Paketimi<\/th>\n<td class=\"woocommerce-product-attributes-item__value\">200mL<\/td>\n<\/tr>\n<tr class=\"woocommerce-product-attributes-item woocommerce-product-attributes-item--attribute_pa_llojet-e-lekures\">\n<th class=\"woocommerce-product-attributes-item__label\">Llojet e l\u00ebkur\u00ebs<\/th>\n<td class=\"woocommerce-product-attributes-item__value\">t\u00eb gjitha llojet<\/td>\n<\/tr>\n<\/tbody>\n<\/table>","protected":false},"featured_media":3394,"comment_status":"open","ping_status":"closed","template":"","meta":[],"product_brand":[],"product_cat":[59],"product_tag":[],"class_list":{"0":"post-3393","1":"product","2":"type-product","3":"status-publish","4":"has-post-thumbnail","6":"product_cat-sunfilm","8":"first","9":"instock","10":"shipping-taxable","11":"purchasable","12":"product-type-simple"},"_links":{"self":[{"href":"https:\/\/perfectestetica.al\/en\/wp-json\/wp\/v2\/product\/3393","targetHints":{"allow":["GET"]}}],"collection":[{"href":"https:\/\/perfectestetica.al\/en\/wp-json\/wp\/v2\/product"}],"about":[{"href":"https:\/\/perfectestetica.al\/en\/wp-json\/wp\/v2\/types\/product"}],"replies":[{"embeddable":true,"href":"https:\/\/perfectestetica.al\/en\/wp-json\/wp\/v2\/comments?post=3393"}],"version-history":[{"count":1,"href":"https:\/\/perfectestetica.al\/en\/wp-json\/wp\/v2\/product\/3393\/revisions"}],"predecessor-version":[{"id":3395,"href":"https:\/\/perfectestetica.al\/en\/wp-json\/wp\/v2\/product\/3393\/revisions\/3395"}],"wp:featuredmedia":[{"embeddable":true,"href":"https:\/\/perfectestetica.al\/en\/wp-json\/wp\/v2\/media\/3394"}],"wp:attachment":[{"href":"https:\/\/perfectestetica.al\/en\/wp-json\/wp\/v2\/media?parent=3393"}],"wp:term":[{"taxonomy":"product_brand","embeddable":true,"href":"https:\/\/perfectestetica.al\/en\/wp-json\/wp\/v2\/product_brand?post=3393"},{"taxonomy":"product_cat","embeddable":true,"href":"https:\/\/perfectestetica.al\/en\/wp-json\/wp\/v2\/product_cat?post=3393"},{"taxonomy":"product_tag","embeddable":true,"href":"https:\/\/perfectestetica.al\/en\/wp-json\/wp\/v2\/product_tag?post=3393"}],"curies":[{"name":"wp","href":"https:\/\/api.w.org\/{rel}","templated":true}]}}