{"id":3390,"date":"2023-02-03T23:05:28","date_gmt":"2023-02-03T22:05:28","guid":{"rendered":"https:\/\/perfectestetica.al\/?post_type=product&#038;p=3390"},"modified":"2023-02-03T23:05:28","modified_gmt":"2023-02-03T22:05:28","slug":"face-velvet-spf-50","status":"publish","type":"product","link":"https:\/\/perfectestetica.al\/en\/product\/face-velvet-spf-50\/","title":{"rendered":"Face Velvet SPF 50+"},"content":{"rendered":"","protected":false},"excerpt":{"rendered":"<p>Krem fytyre p\u00ebr mbrojtje t\u00eb lart\u00eb ndaj rrezatimit, me tekstur\u00eb velvet, p\u00ebr t\u00eb gjitha llojet e l\u00ebkur\u00ebs.<\/p>\n<p>Veprimi: Ajo ofron mbrojtje maksimale kund\u00ebr rrezatimit UVA (nxit\u00ebs i plakjes) dhe UVB (nxit\u00ebs i djegies s\u00eb l\u00ebkur\u00ebs). I p\u00ebrforcuar me \u03a93, \u03a96 dhe vitamin\u00eb E, mbron l\u00ebkur\u00ebn nga stresi oksidativ dhe photo-plakja.<\/p>\n<p>P\u00ebrdorimi: Aplikoni n\u00eb l\u00ebkur\u00ebn 15 \u2018para ekspozimit t\u00eb diellit. P\u00ebrs\u00ebriteni n\u00eb var\u00ebsi t\u00eb koh\u00ebzgjatjes s\u00eb ekspozimit tuaj n\u00eb diell. Shum\u00eb rezistent ndaj ujit.<\/p>\n<p>P\u00ebrb\u00ebr\u00ebsit kryesor\u00eb: Elastomer, Vitamin\u00eb E, Vaj Omega Omega, Avobenzone, Octisalate, Octocrylene, Tinosorb S.<\/p>\n<table class=\"woocommerce-product-attributes shop_attributes\">\n<tbody>\n<tr class=\"woocommerce-product-attributes-item woocommerce-product-attributes-item--attribute_pa_size\">\n<th class=\"woocommerce-product-attributes-item__label\">Paketimi<\/th>\n<td class=\"woocommerce-product-attributes-item__value\">55mL<\/td>\n<\/tr>\n<tr class=\"woocommerce-product-attributes-item woocommerce-product-attributes-item--attribute_pa_llojet-e-lekures\">\n<th class=\"woocommerce-product-attributes-item__label\">Llojet e l\u00ebkur\u00ebs<\/th>\n<td class=\"woocommerce-product-attributes-item__value\">t\u00eb gjitha llojet<\/td>\n<\/tr>\n<\/tbody>\n<\/table>","protected":false},"featured_media":3391,"comment_status":"open","ping_status":"closed","template":"","meta":[],"product_brand":[],"product_cat":[59],"product_tag":[],"class_list":{"0":"post-3390","1":"product","2":"type-product","3":"status-publish","4":"has-post-thumbnail","6":"product_cat-sunfilm","8":"first","9":"instock","10":"shipping-taxable","11":"purchasable","12":"product-type-simple"},"_links":{"self":[{"href":"https:\/\/perfectestetica.al\/en\/wp-json\/wp\/v2\/product\/3390","targetHints":{"allow":["GET"]}}],"collection":[{"href":"https:\/\/perfectestetica.al\/en\/wp-json\/wp\/v2\/product"}],"about":[{"href":"https:\/\/perfectestetica.al\/en\/wp-json\/wp\/v2\/types\/product"}],"replies":[{"embeddable":true,"href":"https:\/\/perfectestetica.al\/en\/wp-json\/wp\/v2\/comments?post=3390"}],"version-history":[{"count":1,"href":"https:\/\/perfectestetica.al\/en\/wp-json\/wp\/v2\/product\/3390\/revisions"}],"predecessor-version":[{"id":3392,"href":"https:\/\/perfectestetica.al\/en\/wp-json\/wp\/v2\/product\/3390\/revisions\/3392"}],"wp:featuredmedia":[{"embeddable":true,"href":"https:\/\/perfectestetica.al\/en\/wp-json\/wp\/v2\/media\/3391"}],"wp:attachment":[{"href":"https:\/\/perfectestetica.al\/en\/wp-json\/wp\/v2\/media?parent=3390"}],"wp:term":[{"taxonomy":"product_brand","embeddable":true,"href":"https:\/\/perfectestetica.al\/en\/wp-json\/wp\/v2\/product_brand?post=3390"},{"taxonomy":"product_cat","embeddable":true,"href":"https:\/\/perfectestetica.al\/en\/wp-json\/wp\/v2\/product_cat?post=3390"},{"taxonomy":"product_tag","embeddable":true,"href":"https:\/\/perfectestetica.al\/en\/wp-json\/wp\/v2\/product_tag?post=3390"}],"curies":[{"name":"wp","href":"https:\/\/api.w.org\/{rel}","templated":true}]}}