{"id":3387,"date":"2023-02-03T23:04:54","date_gmt":"2023-02-03T22:04:54","guid":{"rendered":"https:\/\/perfectestetica.al\/?post_type=product&#038;p=3387"},"modified":"2023-02-03T23:04:55","modified_gmt":"2023-02-03T22:04:55","slug":"face-gel-spf-30","status":"publish","type":"product","link":"https:\/\/perfectestetica.al\/en\/product\/face-gel-spf-30\/","title":{"rendered":"Face Gel SPF 30"},"content":{"rendered":"","protected":false},"excerpt":{"rendered":"<p>Mbrojt\u00ebs nga rrezatimi fytyre, oil-free me tekstur\u00eb xhel me ngjyr\u00eb t\u00eb leht\u00eb unifikuese e tonit t\u00eb l\u00ebkur\u00ebs, p\u00ebr t\u00eb gjitha llojet e l\u00ebkur\u00ebs.<\/p>\n<p>Veprimi: Ofron nj\u00eb spekt\u00ebr t\u00eb gjer\u00eb t\u00eb mbrojtjeje nga rrezatimi UVA, UVB dhe IR (infrared). I p\u00ebrforcuar me p\u00ebrb\u00ebr\u00ebs me efekt qet\u00ebsues dhe antioksidues, leht\u00ebson l\u00ebkur\u00ebn nga irritimet dhe e mbron at\u00eb nga stresi oksidativ dhe photo-aging.<\/p>\n<p>P\u00ebrdorimi: Apliko n\u00eb l\u00ebkur\u00ebn 15 \u2018 para ekspozimit n\u00eb diell. P\u00ebrs\u00ebrite n\u00eb var\u00ebsi t\u00eb koh\u00ebzgjatjes s\u00eb ekspozimit n\u00eb diell. Rezistent ndaj ujit.<\/p>\n<p>Ingredient\u00ebt kryesor\u00eb: EUK 134, Venuceane, Helioguard, Antaron, Panthenol, Aloe Vera, Tinosorb S, Octocrylene, Octinoxate, Tinosorb M, TiO2, ZnO2.<\/p>\n<table class=\"woocommerce-product-attributes shop_attributes\">\n<tbody>\n<tr class=\"woocommerce-product-attributes-item woocommerce-product-attributes-item--attribute_pa_size\">\n<th class=\"woocommerce-product-attributes-item__label\">Paketimi<\/th>\n<td class=\"woocommerce-product-attributes-item__value\">55mL<\/td>\n<\/tr>\n<tr class=\"woocommerce-product-attributes-item woocommerce-product-attributes-item--attribute_pa_llojet-e-lekures\">\n<th class=\"woocommerce-product-attributes-item__label\">Llojet e l\u00ebkur\u00ebs<\/th>\n<td class=\"woocommerce-product-attributes-item__value\">t\u00eb gjitha llojet<\/td>\n<\/tr>\n<\/tbody>\n<\/table>","protected":false},"featured_media":3388,"comment_status":"open","ping_status":"closed","template":"","meta":[],"product_brand":[],"product_cat":[59],"product_tag":[],"class_list":{"0":"post-3387","1":"product","2":"type-product","3":"status-publish","4":"has-post-thumbnail","6":"product_cat-sunfilm","8":"first","9":"instock","10":"shipping-taxable","11":"purchasable","12":"product-type-simple"},"_links":{"self":[{"href":"https:\/\/perfectestetica.al\/en\/wp-json\/wp\/v2\/product\/3387","targetHints":{"allow":["GET"]}}],"collection":[{"href":"https:\/\/perfectestetica.al\/en\/wp-json\/wp\/v2\/product"}],"about":[{"href":"https:\/\/perfectestetica.al\/en\/wp-json\/wp\/v2\/types\/product"}],"replies":[{"embeddable":true,"href":"https:\/\/perfectestetica.al\/en\/wp-json\/wp\/v2\/comments?post=3387"}],"version-history":[{"count":1,"href":"https:\/\/perfectestetica.al\/en\/wp-json\/wp\/v2\/product\/3387\/revisions"}],"predecessor-version":[{"id":3389,"href":"https:\/\/perfectestetica.al\/en\/wp-json\/wp\/v2\/product\/3387\/revisions\/3389"}],"wp:featuredmedia":[{"embeddable":true,"href":"https:\/\/perfectestetica.al\/en\/wp-json\/wp\/v2\/media\/3388"}],"wp:attachment":[{"href":"https:\/\/perfectestetica.al\/en\/wp-json\/wp\/v2\/media?parent=3387"}],"wp:term":[{"taxonomy":"product_brand","embeddable":true,"href":"https:\/\/perfectestetica.al\/en\/wp-json\/wp\/v2\/product_brand?post=3387"},{"taxonomy":"product_cat","embeddable":true,"href":"https:\/\/perfectestetica.al\/en\/wp-json\/wp\/v2\/product_cat?post=3387"},{"taxonomy":"product_tag","embeddable":true,"href":"https:\/\/perfectestetica.al\/en\/wp-json\/wp\/v2\/product_tag?post=3387"}],"curies":[{"name":"wp","href":"https:\/\/api.w.org\/{rel}","templated":true}]}}