{"id":3384,"date":"2023-02-03T23:04:17","date_gmt":"2023-02-03T22:04:17","guid":{"rendered":"https:\/\/perfectestetica.al\/?post_type=product&#038;p=3384"},"modified":"2023-02-03T23:04:18","modified_gmt":"2023-02-03T22:04:18","slug":"face-bliss-spf-50","status":"publish","type":"product","link":"https:\/\/perfectestetica.al\/en\/product\/face-bliss-spf-50\/","title":{"rendered":"Face Bliss SPF 50+"},"content":{"rendered":"","protected":false},"excerpt":{"rendered":"<p>Krem fytyre pa njgyr\u00eb, p\u00ebr mbrojtje t\u00eb lart\u00eb ndaj rrezatimit diellor, leht\u00ebsisht i absorbuesh\u00ebm, p\u00ebr t\u00eb gjitha llojet e l\u00ebkur\u00ebs.<\/p>\n<p>Veprimi: Ajo ofron nj\u00eb spekt\u00ebr t\u00eb gjer\u00eb mbrojtjeje maksimale ndaj diellit nga rrezatimi UVA, UVB, IR (infrared) dhe drita e dukshme HEV. I p\u00ebrforcuar me p\u00ebrb\u00ebr\u00ebs special\u00eb antioksidant\u00eb, mbron l\u00ebkur\u00ebn nga stresi oksidativ dhe photo-aging.<\/p>\n<p>P\u00ebrdorimi: Apliko n\u00eb l\u00ebkur\u00ebn 15 \u2018 para ekspozimit n\u00eb diell. P\u00ebrs\u00ebrite n\u00eb var\u00ebsi t\u00eb koh\u00ebzgjatjes s\u00eb ekspozimit n\u00eb diell. Shum\u00eb rezistent ndaj ujit.<\/p>\n<p>Ingredient\u00ebt kryesor\u00eb: EUK-134, Venuceane, Liposhield Hev Melanin, Ekstrakti Brokoli, Vitamina E, Aloe Vera, Octocrylene, Avobenzone, Octisalate, Ensulizole, Homosalate.<\/p>\n<table class=\"woocommerce-product-attributes shop_attributes\">\n<tbody>\n<tr class=\"woocommerce-product-attributes-item woocommerce-product-attributes-item--attribute_pa_size\">\n<th class=\"woocommerce-product-attributes-item__label\">Paketimi<\/th>\n<td class=\"woocommerce-product-attributes-item__value\">55mL<\/td>\n<\/tr>\n<tr class=\"woocommerce-product-attributes-item woocommerce-product-attributes-item--attribute_pa_llojet-e-lekures\">\n<th class=\"woocommerce-product-attributes-item__label\">Llojet e l\u00ebkur\u00ebs<\/th>\n<td class=\"woocommerce-product-attributes-item__value\">dehidratuar, e that\u00eb, mikse<\/td>\n<\/tr>\n<\/tbody>\n<\/table>","protected":false},"featured_media":3385,"comment_status":"open","ping_status":"closed","template":"","meta":[],"product_brand":[],"product_cat":[59],"product_tag":[],"class_list":{"0":"post-3384","1":"product","2":"type-product","3":"status-publish","4":"has-post-thumbnail","6":"product_cat-sunfilm","8":"first","9":"instock","10":"shipping-taxable","11":"purchasable","12":"product-type-simple"},"_links":{"self":[{"href":"https:\/\/perfectestetica.al\/en\/wp-json\/wp\/v2\/product\/3384","targetHints":{"allow":["GET"]}}],"collection":[{"href":"https:\/\/perfectestetica.al\/en\/wp-json\/wp\/v2\/product"}],"about":[{"href":"https:\/\/perfectestetica.al\/en\/wp-json\/wp\/v2\/types\/product"}],"replies":[{"embeddable":true,"href":"https:\/\/perfectestetica.al\/en\/wp-json\/wp\/v2\/comments?post=3384"}],"version-history":[{"count":1,"href":"https:\/\/perfectestetica.al\/en\/wp-json\/wp\/v2\/product\/3384\/revisions"}],"predecessor-version":[{"id":3386,"href":"https:\/\/perfectestetica.al\/en\/wp-json\/wp\/v2\/product\/3384\/revisions\/3386"}],"wp:featuredmedia":[{"embeddable":true,"href":"https:\/\/perfectestetica.al\/en\/wp-json\/wp\/v2\/media\/3385"}],"wp:attachment":[{"href":"https:\/\/perfectestetica.al\/en\/wp-json\/wp\/v2\/media?parent=3384"}],"wp:term":[{"taxonomy":"product_brand","embeddable":true,"href":"https:\/\/perfectestetica.al\/en\/wp-json\/wp\/v2\/product_brand?post=3384"},{"taxonomy":"product_cat","embeddable":true,"href":"https:\/\/perfectestetica.al\/en\/wp-json\/wp\/v2\/product_cat?post=3384"},{"taxonomy":"product_tag","embeddable":true,"href":"https:\/\/perfectestetica.al\/en\/wp-json\/wp\/v2\/product_tag?post=3384"}],"curies":[{"name":"wp","href":"https:\/\/api.w.org\/{rel}","templated":true}]}}