{"id":3381,"date":"2023-02-03T23:03:41","date_gmt":"2023-02-03T22:03:41","guid":{"rendered":"https:\/\/perfectestetica.al\/?post_type=product&#038;p=3381"},"modified":"2023-02-03T23:03:41","modified_gmt":"2023-02-03T22:03:41","slug":"face-blis-spf50","status":"publish","type":"product","link":"https:\/\/perfectestetica.al\/en\/product\/face-blis-spf50\/","title":{"rendered":"Face blis SPF50"},"content":{"rendered":"","protected":false},"excerpt":{"rendered":"<p>Krem mbrojt\u00eb ndaj rrezarimit UVA\\UVB,<\/p>\n<p>Ka veprim antioksidant p\u00ebr t\u00eb parandaluar d\u00ebmtimin qelizor dhe foto-plakjen. Efikas p\u00ebr mbrojtjen kund\u00ebr shenjave nga dielli dhe t\u00eb mosh\u00ebs (t\u00eb nxitura nga ekspozimi diellor), kund\u00ebr dehidrimit t\u00eb l\u00ebkur\u00ebs, sensitivitetit dhe skuqjes nga dielli.<\/p>\n<p>P\u00ebrshtatshm\u00ebria: Ideal p\u00ebr l\u00ebkur\u00ebn me tonalitet t\u00eb hapur dhe l\u00ebkur\u00ebn sensitive ndaj diellit. I p\u00ebrshtatsh\u00ebm p\u00ebr l\u00ebkur\u00eb normale, mikse dhe t\u00eb that\u00eb. Gjithashtu p\u00ebr f\u00ebmij\u00ebt.<\/p>\n<p>P\u00ebrdorimi: Apliko kremin 15-30\u2019 p\u00ebrpara ekspozimit n\u00eb diell. Riaplikimi i nevojsh\u00ebm n\u00eb var\u00ebsi t\u00eb ekspozimit.<\/p>\n<p>Ingredient\u00ebt aktiv\u00eb: Antitox TM; Sodium Hyaluronate; Vitamin E.<\/p>\n<table class=\"woocommerce-product-attributes shop_attributes\">\n<tbody>\n<tr class=\"woocommerce-product-attributes-item woocommerce-product-attributes-item--attribute_pa_size\">\n<th class=\"woocommerce-product-attributes-item__label\">Paketimi<\/th>\n<td class=\"woocommerce-product-attributes-item__value\">55mL<\/td>\n<\/tr>\n<tr class=\"woocommerce-product-attributes-item woocommerce-product-attributes-item--attribute_pa_llojet-e-lekures\">\n<th class=\"woocommerce-product-attributes-item__label\">Llojet e l\u00ebkur\u00ebs<\/th>\n<td class=\"woocommerce-product-attributes-item__value\">e that\u00eb, mikse, normale<\/td>\n<\/tr>\n<\/tbody>\n<\/table>","protected":false},"featured_media":3382,"comment_status":"open","ping_status":"closed","template":"","meta":[],"product_brand":[],"product_cat":[59],"product_tag":[],"class_list":{"0":"post-3381","1":"product","2":"type-product","3":"status-publish","4":"has-post-thumbnail","6":"product_cat-sunfilm","8":"first","9":"instock","10":"shipping-taxable","11":"purchasable","12":"product-type-simple"},"_links":{"self":[{"href":"https:\/\/perfectestetica.al\/en\/wp-json\/wp\/v2\/product\/3381","targetHints":{"allow":["GET"]}}],"collection":[{"href":"https:\/\/perfectestetica.al\/en\/wp-json\/wp\/v2\/product"}],"about":[{"href":"https:\/\/perfectestetica.al\/en\/wp-json\/wp\/v2\/types\/product"}],"replies":[{"embeddable":true,"href":"https:\/\/perfectestetica.al\/en\/wp-json\/wp\/v2\/comments?post=3381"}],"version-history":[{"count":1,"href":"https:\/\/perfectestetica.al\/en\/wp-json\/wp\/v2\/product\/3381\/revisions"}],"predecessor-version":[{"id":3383,"href":"https:\/\/perfectestetica.al\/en\/wp-json\/wp\/v2\/product\/3381\/revisions\/3383"}],"wp:featuredmedia":[{"embeddable":true,"href":"https:\/\/perfectestetica.al\/en\/wp-json\/wp\/v2\/media\/3382"}],"wp:attachment":[{"href":"https:\/\/perfectestetica.al\/en\/wp-json\/wp\/v2\/media?parent=3381"}],"wp:term":[{"taxonomy":"product_brand","embeddable":true,"href":"https:\/\/perfectestetica.al\/en\/wp-json\/wp\/v2\/product_brand?post=3381"},{"taxonomy":"product_cat","embeddable":true,"href":"https:\/\/perfectestetica.al\/en\/wp-json\/wp\/v2\/product_cat?post=3381"},{"taxonomy":"product_tag","embeddable":true,"href":"https:\/\/perfectestetica.al\/en\/wp-json\/wp\/v2\/product_tag?post=3381"}],"curies":[{"name":"wp","href":"https:\/\/api.w.org\/{rel}","templated":true}]}}