{"id":3378,"date":"2023-02-03T23:03:01","date_gmt":"2023-02-03T22:03:01","guid":{"rendered":"https:\/\/perfectestetica.al\/?post_type=product&#038;p=3378"},"modified":"2025-03-09T19:42:50","modified_gmt":"2025-03-09T18:42:50","slug":"body-tan-oil-spf-10","status":"publish","type":"product","link":"https:\/\/perfectestetica.al\/en\/product\/body-tan-oil-spf-10\/","title":{"rendered":"Body Tan Oil SPF 10"},"content":{"rendered":"","protected":false},"excerpt":{"rendered":"<p>Vaj mbrojt\u00ebs ndaj diellit p\u00ebr t\u00eb gjitha llojet e l\u00ebkur\u00ebs.<\/p>\n<p>Veprimi: Ofron mbrojtje nga rrezatimi UVA dhe UVB. P\u00ebrforcuar me vaj karrote dhe avokado, mbron epiderm\u00ebn nga that\u00ebsia e shkaktuar nga dielli dhe ofron element\u00eb ushqyes. L\u00eb nj\u00eb ndjesi t\u00eb k\u00ebndshme n\u00eb epiderm\u00eb, pa l\u00ebn\u00eb yndyr\u00eb. E p\u00ebrshtatshme p\u00ebr aktivitete si sporte dhe plazh.<\/p>\n<p>P\u00ebrdorimi: Apliko n\u00eb l\u00ebkur\u00eb 15\u2032 p\u00ebrpara ekspozimit n\u00eb diell. P\u00ebrs\u00ebrite aplikimin n\u00eb var\u00ebsi t\u00eb koh\u00ebs dhe koh\u00ebzgjatjes s\u00eb ekspozimit. Shum\u00eb rezistent ndaj ujit.<\/p>\n<p>Ingredient\u00ebt kryesor\u00eb: Persea GRATISSIMA oil, Cocos nucifera oil, glicina SOJA oil, BHT, Juglans REGIA SHELL extract, beta-Daucus Extract CAROTA SATIVA ROOT, TOCOPHEROL.\\<\/p>\n<table class=\"woocommerce-product-attributes shop_attributes\">\n<tbody>\n<tr class=\"woocommerce-product-attributes-item woocommerce-product-attributes-item--attribute_pa_size\">\n<th class=\"woocommerce-product-attributes-item__label\">Paketimi<\/th>\n<td class=\"woocommerce-product-attributes-item__value\">200mL<\/td>\n<\/tr>\n<tr class=\"woocommerce-product-attributes-item woocommerce-product-attributes-item--attribute_pa_llojet-e-lekures\">\n<th class=\"woocommerce-product-attributes-item__label\">Llojet e l\u00ebkur\u00ebs<\/th>\n<td class=\"woocommerce-product-attributes-item__value\">t\u00eb gjitha llojet<\/td>\n<\/tr>\n<\/tbody>\n<\/table>","protected":false},"featured_media":3379,"comment_status":"open","ping_status":"closed","template":"","meta":[],"product_brand":[],"product_cat":[59],"product_tag":[],"class_list":{"0":"post-3378","1":"product","2":"type-product","3":"status-publish","4":"has-post-thumbnail","6":"product_cat-sunfilm","8":"first","9":"instock","10":"shipping-taxable","11":"purchasable","12":"product-type-simple"},"_links":{"self":[{"href":"https:\/\/perfectestetica.al\/en\/wp-json\/wp\/v2\/product\/3378","targetHints":{"allow":["GET"]}}],"collection":[{"href":"https:\/\/perfectestetica.al\/en\/wp-json\/wp\/v2\/product"}],"about":[{"href":"https:\/\/perfectestetica.al\/en\/wp-json\/wp\/v2\/types\/product"}],"replies":[{"embeddable":true,"href":"https:\/\/perfectestetica.al\/en\/wp-json\/wp\/v2\/comments?post=3378"}],"version-history":[{"count":1,"href":"https:\/\/perfectestetica.al\/en\/wp-json\/wp\/v2\/product\/3378\/revisions"}],"predecessor-version":[{"id":3380,"href":"https:\/\/perfectestetica.al\/en\/wp-json\/wp\/v2\/product\/3378\/revisions\/3380"}],"wp:featuredmedia":[{"embeddable":true,"href":"https:\/\/perfectestetica.al\/en\/wp-json\/wp\/v2\/media\/3379"}],"wp:attachment":[{"href":"https:\/\/perfectestetica.al\/en\/wp-json\/wp\/v2\/media?parent=3378"}],"wp:term":[{"taxonomy":"product_brand","embeddable":true,"href":"https:\/\/perfectestetica.al\/en\/wp-json\/wp\/v2\/product_brand?post=3378"},{"taxonomy":"product_cat","embeddable":true,"href":"https:\/\/perfectestetica.al\/en\/wp-json\/wp\/v2\/product_cat?post=3378"},{"taxonomy":"product_tag","embeddable":true,"href":"https:\/\/perfectestetica.al\/en\/wp-json\/wp\/v2\/product_tag?post=3378"}],"curies":[{"name":"wp","href":"https:\/\/api.w.org\/{rel}","templated":true}]}}