{"id":3375,"date":"2023-02-03T23:02:17","date_gmt":"2023-02-03T22:02:17","guid":{"rendered":"https:\/\/perfectestetica.al\/?post_type=product&#038;p=3375"},"modified":"2023-02-03T23:02:17","modified_gmt":"2023-02-03T22:02:17","slug":"body-fluid-spray-spf-30","status":"publish","type":"product","link":"https:\/\/perfectestetica.al\/en\/product\/body-fluid-spray-spf-30\/","title":{"rendered":"Body Fluid Spray SPF 30"},"content":{"rendered":"","protected":false},"excerpt":{"rendered":"<p>Body fluid n\u00eb form\u00eb sprajti p\u00ebr t\u00eb gjitha llojet e l\u00ebkur\u00ebs.<\/p>\n<p>Veprimi: Ofron nj\u00eb spekt\u00ebr t\u00eb gjer\u00eb mbrojtjeje nga rrezatimi UVA, UVB dhe IR (infrared). I p\u00ebrforcuar me antioksidant\u00eb specifik\u00eb, mbron l\u00ebkur\u00ebn nga stresi oksidativ dhe photo-aging. Nj\u00eb produkt p\u00ebr p\u00ebrdorim t\u00eb p\u00ebrditsh\u00ebm dhe t\u00eb thjesht\u00eb.<\/p>\n<p>P\u00ebrdorimi: Apliko n\u00eb l\u00ebkur\u00eb 15\u2032 p\u00ebrpara ekspozimit n\u00eb diell. P\u00ebrs\u00ebrite aplikimin sipas koh\u00ebs dhe koh\u00ebzgjatjes s\u00eb ekspozimit. Rezistent ndaj ujit.<\/p>\n<p>Ingredient\u00ebt kryesor\u00eb: EUK-134, Venuceane, Vitamina E, Octocrylene, Ensulizole, Avobenzone.<\/p>\n<table class=\"woocommerce-product-attributes shop_attributes\">\n<tbody>\n<tr class=\"woocommerce-product-attributes-item woocommerce-product-attributes-item--attribute_pa_size\">\n<th class=\"woocommerce-product-attributes-item__label\">Paketimi<\/th>\n<td class=\"woocommerce-product-attributes-item__value\">200mL<\/td>\n<\/tr>\n<tr class=\"woocommerce-product-attributes-item woocommerce-product-attributes-item--attribute_pa_llojet-e-lekures\">\n<th class=\"woocommerce-product-attributes-item__label\">Llojet e l\u00ebkur\u00ebs<\/th>\n<td class=\"woocommerce-product-attributes-item__value\">t\u00eb gjitha llojet<\/td>\n<\/tr>\n<\/tbody>\n<\/table>","protected":false},"featured_media":3376,"comment_status":"open","ping_status":"closed","template":"","meta":[],"product_brand":[],"product_cat":[59],"product_tag":[],"class_list":{"0":"post-3375","1":"product","2":"type-product","3":"status-publish","4":"has-post-thumbnail","6":"product_cat-sunfilm","8":"first","9":"instock","10":"shipping-taxable","11":"purchasable","12":"product-type-simple"},"_links":{"self":[{"href":"https:\/\/perfectestetica.al\/en\/wp-json\/wp\/v2\/product\/3375","targetHints":{"allow":["GET"]}}],"collection":[{"href":"https:\/\/perfectestetica.al\/en\/wp-json\/wp\/v2\/product"}],"about":[{"href":"https:\/\/perfectestetica.al\/en\/wp-json\/wp\/v2\/types\/product"}],"replies":[{"embeddable":true,"href":"https:\/\/perfectestetica.al\/en\/wp-json\/wp\/v2\/comments?post=3375"}],"version-history":[{"count":1,"href":"https:\/\/perfectestetica.al\/en\/wp-json\/wp\/v2\/product\/3375\/revisions"}],"predecessor-version":[{"id":3377,"href":"https:\/\/perfectestetica.al\/en\/wp-json\/wp\/v2\/product\/3375\/revisions\/3377"}],"wp:featuredmedia":[{"embeddable":true,"href":"https:\/\/perfectestetica.al\/en\/wp-json\/wp\/v2\/media\/3376"}],"wp:attachment":[{"href":"https:\/\/perfectestetica.al\/en\/wp-json\/wp\/v2\/media?parent=3375"}],"wp:term":[{"taxonomy":"product_brand","embeddable":true,"href":"https:\/\/perfectestetica.al\/en\/wp-json\/wp\/v2\/product_brand?post=3375"},{"taxonomy":"product_cat","embeddable":true,"href":"https:\/\/perfectestetica.al\/en\/wp-json\/wp\/v2\/product_cat?post=3375"},{"taxonomy":"product_tag","embeddable":true,"href":"https:\/\/perfectestetica.al\/en\/wp-json\/wp\/v2\/product_tag?post=3375"}],"curies":[{"name":"wp","href":"https:\/\/api.w.org\/{rel}","templated":true}]}}