{"id":3368,"date":"2023-02-03T22:59:36","date_gmt":"2023-02-03T21:59:36","guid":{"rendered":"https:\/\/perfectestetica.al\/?post_type=product&#038;p=3368"},"modified":"2023-02-03T22:59:36","modified_gmt":"2023-02-03T21:59:36","slug":"thavma-therapy-hydra-lifting-serum","status":"publish","type":"product","link":"https:\/\/perfectestetica.al\/en\/product\/thavma-therapy-hydra-lifting-serum\/","title":{"rendered":"Thavma Therapy \u2013 Hydra Lifting Serum"},"content":{"rendered":"","protected":false},"excerpt":{"rendered":"<p>Serum hidratues dhe tonifikues p\u00ebr fytyr\u00ebn i p\u00ebrshtatsh\u00ebm p\u00ebr t\u00eb gjitha llojet e l\u00ebkur\u00ebs.<\/p>\n<p>Veprimi: Hidraton thell\u00ebsisht dhe zvog\u00eblon shfaqjen e linjave t\u00eb im\u00ebta dhe rrudhave, duke e l\u00ebn\u00eb l\u00ebkur\u00ebn t\u00eb tonifikuar, e me nj\u00eb shk\u00eblqim t\u00eb sh\u00ebndetsh\u00ebm.<\/p>\n<p>P\u00ebrdorimi: Apliko n\u00eb l\u00ebkur\u00eb nj\u00eb sasi t\u00eb vog\u00ebl dhe masazhoje but\u00ebsisht 1 deri n\u00eb 2 her\u00eb n\u00eb dit\u00eb.<\/p>\n<p>Ingredient\u00ebt kryesor\u00eb: Phytosqual, A-Bisabolol, UV Filters, Vitamina E, Vitamina A, Acid Hyaluronic MMW, Acid Hyaluronic LMW, Argireline, Leuphasyl.<\/p>\n<table class=\"woocommerce-product-attributes shop_attributes\">\n<tbody>\n<tr class=\"woocommerce-product-attributes-item woocommerce-product-attributes-item--attribute_pa_size\">\n<th class=\"woocommerce-product-attributes-item__label\">Paketimi<\/th>\n<td class=\"woocommerce-product-attributes-item__value\">30mL<\/td>\n<\/tr>\n<tr class=\"woocommerce-product-attributes-item woocommerce-product-attributes-item--attribute_pa_llojet-e-lekures\">\n<th class=\"woocommerce-product-attributes-item__label\">Llojet e l\u00ebkur\u00ebs<\/th>\n<td class=\"woocommerce-product-attributes-item__value\">t\u00eb gjitha llojet<\/td>\n<\/tr>\n<\/tbody>\n<\/table>","protected":false},"featured_media":3369,"comment_status":"open","ping_status":"closed","template":"","meta":[],"product_brand":[],"product_cat":[58],"product_tag":[],"class_list":{"0":"post-3368","1":"product","2":"type-product","3":"status-publish","4":"has-post-thumbnail","6":"product_cat-skin-boosters","8":"first","9":"instock","10":"shipping-taxable","11":"purchasable","12":"product-type-simple"},"_links":{"self":[{"href":"https:\/\/perfectestetica.al\/en\/wp-json\/wp\/v2\/product\/3368","targetHints":{"allow":["GET"]}}],"collection":[{"href":"https:\/\/perfectestetica.al\/en\/wp-json\/wp\/v2\/product"}],"about":[{"href":"https:\/\/perfectestetica.al\/en\/wp-json\/wp\/v2\/types\/product"}],"replies":[{"embeddable":true,"href":"https:\/\/perfectestetica.al\/en\/wp-json\/wp\/v2\/comments?post=3368"}],"version-history":[{"count":1,"href":"https:\/\/perfectestetica.al\/en\/wp-json\/wp\/v2\/product\/3368\/revisions"}],"predecessor-version":[{"id":3370,"href":"https:\/\/perfectestetica.al\/en\/wp-json\/wp\/v2\/product\/3368\/revisions\/3370"}],"wp:featuredmedia":[{"embeddable":true,"href":"https:\/\/perfectestetica.al\/en\/wp-json\/wp\/v2\/media\/3369"}],"wp:attachment":[{"href":"https:\/\/perfectestetica.al\/en\/wp-json\/wp\/v2\/media?parent=3368"}],"wp:term":[{"taxonomy":"product_brand","embeddable":true,"href":"https:\/\/perfectestetica.al\/en\/wp-json\/wp\/v2\/product_brand?post=3368"},{"taxonomy":"product_cat","embeddable":true,"href":"https:\/\/perfectestetica.al\/en\/wp-json\/wp\/v2\/product_cat?post=3368"},{"taxonomy":"product_tag","embeddable":true,"href":"https:\/\/perfectestetica.al\/en\/wp-json\/wp\/v2\/product_tag?post=3368"}],"curies":[{"name":"wp","href":"https:\/\/api.w.org\/{rel}","templated":true}]}}