{"id":3365,"date":"2023-02-03T22:59:01","date_gmt":"2023-02-03T21:59:01","guid":{"rendered":"https:\/\/perfectestetica.al\/?post_type=product&#038;p=3365"},"modified":"2023-02-03T22:59:01","modified_gmt":"2023-02-03T21:59:01","slug":"thavma-therapy-hydra-lifting-cream","status":"publish","type":"product","link":"https:\/\/perfectestetica.al\/en\/product\/thavma-therapy-hydra-lifting-cream\/","title":{"rendered":"Thavma Therapy \u2013 Hydra Lifting Cream"},"content":{"rendered":"","protected":false},"excerpt":{"rendered":"<p>Krem lifting hidratues p\u00ebr fytyr\u00ebn i p\u00ebrshtatsh\u00ebm p\u00ebr t\u00eb gjitha llojet e l\u00ebkur\u00ebs.<\/p>\n<p>Veprimi: Hidraton n\u00eb thell\u00ebsi dhe p\u00ebrmir\u00ebson pamjen e l\u00ebkur\u00ebs me linja t\u00eb im\u00ebta dhe rrudha, duke dh\u00ebn\u00eb nj\u00eb l\u00ebkur\u00eb t\u00eb ndritshme, t\u00eb sh\u00ebndetshme dhe t\u00eb tonifikuar.<br \/>\nI p\u00ebrforcuar me teknologjin\u00eb e \u201cdroneve kozmetike\u201d, ofron nj\u00eb sistem t\u00eb avancuar dhe t\u00eb targetuar tej\u00e7imi t\u00eb peptideve n\u00eb l\u00ebkur\u00eb.<\/p>\n<p>P\u00ebrdorimi: Apliko nj\u00eb sasi t\u00eb vog\u00ebl dhe masazhoje but\u00ebsisht 1 deri n\u00eb 2 her\u00eb n\u00eb dit\u00eb.<\/p>\n<p>Ingredient\u00ebt kryesor\u00eb: Trimoist, Butter Shea, Oil Avocado, Arnica Oil, Vitamin E, Phytosqual, Allantoin, Argireline, Leuphasyl, Ameliox, Cosmetic Drones, Myocept.<\/p>\n<table class=\"woocommerce-product-attributes shop_attributes\">\n<tbody>\n<tr class=\"woocommerce-product-attributes-item woocommerce-product-attributes-item--attribute_pa_size\">\n<th class=\"woocommerce-product-attributes-item__label\">Paketimi<\/th>\n<td class=\"woocommerce-product-attributes-item__value\">50mL<\/td>\n<\/tr>\n<tr class=\"woocommerce-product-attributes-item woocommerce-product-attributes-item--attribute_pa_llojet-e-lekures\">\n<th class=\"woocommerce-product-attributes-item__label\">Llojet e l\u00ebkur\u00ebs<\/th>\n<td class=\"woocommerce-product-attributes-item__value\">t\u00eb gjitha llojet<\/td>\n<\/tr>\n<\/tbody>\n<\/table>","protected":false},"featured_media":3366,"comment_status":"open","ping_status":"closed","template":"","meta":[],"product_brand":[],"product_cat":[58],"product_tag":[],"class_list":{"0":"post-3365","1":"product","2":"type-product","3":"status-publish","4":"has-post-thumbnail","6":"product_cat-skin-boosters","8":"first","9":"instock","10":"shipping-taxable","11":"purchasable","12":"product-type-simple"},"_links":{"self":[{"href":"https:\/\/perfectestetica.al\/en\/wp-json\/wp\/v2\/product\/3365","targetHints":{"allow":["GET"]}}],"collection":[{"href":"https:\/\/perfectestetica.al\/en\/wp-json\/wp\/v2\/product"}],"about":[{"href":"https:\/\/perfectestetica.al\/en\/wp-json\/wp\/v2\/types\/product"}],"replies":[{"embeddable":true,"href":"https:\/\/perfectestetica.al\/en\/wp-json\/wp\/v2\/comments?post=3365"}],"version-history":[{"count":1,"href":"https:\/\/perfectestetica.al\/en\/wp-json\/wp\/v2\/product\/3365\/revisions"}],"predecessor-version":[{"id":3367,"href":"https:\/\/perfectestetica.al\/en\/wp-json\/wp\/v2\/product\/3365\/revisions\/3367"}],"wp:featuredmedia":[{"embeddable":true,"href":"https:\/\/perfectestetica.al\/en\/wp-json\/wp\/v2\/media\/3366"}],"wp:attachment":[{"href":"https:\/\/perfectestetica.al\/en\/wp-json\/wp\/v2\/media?parent=3365"}],"wp:term":[{"taxonomy":"product_brand","embeddable":true,"href":"https:\/\/perfectestetica.al\/en\/wp-json\/wp\/v2\/product_brand?post=3365"},{"taxonomy":"product_cat","embeddable":true,"href":"https:\/\/perfectestetica.al\/en\/wp-json\/wp\/v2\/product_cat?post=3365"},{"taxonomy":"product_tag","embeddable":true,"href":"https:\/\/perfectestetica.al\/en\/wp-json\/wp\/v2\/product_tag?post=3365"}],"curies":[{"name":"wp","href":"https:\/\/api.w.org\/{rel}","templated":true}]}}