{"id":3362,"date":"2023-02-03T22:58:27","date_gmt":"2023-02-03T21:58:27","guid":{"rendered":"https:\/\/perfectestetica.al\/?post_type=product&#038;p=3362"},"modified":"2023-02-03T22:58:27","modified_gmt":"2023-02-03T21:58:27","slug":"schema-body-sculpt-total-tech","status":"publish","type":"product","link":"https:\/\/perfectestetica.al\/en\/product\/schema-body-sculpt-total-tech\/","title":{"rendered":"Schema Body Sculpt Total Tech"},"content":{"rendered":"","protected":false},"excerpt":{"rendered":"<p>Xhel trupi multifunksional p\u00ebr dhjamin e lokalizuar, celulitin dhe l\u00ebkur\u00ebn e r\u00ebn\u00eb.<\/p>\n<p>P\u00ebrmir\u00ebson struktur\u00ebn lChrysanthellum Indicum Extract, Sodium Citrate, Xanthan Gum, Citric Acid, Bacillus\/Soyabean<br \/>\nFerment Extract, Coccoloba Uvifera Fruit Extract, Lactic Acid\/Glycolic Acid Copolymerkurs dhe redukton pamjen e \u201cl\u00ebkur\u00ebs s\u00eb portokallit\u201d, redukton dhjamin lokal dhe rrit elasticitetin. P\u00ebrforcuar me teknologjin\u00eb e \u201cdroneve kozmetike\u201d, ofron lipoliz\u00eb t\u00eb targetuar.<\/p>\n<p>P\u00ebrdorimi: Apliko xhelin n\u00eb l\u00ebkur\u00eb dhe masazhoje derisa t\u00eb p\u00ebrthithet.<\/p>\n<p>Ingredien\u00ebt kryesor\u00eb: Peg-40 Hydrogenated Castor Oil, Centella Asiatica Leaf Extract, Chrysanthellum Indicum Extract, Xanthan Gum, Citric Acid, Bacillus\/Soyabean Ferment Extract, Coccoloba Uvifera Fruit Extract, Lactic Acid\/Glycolic Acid Copolymer.<\/p>\n<table class=\"woocommerce-product-attributes shop_attributes\">\n<tbody>\n<tr class=\"woocommerce-product-attributes-item woocommerce-product-attributes-item--attribute_pa_size\">\n<th class=\"woocommerce-product-attributes-item__label\">Paketimi<\/th>\n<td class=\"woocommerce-product-attributes-item__value\">200mL<\/td>\n<\/tr>\n<tr class=\"woocommerce-product-attributes-item woocommerce-product-attributes-item--attribute_pa_llojet-e-lekures\">\n<th class=\"woocommerce-product-attributes-item__label\">Llojet e l\u00ebkur\u00ebs<\/th>\n<td class=\"woocommerce-product-attributes-item__value\">t\u00eb gjitha llojet<\/td>\n<\/tr>\n<\/tbody>\n<\/table>","protected":false},"featured_media":3363,"comment_status":"open","ping_status":"closed","template":"","meta":[],"product_brand":[],"product_cat":[58],"product_tag":[],"class_list":{"0":"post-3362","1":"product","2":"type-product","3":"status-publish","4":"has-post-thumbnail","6":"product_cat-skin-boosters","8":"first","9":"instock","10":"shipping-taxable","11":"purchasable","12":"product-type-simple"},"_links":{"self":[{"href":"https:\/\/perfectestetica.al\/en\/wp-json\/wp\/v2\/product\/3362","targetHints":{"allow":["GET"]}}],"collection":[{"href":"https:\/\/perfectestetica.al\/en\/wp-json\/wp\/v2\/product"}],"about":[{"href":"https:\/\/perfectestetica.al\/en\/wp-json\/wp\/v2\/types\/product"}],"replies":[{"embeddable":true,"href":"https:\/\/perfectestetica.al\/en\/wp-json\/wp\/v2\/comments?post=3362"}],"version-history":[{"count":1,"href":"https:\/\/perfectestetica.al\/en\/wp-json\/wp\/v2\/product\/3362\/revisions"}],"predecessor-version":[{"id":3364,"href":"https:\/\/perfectestetica.al\/en\/wp-json\/wp\/v2\/product\/3362\/revisions\/3364"}],"wp:featuredmedia":[{"embeddable":true,"href":"https:\/\/perfectestetica.al\/en\/wp-json\/wp\/v2\/media\/3363"}],"wp:attachment":[{"href":"https:\/\/perfectestetica.al\/en\/wp-json\/wp\/v2\/media?parent=3362"}],"wp:term":[{"taxonomy":"product_brand","embeddable":true,"href":"https:\/\/perfectestetica.al\/en\/wp-json\/wp\/v2\/product_brand?post=3362"},{"taxonomy":"product_cat","embeddable":true,"href":"https:\/\/perfectestetica.al\/en\/wp-json\/wp\/v2\/product_cat?post=3362"},{"taxonomy":"product_tag","embeddable":true,"href":"https:\/\/perfectestetica.al\/en\/wp-json\/wp\/v2\/product_tag?post=3362"}],"curies":[{"name":"wp","href":"https:\/\/api.w.org\/{rel}","templated":true}]}}