{"id":3359,"date":"2023-02-03T22:57:51","date_gmt":"2023-02-03T21:57:51","guid":{"rendered":"https:\/\/perfectestetica.al\/?post_type=product&#038;p=3359"},"modified":"2023-02-03T22:57:51","modified_gmt":"2023-02-03T21:57:51","slug":"opsis-lift-antiwrinkle-eye-cream","status":"publish","type":"product","link":"https:\/\/perfectestetica.al\/en\/product\/opsis-lift-antiwrinkle-eye-cream\/","title":{"rendered":"Opsis \u2013 Lift Antiwrinkle Eye Cream"},"content":{"rendered":"","protected":false},"excerpt":{"rendered":"<p>Krem p\u00ebr kujdesin e l\u00ebkur\u00ebs p\u00ebr zon\u00ebn p\u00ebrreth syve.<\/p>\n<p>Veprimi: Hidraton dhe p\u00ebrmir\u00ebson pamjen n\u00eb zon\u00ebn e syve t\u00eb l\u00ebkur\u00ebs me rrudha, enjtje dhe rrath\u00eb t\u00eb zinj, duke rikthyer tonicitetin, gjall\u00ebrin\u00eb dhe shk\u00eblqimin e saj. I p\u00ebrforcuar me teknologjin\u00eb e \u201cdroneve kozmetike\u201d, ofron nj\u00eb sistem t\u00eb avancuar dhe t\u00eb targetuar tej\u00e7imi t\u00eb peptideve n\u00eb l\u00ebkur\u00eb.<\/p>\n<p>P\u00ebrdorimi: Aplikoni nj\u00eb sasi t\u00eb vog\u00ebl rreth syve (jo n\u00eb qepall\u00eb) dhe masazhoni but\u00ebsisht derisa t\u00eb p\u00ebrthithet.<\/p>\n<p>Ingredient\u00ebt kryesor\u00eb: A-Bisabolol, Vitamina E, Arginine, AA2G, Matrixyl 3000, Argireline, Albatin, Unisooth EG-28, X50 Anti-aging Cosmetic Drones, Hydroxyprolisilane.<\/p>\n<table class=\"woocommerce-product-attributes shop_attributes\">\n<tbody>\n<tr class=\"woocommerce-product-attributes-item woocommerce-product-attributes-item--attribute_pa_size\">\n<th class=\"woocommerce-product-attributes-item__label\">Paketimi<\/th>\n<td class=\"woocommerce-product-attributes-item__value\">10mL<\/td>\n<\/tr>\n<tr class=\"woocommerce-product-attributes-item woocommerce-product-attributes-item--attribute_pa_llojet-e-lekures\">\n<th class=\"woocommerce-product-attributes-item__label\">Llojet e l\u00ebkur\u00ebs<\/th>\n<td class=\"woocommerce-product-attributes-item__value\">t\u00eb gjitha llojet<\/td>\n<\/tr>\n<\/tbody>\n<\/table>","protected":false},"featured_media":3360,"comment_status":"open","ping_status":"closed","template":"","meta":[],"product_brand":[],"product_cat":[58],"product_tag":[],"class_list":{"0":"post-3359","1":"product","2":"type-product","3":"status-publish","4":"has-post-thumbnail","6":"product_cat-skin-boosters","8":"first","9":"instock","10":"shipping-taxable","11":"purchasable","12":"product-type-simple"},"_links":{"self":[{"href":"https:\/\/perfectestetica.al\/en\/wp-json\/wp\/v2\/product\/3359","targetHints":{"allow":["GET"]}}],"collection":[{"href":"https:\/\/perfectestetica.al\/en\/wp-json\/wp\/v2\/product"}],"about":[{"href":"https:\/\/perfectestetica.al\/en\/wp-json\/wp\/v2\/types\/product"}],"replies":[{"embeddable":true,"href":"https:\/\/perfectestetica.al\/en\/wp-json\/wp\/v2\/comments?post=3359"}],"version-history":[{"count":1,"href":"https:\/\/perfectestetica.al\/en\/wp-json\/wp\/v2\/product\/3359\/revisions"}],"predecessor-version":[{"id":3361,"href":"https:\/\/perfectestetica.al\/en\/wp-json\/wp\/v2\/product\/3359\/revisions\/3361"}],"wp:featuredmedia":[{"embeddable":true,"href":"https:\/\/perfectestetica.al\/en\/wp-json\/wp\/v2\/media\/3360"}],"wp:attachment":[{"href":"https:\/\/perfectestetica.al\/en\/wp-json\/wp\/v2\/media?parent=3359"}],"wp:term":[{"taxonomy":"product_brand","embeddable":true,"href":"https:\/\/perfectestetica.al\/en\/wp-json\/wp\/v2\/product_brand?post=3359"},{"taxonomy":"product_cat","embeddable":true,"href":"https:\/\/perfectestetica.al\/en\/wp-json\/wp\/v2\/product_cat?post=3359"},{"taxonomy":"product_tag","embeddable":true,"href":"https:\/\/perfectestetica.al\/en\/wp-json\/wp\/v2\/product_tag?post=3359"}],"curies":[{"name":"wp","href":"https:\/\/api.w.org\/{rel}","templated":true}]}}