{"id":3356,"date":"2023-02-03T22:57:07","date_gmt":"2023-02-03T21:57:07","guid":{"rendered":"https:\/\/perfectestetica.al\/?post_type=product&#038;p=3356"},"modified":"2023-02-03T22:57:07","modified_gmt":"2023-02-03T21:57:07","slug":"opsis-eye-brightening-gel","status":"publish","type":"product","link":"https:\/\/perfectestetica.al\/en\/product\/opsis-eye-brightening-gel\/","title":{"rendered":"Opsis \u2013 Eye Brightening Gel"},"content":{"rendered":"","protected":false},"excerpt":{"rendered":"<p>Xhel p\u00ebr kujdesin e l\u00ebkur\u00ebs s\u00eb zon\u00ebs p\u00ebrreth syve.<\/p>\n<p>Veprimi: Hidraton dhe p\u00ebrmir\u00ebson pamjen e l\u00ebkur\u00ebs rrath\u00eb t\u00eb zinj dhe enjtje, duke siguruar shk\u00eblqim dhe ton t\u00eb nj\u00ebtrajtsh\u00ebm.<\/p>\n<p>P\u00ebrdorimi: Apliko nj\u00eb sasi t\u00eb vog\u00ebl rreth syve (jo n\u00eb qepall\u00eb) dhe masazho but\u00ebsisht derisa t\u00eb p\u00ebrthithet.<\/p>\n<p>Ingredient\u00ebt kryesor\u00eb: A-G Hesperidin, Salcool Multisal, Eyeseryl, Aldavine, Ekstrakt Indicum Chrysanthellum, Ekstrakt Aesculus Hippocastanum Seed, Bio-Placenta, A-Bisabolol.<\/p>\n<table class=\"woocommerce-product-attributes shop_attributes\">\n<tbody>\n<tr class=\"woocommerce-product-attributes-item woocommerce-product-attributes-item--attribute_pa_size\">\n<th class=\"woocommerce-product-attributes-item__label\">Paketimi<\/th>\n<td class=\"woocommerce-product-attributes-item__value\">10mL<\/td>\n<\/tr>\n<tr class=\"woocommerce-product-attributes-item woocommerce-product-attributes-item--attribute_pa_llojet-e-lekures\">\n<th class=\"woocommerce-product-attributes-item__label\">Llojet e l\u00ebkur\u00ebs<\/th>\n<td class=\"woocommerce-product-attributes-item__value\">t\u00eb gjitha llojet<\/td>\n<\/tr>\n<\/tbody>\n<\/table>","protected":false},"featured_media":3357,"comment_status":"open","ping_status":"closed","template":"","meta":[],"product_brand":[],"product_cat":[58],"product_tag":[],"class_list":{"0":"post-3356","1":"product","2":"type-product","3":"status-publish","4":"has-post-thumbnail","6":"product_cat-skin-boosters","8":"first","9":"instock","10":"shipping-taxable","11":"purchasable","12":"product-type-simple"},"_links":{"self":[{"href":"https:\/\/perfectestetica.al\/en\/wp-json\/wp\/v2\/product\/3356","targetHints":{"allow":["GET"]}}],"collection":[{"href":"https:\/\/perfectestetica.al\/en\/wp-json\/wp\/v2\/product"}],"about":[{"href":"https:\/\/perfectestetica.al\/en\/wp-json\/wp\/v2\/types\/product"}],"replies":[{"embeddable":true,"href":"https:\/\/perfectestetica.al\/en\/wp-json\/wp\/v2\/comments?post=3356"}],"version-history":[{"count":1,"href":"https:\/\/perfectestetica.al\/en\/wp-json\/wp\/v2\/product\/3356\/revisions"}],"predecessor-version":[{"id":3358,"href":"https:\/\/perfectestetica.al\/en\/wp-json\/wp\/v2\/product\/3356\/revisions\/3358"}],"wp:featuredmedia":[{"embeddable":true,"href":"https:\/\/perfectestetica.al\/en\/wp-json\/wp\/v2\/media\/3357"}],"wp:attachment":[{"href":"https:\/\/perfectestetica.al\/en\/wp-json\/wp\/v2\/media?parent=3356"}],"wp:term":[{"taxonomy":"product_brand","embeddable":true,"href":"https:\/\/perfectestetica.al\/en\/wp-json\/wp\/v2\/product_brand?post=3356"},{"taxonomy":"product_cat","embeddable":true,"href":"https:\/\/perfectestetica.al\/en\/wp-json\/wp\/v2\/product_cat?post=3356"},{"taxonomy":"product_tag","embeddable":true,"href":"https:\/\/perfectestetica.al\/en\/wp-json\/wp\/v2\/product_tag?post=3356"}],"curies":[{"name":"wp","href":"https:\/\/api.w.org\/{rel}","templated":true}]}}