{"id":3353,"date":"2023-02-03T22:54:01","date_gmt":"2023-02-03T21:54:01","guid":{"rendered":"https:\/\/perfectestetica.al\/?post_type=product&#038;p=3353"},"modified":"2023-02-03T22:54:02","modified_gmt":"2023-02-03T21:54:02","slug":"chronos-therapy-hydra-correct-serum","status":"publish","type":"product","link":"https:\/\/perfectestetica.al\/en\/product\/chronos-therapy-hydra-correct-serum\/","title":{"rendered":"Chronos Therapy \u2013 Hydra Correct Serum"},"content":{"rendered":"","protected":false},"excerpt":{"rendered":"<p>Serum hidratues dhe antioksidues i p\u00ebrshtatsh\u00ebm p\u00ebr l\u00ebkur\u00ebn e maturuar dhe t\u00eb lodhur.<\/p>\n<p>Veprimi: Acidi hialuronik cross-linked n\u00eb p\u00ebrmbajtje t\u00eb tij nd\u00ebrlidhet menj\u00ebher\u00eb me l\u00ebkur\u00ebn dhe duksh\u00ebm ofron hidratim t\u00eb q\u00ebndruesh\u00ebm.<\/p>\n<p>P\u00ebrdorimi: Apliko n\u00eb l\u00ebkur\u00eb dhe masazhoje but\u00ebsisht 1 deri n\u00eb 2 her\u00eb n\u00eb dit\u00eb.<\/p>\n<p>P\u00ebrb\u00ebr\u00ebsit kryesor\u00eb: Hyaluronate Sodium MMW, Hyaluronate Sodium LMW, Hyaluronate Sodium HMW, Hyaluronate Sodium ELMW, Hyaluronate Sodium XSMW, Acid Hyaluronic Natyror Cross-Linked, Phytosqual, A-Bisabolol, UV Filters, Vitamina.<\/p>\n<table class=\"woocommerce-product-attributes shop_attributes\">\n<tbody>\n<tr class=\"woocommerce-product-attributes-item woocommerce-product-attributes-item--attribute_pa_size\">\n<th class=\"woocommerce-product-attributes-item__label\">Paketimi<\/th>\n<td class=\"woocommerce-product-attributes-item__value\">10mL<\/td>\n<\/tr>\n<tr class=\"woocommerce-product-attributes-item woocommerce-product-attributes-item--attribute_pa_llojet-e-lekures\">\n<th class=\"woocommerce-product-attributes-item__label\">Llojet e l\u00ebkur\u00ebs<\/th>\n<td class=\"woocommerce-product-attributes-item__value\">t\u00eb gjitha llojet<\/td>\n<\/tr>\n<\/tbody>\n<\/table>","protected":false},"featured_media":3354,"comment_status":"open","ping_status":"closed","template":"","meta":[],"product_brand":[],"product_cat":[58],"product_tag":[],"class_list":{"0":"post-3353","1":"product","2":"type-product","3":"status-publish","4":"has-post-thumbnail","6":"product_cat-skin-boosters","8":"first","9":"instock","10":"shipping-taxable","11":"purchasable","12":"product-type-simple"},"_links":{"self":[{"href":"https:\/\/perfectestetica.al\/en\/wp-json\/wp\/v2\/product\/3353","targetHints":{"allow":["GET"]}}],"collection":[{"href":"https:\/\/perfectestetica.al\/en\/wp-json\/wp\/v2\/product"}],"about":[{"href":"https:\/\/perfectestetica.al\/en\/wp-json\/wp\/v2\/types\/product"}],"replies":[{"embeddable":true,"href":"https:\/\/perfectestetica.al\/en\/wp-json\/wp\/v2\/comments?post=3353"}],"version-history":[{"count":1,"href":"https:\/\/perfectestetica.al\/en\/wp-json\/wp\/v2\/product\/3353\/revisions"}],"predecessor-version":[{"id":3355,"href":"https:\/\/perfectestetica.al\/en\/wp-json\/wp\/v2\/product\/3353\/revisions\/3355"}],"wp:featuredmedia":[{"embeddable":true,"href":"https:\/\/perfectestetica.al\/en\/wp-json\/wp\/v2\/media\/3354"}],"wp:attachment":[{"href":"https:\/\/perfectestetica.al\/en\/wp-json\/wp\/v2\/media?parent=3353"}],"wp:term":[{"taxonomy":"product_brand","embeddable":true,"href":"https:\/\/perfectestetica.al\/en\/wp-json\/wp\/v2\/product_brand?post=3353"},{"taxonomy":"product_cat","embeddable":true,"href":"https:\/\/perfectestetica.al\/en\/wp-json\/wp\/v2\/product_cat?post=3353"},{"taxonomy":"product_tag","embeddable":true,"href":"https:\/\/perfectestetica.al\/en\/wp-json\/wp\/v2\/product_tag?post=3353"}],"curies":[{"name":"wp","href":"https:\/\/api.w.org\/{rel}","templated":true}]}}