{"id":3350,"date":"2023-02-03T22:53:19","date_gmt":"2023-02-03T21:53:19","guid":{"rendered":"https:\/\/perfectestetica.al\/?post_type=product&#038;p=3350"},"modified":"2023-02-03T22:53:19","modified_gmt":"2023-02-03T21:53:19","slug":"chronos-therapy-hydra-correct-cream","status":"publish","type":"product","link":"https:\/\/perfectestetica.al\/en\/product\/chronos-therapy-hydra-correct-cream\/","title":{"rendered":"Chronos Therapy \u2013 Hydra Correct Cream"},"content":{"rendered":"","protected":false},"excerpt":{"rendered":"<p>Nj\u00eb krem \u200b\u200brinovimi me performanc\u00eb t\u00eb lart\u00eb i p\u00ebrshtatsh\u00ebm p\u00ebr l\u00ebkur\u00ebn e maturuar.<\/p>\n<p>Veprimi: Zbut shenjat e plakjes duke dh\u00ebn\u00eb hidratim, shk\u00eblqim, tonicitet dhe gjall\u00ebri p\u00ebr t\u00eb rinovuar k\u00ebshtu l\u00ebkur\u00ebn e maturuar. I p\u00ebrforcuar me teknologjin\u00eb e \u201cdroneve kozmetike\u201d, ofron nj\u00eb sistem t\u00eb avancuar dhe t\u00eb targetuar tej\u00e7imi t\u00eb peptideve n\u00eb l\u00ebkur\u00eb.<\/p>\n<p>P\u00ebrdorimi: Apliko nj\u00eb sasi t\u00eb vog\u00ebl dhe masazho but\u00ebsisht 1 deri n\u00eb 2 her\u00eb n\u00eb dit\u00eb.<\/p>\n<p>Ingredient\u00ebt kryesor\u00eb: Sodium Hyaluronate, Malus Domestica, EUK-134, Kelifluo, X50 Hyallufiller Drone Cosmetic, Lipoic Acid, Vitamin E, Phytosqual, Soya Isoflavones, Jojoba Oil, Alistin.<\/p>\n<table class=\"woocommerce-product-attributes shop_attributes\">\n<tbody>\n<tr class=\"woocommerce-product-attributes-item woocommerce-product-attributes-item--attribute_pa_size\">\n<th class=\"woocommerce-product-attributes-item__label\">Paketimi<\/th>\n<td class=\"woocommerce-product-attributes-item__value\">50mL<\/td>\n<\/tr>\n<tr class=\"woocommerce-product-attributes-item woocommerce-product-attributes-item--attribute_pa_llojet-e-lekures\">\n<th class=\"woocommerce-product-attributes-item__label\">Llojet e l\u00ebkur\u00ebs<\/th>\n<td class=\"woocommerce-product-attributes-item__value\">akneike, t\u00eb gjitha llojet<\/td>\n<\/tr>\n<\/tbody>\n<\/table>","protected":false},"featured_media":3351,"comment_status":"open","ping_status":"closed","template":"","meta":[],"product_brand":[],"product_cat":[58],"product_tag":[],"class_list":{"0":"post-3350","1":"product","2":"type-product","3":"status-publish","4":"has-post-thumbnail","6":"product_cat-skin-boosters","8":"first","9":"instock","10":"shipping-taxable","11":"purchasable","12":"product-type-simple"},"_links":{"self":[{"href":"https:\/\/perfectestetica.al\/en\/wp-json\/wp\/v2\/product\/3350","targetHints":{"allow":["GET"]}}],"collection":[{"href":"https:\/\/perfectestetica.al\/en\/wp-json\/wp\/v2\/product"}],"about":[{"href":"https:\/\/perfectestetica.al\/en\/wp-json\/wp\/v2\/types\/product"}],"replies":[{"embeddable":true,"href":"https:\/\/perfectestetica.al\/en\/wp-json\/wp\/v2\/comments?post=3350"}],"version-history":[{"count":1,"href":"https:\/\/perfectestetica.al\/en\/wp-json\/wp\/v2\/product\/3350\/revisions"}],"predecessor-version":[{"id":3352,"href":"https:\/\/perfectestetica.al\/en\/wp-json\/wp\/v2\/product\/3350\/revisions\/3352"}],"wp:featuredmedia":[{"embeddable":true,"href":"https:\/\/perfectestetica.al\/en\/wp-json\/wp\/v2\/media\/3351"}],"wp:attachment":[{"href":"https:\/\/perfectestetica.al\/en\/wp-json\/wp\/v2\/media?parent=3350"}],"wp:term":[{"taxonomy":"product_brand","embeddable":true,"href":"https:\/\/perfectestetica.al\/en\/wp-json\/wp\/v2\/product_brand?post=3350"},{"taxonomy":"product_cat","embeddable":true,"href":"https:\/\/perfectestetica.al\/en\/wp-json\/wp\/v2\/product_cat?post=3350"},{"taxonomy":"product_tag","embeddable":true,"href":"https:\/\/perfectestetica.al\/en\/wp-json\/wp\/v2\/product_tag?post=3350"}],"curies":[{"name":"wp","href":"https:\/\/api.w.org\/{rel}","templated":true}]}}