{"id":3347,"date":"2023-02-03T22:52:41","date_gmt":"2023-02-03T21:52:41","guid":{"rendered":"https:\/\/perfectestetica.al\/?post_type=product&#038;p=3347"},"modified":"2023-02-03T22:52:41","modified_gmt":"2023-02-03T21:52:41","slug":"chronos-wrinkle-filler","status":"publish","type":"product","link":"https:\/\/perfectestetica.al\/en\/product\/chronos-wrinkle-filler\/","title":{"rendered":"Chronos \u2013 Wrinkle Filler"},"content":{"rendered":"","protected":false},"excerpt":{"rendered":"<p>Xhel me acid hialuronik dhe kompleks tripeptid-1 p\u00ebr p\u00ebrdorim topikal n\u00eb rrudhat e fytyr\u00ebs.<\/p>\n<p>Veprimi: Hidraton dhe p\u00ebrmir\u00ebson pamjen e l\u00ebkur\u00ebs duke \u201cmbushur\u201d rrudhat.<\/p>\n<p>P\u00ebrdorimi: Apliko nj\u00eb sasi t\u00eb vog\u00ebl n\u00eb sip\u00ebrfaqe t\u00eb rrudh\u00ebs dhe masazho derisa t\u00eb p\u00ebrthithet.<\/p>\n<p>Ingredient\u00ebt kryesor\u00eb: Sodium Hyaluronate &amp; Tripeptid-1, Almond Oil, Vitis Vinifera Seed Oil, Macadamia Ternifolia Seed Oil.<\/p>\n<table class=\"woocommerce-product-attributes shop_attributes\">\n<tbody>\n<tr class=\"woocommerce-product-attributes-item woocommerce-product-attributes-item--attribute_pa_size\">\n<th class=\"woocommerce-product-attributes-item__label\">Paketimi<\/th>\n<td class=\"woocommerce-product-attributes-item__value\">10mL<\/td>\n<\/tr>\n<tr class=\"woocommerce-product-attributes-item woocommerce-product-attributes-item--attribute_pa_llojet-e-lekures\">\n<th class=\"woocommerce-product-attributes-item__label\">Llojet e l\u00ebkur\u00ebs<\/th>\n<td class=\"woocommerce-product-attributes-item__value\">t\u00eb gjitha llojet<\/td>\n<\/tr>\n<\/tbody>\n<\/table>","protected":false},"featured_media":3348,"comment_status":"open","ping_status":"closed","template":"","meta":[],"product_brand":[],"product_cat":[58],"product_tag":[],"class_list":{"0":"post-3347","1":"product","2":"type-product","3":"status-publish","4":"has-post-thumbnail","6":"product_cat-skin-boosters","8":"first","9":"instock","10":"shipping-taxable","11":"purchasable","12":"product-type-simple"},"_links":{"self":[{"href":"https:\/\/perfectestetica.al\/en\/wp-json\/wp\/v2\/product\/3347","targetHints":{"allow":["GET"]}}],"collection":[{"href":"https:\/\/perfectestetica.al\/en\/wp-json\/wp\/v2\/product"}],"about":[{"href":"https:\/\/perfectestetica.al\/en\/wp-json\/wp\/v2\/types\/product"}],"replies":[{"embeddable":true,"href":"https:\/\/perfectestetica.al\/en\/wp-json\/wp\/v2\/comments?post=3347"}],"version-history":[{"count":1,"href":"https:\/\/perfectestetica.al\/en\/wp-json\/wp\/v2\/product\/3347\/revisions"}],"predecessor-version":[{"id":3349,"href":"https:\/\/perfectestetica.al\/en\/wp-json\/wp\/v2\/product\/3347\/revisions\/3349"}],"wp:featuredmedia":[{"embeddable":true,"href":"https:\/\/perfectestetica.al\/en\/wp-json\/wp\/v2\/media\/3348"}],"wp:attachment":[{"href":"https:\/\/perfectestetica.al\/en\/wp-json\/wp\/v2\/media?parent=3347"}],"wp:term":[{"taxonomy":"product_brand","embeddable":true,"href":"https:\/\/perfectestetica.al\/en\/wp-json\/wp\/v2\/product_brand?post=3347"},{"taxonomy":"product_cat","embeddable":true,"href":"https:\/\/perfectestetica.al\/en\/wp-json\/wp\/v2\/product_cat?post=3347"},{"taxonomy":"product_tag","embeddable":true,"href":"https:\/\/perfectestetica.al\/en\/wp-json\/wp\/v2\/product_tag?post=3347"}],"curies":[{"name":"wp","href":"https:\/\/api.w.org\/{rel}","templated":true}]}}