{"id":3344,"date":"2023-02-03T22:52:01","date_gmt":"2023-02-03T21:52:01","guid":{"rendered":"https:\/\/perfectestetica.al\/?post_type=product&#038;p=3344"},"modified":"2023-02-03T22:52:02","modified_gmt":"2023-02-03T21:52:02","slug":"apocalypsis-rejuvenating-gel","status":"publish","type":"product","link":"https:\/\/perfectestetica.al\/en\/product\/apocalypsis-rejuvenating-gel\/","title":{"rendered":"Apocalypsis Rejuvenating Gel"},"content":{"rendered":"","protected":false},"excerpt":{"rendered":"<p>Xhel rinovues dhe riparues i p\u00ebrshtatsh\u00ebm p\u00ebr zbehjen e shenjave, d\u00ebmtimeve t\u00eb l\u00ebkur\u00ebs dhe zbutjen e rrudhave.<\/p>\n<p>Veprimi: Hidraton dhe zbut l\u00ebkur\u00ebn, duke p\u00ebrmir\u00ebsuar pamjen e saj dhe duke siguruar nj\u00eb sip\u00ebrfaqe uniforme.<br \/>\nRekomandohet t\u00eb p\u00ebrdoret n\u00eb m\u00ebnyr\u00eb t\u00eb p\u00ebrditshme p\u00ebr t\u00eb arritur rigjenerim dhe hidratim, pas eksfolimit kimik dhe p\u00ebr l\u00ebkur\u00ebn e prirur ndaj akneve.<\/p>\n<p>P\u00ebrdorimi: Apliko n\u00eb l\u00ebkur\u00eb t\u00eb past\u00ebr dhe masazho but\u00ebsisht 1 deri n\u00eb 2 her\u00eb n\u00eb dit\u00eb.<\/p>\n<p>Ingredient\u00ebt kryesor\u00eb: Kelifluo, Drieline, Pentavitin, Dermonectin, D-Panthenol.<\/p>","protected":false},"featured_media":3345,"comment_status":"open","ping_status":"closed","template":"","meta":[],"product_brand":[],"product_cat":[58],"product_tag":[],"class_list":{"0":"post-3344","1":"product","2":"type-product","3":"status-publish","4":"has-post-thumbnail","6":"product_cat-skin-boosters","8":"first","9":"instock","10":"shipping-taxable","11":"purchasable","12":"product-type-simple"},"_links":{"self":[{"href":"https:\/\/perfectestetica.al\/en\/wp-json\/wp\/v2\/product\/3344","targetHints":{"allow":["GET"]}}],"collection":[{"href":"https:\/\/perfectestetica.al\/en\/wp-json\/wp\/v2\/product"}],"about":[{"href":"https:\/\/perfectestetica.al\/en\/wp-json\/wp\/v2\/types\/product"}],"replies":[{"embeddable":true,"href":"https:\/\/perfectestetica.al\/en\/wp-json\/wp\/v2\/comments?post=3344"}],"version-history":[{"count":1,"href":"https:\/\/perfectestetica.al\/en\/wp-json\/wp\/v2\/product\/3344\/revisions"}],"predecessor-version":[{"id":3346,"href":"https:\/\/perfectestetica.al\/en\/wp-json\/wp\/v2\/product\/3344\/revisions\/3346"}],"wp:featuredmedia":[{"embeddable":true,"href":"https:\/\/perfectestetica.al\/en\/wp-json\/wp\/v2\/media\/3345"}],"wp:attachment":[{"href":"https:\/\/perfectestetica.al\/en\/wp-json\/wp\/v2\/media?parent=3344"}],"wp:term":[{"taxonomy":"product_brand","embeddable":true,"href":"https:\/\/perfectestetica.al\/en\/wp-json\/wp\/v2\/product_brand?post=3344"},{"taxonomy":"product_cat","embeddable":true,"href":"https:\/\/perfectestetica.al\/en\/wp-json\/wp\/v2\/product_cat?post=3344"},{"taxonomy":"product_tag","embeddable":true,"href":"https:\/\/perfectestetica.al\/en\/wp-json\/wp\/v2\/product_tag?post=3344"}],"curies":[{"name":"wp","href":"https:\/\/api.w.org\/{rel}","templated":true}]}}