{"id":3341,"date":"2023-02-03T22:51:16","date_gmt":"2023-02-03T21:51:16","guid":{"rendered":"https:\/\/perfectestetica.al\/?post_type=product&#038;p=3341"},"modified":"2023-02-03T22:51:16","modified_gmt":"2023-02-03T21:51:16","slug":"apocalypsis-rejuvenating-cream","status":"publish","type":"product","link":"https:\/\/perfectestetica.al\/en\/product\/apocalypsis-rejuvenating-cream\/","title":{"rendered":"Apocalypsis Rejuvenating Cream"},"content":{"rendered":"","protected":false},"excerpt":{"rendered":"<p>Krem rinovues, rigjenerues i p\u00ebrshtatsh\u00ebm p\u00ebr l\u00ebkur\u00ebn me d\u00ebmtime, shenja dhe rrudha.<\/p>\n<p>Veprimi: P\u00ebrmir\u00ebson pamjen dhe cil\u00ebsin\u00eb e l\u00ebkur\u00ebs me shenja dhe rrudha, dhe e uniformizon sip\u00ebrfaqen e l\u00ebkur\u00ebs, duke e l\u00ebn\u00eb at\u00eb duksh\u00ebm m\u00eb t\u00eb but\u00eb. Ka nj\u00eb konsistenc\u00eb leht\u00ebsisht t\u00eb absorbueshme nga l\u00ebkura.<\/p>\n<p>P\u00ebrdorimi: Apliko nj\u00eb sasi t\u00eb vog\u00ebl dhe masazho but\u00ebsisht 1 deri n\u00eb 2 her\u00eb n\u00eb dit\u00eb. P\u00ebrdorimi i p\u00ebrditsh\u00ebm rekomandohet p\u00ebr l\u00ebkura t\u00eb thata.<\/p>\n<p>Ingredient\u00ebt kryesor\u00eb: Malus Domestica, Kelifluo, Drieline, Pentavitin, Dermonectin, D-Panthenol, A-Bisabolol, Shea Butter.<\/p>\n<table class=\"woocommerce-product-attributes shop_attributes\">\n<tbody>\n<tr class=\"woocommerce-product-attributes-item woocommerce-product-attributes-item--attribute_pa_size\">\n<th class=\"woocommerce-product-attributes-item__label\">Paketimi<\/th>\n<td class=\"woocommerce-product-attributes-item__value\">50mL<\/td>\n<\/tr>\n<tr class=\"woocommerce-product-attributes-item woocommerce-product-attributes-item--attribute_pa_llojet-e-lekures\">\n<th class=\"woocommerce-product-attributes-item__label\">Llojet e l\u00ebkur\u00ebs<\/th>\n<td class=\"woocommerce-product-attributes-item__value\">e that\u00eb, t\u00eb gjitha llojet<\/td>\n<\/tr>\n<\/tbody>\n<\/table>","protected":false},"featured_media":3342,"comment_status":"open","ping_status":"closed","template":"","meta":[],"product_brand":[],"product_cat":[58],"product_tag":[],"class_list":{"0":"post-3341","1":"product","2":"type-product","3":"status-publish","4":"has-post-thumbnail","6":"product_cat-skin-boosters","8":"first","9":"instock","10":"shipping-taxable","11":"purchasable","12":"product-type-simple"},"_links":{"self":[{"href":"https:\/\/perfectestetica.al\/en\/wp-json\/wp\/v2\/product\/3341","targetHints":{"allow":["GET"]}}],"collection":[{"href":"https:\/\/perfectestetica.al\/en\/wp-json\/wp\/v2\/product"}],"about":[{"href":"https:\/\/perfectestetica.al\/en\/wp-json\/wp\/v2\/types\/product"}],"replies":[{"embeddable":true,"href":"https:\/\/perfectestetica.al\/en\/wp-json\/wp\/v2\/comments?post=3341"}],"version-history":[{"count":1,"href":"https:\/\/perfectestetica.al\/en\/wp-json\/wp\/v2\/product\/3341\/revisions"}],"predecessor-version":[{"id":3343,"href":"https:\/\/perfectestetica.al\/en\/wp-json\/wp\/v2\/product\/3341\/revisions\/3343"}],"wp:featuredmedia":[{"embeddable":true,"href":"https:\/\/perfectestetica.al\/en\/wp-json\/wp\/v2\/media\/3342"}],"wp:attachment":[{"href":"https:\/\/perfectestetica.al\/en\/wp-json\/wp\/v2\/media?parent=3341"}],"wp:term":[{"taxonomy":"product_brand","embeddable":true,"href":"https:\/\/perfectestetica.al\/en\/wp-json\/wp\/v2\/product_brand?post=3341"},{"taxonomy":"product_cat","embeddable":true,"href":"https:\/\/perfectestetica.al\/en\/wp-json\/wp\/v2\/product_cat?post=3341"},{"taxonomy":"product_tag","embeddable":true,"href":"https:\/\/perfectestetica.al\/en\/wp-json\/wp\/v2\/product_tag?post=3341"}],"curies":[{"name":"wp","href":"https:\/\/api.w.org\/{rel}","templated":true}]}}