{"id":3338,"date":"2023-02-03T22:50:19","date_gmt":"2023-02-03T21:50:19","guid":{"rendered":"https:\/\/perfectestetica.al\/?post_type=product&#038;p=3338"},"modified":"2023-02-03T22:50:19","modified_gmt":"2023-02-03T21:50:19","slug":"triple-action-shape-gel","status":"publish","type":"product","link":"https:\/\/perfectestetica.al\/en\/product\/triple-action-shape-gel\/","title":{"rendered":"Triple Action Shape Gel"},"content":{"rendered":"","protected":false},"excerpt":{"rendered":"<p>Xhel p\u00ebr trupin me veprimit t\u00eb trefisht\u00eb p\u00ebr trupat me celulit, dhjam lokal dhe l\u00ebkur\u00eb t\u00eb r\u00ebn\u00eb.<\/p>\n<p>Veprimi: Ekstraktet bimore t\u00eb Guarana,<br \/>\nChrysanthellum Indicum dhe Kafeja e gjelb\u00ebr aktivizon n\u00eb \u00e7ast pro\u00e7esin e lipoliz\u00ebs, koenzima A stimulon ndarjen e acideve yndyrore dhe taninave, q\u00eb luftojn\u00eb plakjen e l\u00ebkur\u00ebs. Argisil C dhe Remoduline aktivizojn\u00eb lipoliz\u00ebn, reduktojn\u00eb celulitin dhe parandalojn\u00eb varjen e l\u00ebkur\u00ebs. Agjent\u00ebt angiotensiv\u00eb dhe dekongjesionant\u00eb nxisin stimulimin e en\u00ebve dhe dekongjestionin, rivendosin mikroqarkullimin limfatik dhe venoz t\u00eb indeve, duke parandaluar p\u00ebrq\u00ebndrimin e toksinave dhe radikaleve t\u00eb lira. Veprimi pa ndales\u00eb i A2 Blockers \u2122 lufton reagimin natyror t\u00eb organizmit p\u00ebr t\u00eb frenuar k\u00ebt\u00eb djegie t\u00eb yndyrnave t\u00eb tep\u00ebrta nga element\u00ebt aktive t\u00eb produktit. N\u00eb k\u00ebt\u00eb m\u00ebnyr\u00eb sigurohet vazhdueshm\u00ebria e efektit lipolitik t\u00eb tij.<\/p>\n<p>P\u00ebrdorimi: Apliko xhelin n\u00eb l\u00ebkur\u00eb dhe masazhoje n\u00eb zon\u00ebn e apikuar derisa t\u00eb absorbohet.<\/p>\n<p>Ingredient\u00ebt kryesor\u00eb: Guarana Extract, A2 Blockers, Argisil C, Lipocare, Remoduline, Ecoslim.<\/p>\n<table class=\"woocommerce-product-attributes shop_attributes\">\n<tbody>\n<tr class=\"woocommerce-product-attributes-item woocommerce-product-attributes-item--attribute_pa_size\">\n<th class=\"woocommerce-product-attributes-item__label\">Paketimi<\/th>\n<td class=\"woocommerce-product-attributes-item__value\">200mL<\/td>\n<\/tr>\n<tr class=\"woocommerce-product-attributes-item woocommerce-product-attributes-item--attribute_pa_llojet-e-lekures\">\n<th class=\"woocommerce-product-attributes-item__label\">Llojet e l\u00ebkur\u00ebs<\/th>\n<td class=\"woocommerce-product-attributes-item__value\">t\u00eb gjitha llojet<\/td>\n<\/tr>\n<\/tbody>\n<\/table>","protected":false},"featured_media":3339,"comment_status":"open","ping_status":"closed","template":"","meta":[],"product_brand":[],"product_cat":[57],"product_tag":[],"class_list":{"0":"post-3338","1":"product","2":"type-product","3":"status-publish","4":"has-post-thumbnail","6":"product_cat-kujdesi-i-trupit","8":"first","9":"instock","10":"shipping-taxable","11":"purchasable","12":"product-type-simple"},"_links":{"self":[{"href":"https:\/\/perfectestetica.al\/en\/wp-json\/wp\/v2\/product\/3338","targetHints":{"allow":["GET"]}}],"collection":[{"href":"https:\/\/perfectestetica.al\/en\/wp-json\/wp\/v2\/product"}],"about":[{"href":"https:\/\/perfectestetica.al\/en\/wp-json\/wp\/v2\/types\/product"}],"replies":[{"embeddable":true,"href":"https:\/\/perfectestetica.al\/en\/wp-json\/wp\/v2\/comments?post=3338"}],"version-history":[{"count":1,"href":"https:\/\/perfectestetica.al\/en\/wp-json\/wp\/v2\/product\/3338\/revisions"}],"predecessor-version":[{"id":3340,"href":"https:\/\/perfectestetica.al\/en\/wp-json\/wp\/v2\/product\/3338\/revisions\/3340"}],"wp:featuredmedia":[{"embeddable":true,"href":"https:\/\/perfectestetica.al\/en\/wp-json\/wp\/v2\/media\/3339"}],"wp:attachment":[{"href":"https:\/\/perfectestetica.al\/en\/wp-json\/wp\/v2\/media?parent=3338"}],"wp:term":[{"taxonomy":"product_brand","embeddable":true,"href":"https:\/\/perfectestetica.al\/en\/wp-json\/wp\/v2\/product_brand?post=3338"},{"taxonomy":"product_cat","embeddable":true,"href":"https:\/\/perfectestetica.al\/en\/wp-json\/wp\/v2\/product_cat?post=3338"},{"taxonomy":"product_tag","embeddable":true,"href":"https:\/\/perfectestetica.al\/en\/wp-json\/wp\/v2\/product_tag?post=3338"}],"curies":[{"name":"wp","href":"https:\/\/api.w.org\/{rel}","templated":true}]}}