{"id":3335,"date":"2023-02-03T22:49:45","date_gmt":"2023-02-03T21:49:45","guid":{"rendered":"https:\/\/perfectestetica.al\/?post_type=product&#038;p=3335"},"modified":"2023-02-03T22:49:45","modified_gmt":"2023-02-03T21:49:45","slug":"thermoslim-gel","status":"publish","type":"product","link":"https:\/\/perfectestetica.al\/en\/product\/thermoslim-gel\/","title":{"rendered":"Thermoslim Gel"},"content":{"rendered":"","protected":false},"excerpt":{"rendered":"<p>Xhel me nxeht\u00ebsi me performanc\u00eb t\u00eb lart\u00eb p\u00ebr trupat me celulit dhe dhjam lokal.<\/p>\n<p>Veprimi: Kombinimi i vasodilatatorit t\u00eb fuqish\u00ebm Methyl Nicotinate (ester i vitamin\u00ebs B) me Capsicum t\u00eb nxeht\u00eb arrin zgjerimin kapilar\u00ebve, rritjen e mikroqarkullimit dhe hiperemis\u00eb n\u00eb epiderm\u00eb. Kompleksi i ekstraktit t\u00eb jodit (Iododrate) dhe ekstraktet e dredh\u00ebzave dhe ruskusit intensifikojn\u00eb mikroqarkulimin e indeve dhe rezultojn\u00eb n\u00eb dekongjestionimin dhe aktivizimin e menj\u00ebhersh\u00ebm t\u00eb pro\u00e7esit t\u00eb lipoliz\u00ebs.<\/p>\n<p>P\u00ebrdorimi: Masazhoje n\u00eb l\u00ebkur\u00eb derisa<br \/>\nt\u00eb absorbohet.<\/p>\n<p>Kundraindikacione: Nuk rekomandohet p\u00ebr personat q\u00eb kan\u00eb probleme me qarkullimin e gjakut.<\/p>\n<p>Ingredient\u00ebt kryesor\u00eb: Methyl Nicotinate, Ivy Extract, Ruscus Extract, Prosveltyl, Iodotrat.<\/p>\n<table class=\"woocommerce-product-attributes shop_attributes\">\n<tbody>\n<tr class=\"woocommerce-product-attributes-item woocommerce-product-attributes-item--attribute_pa_size\">\n<th class=\"woocommerce-product-attributes-item__label\">Paketimi<\/th>\n<td class=\"woocommerce-product-attributes-item__value\">200mL<\/td>\n<\/tr>\n<tr class=\"woocommerce-product-attributes-item woocommerce-product-attributes-item--attribute_pa_llojet-e-lekures\">\n<th class=\"woocommerce-product-attributes-item__label\">Llojet e l\u00ebkur\u00ebs<\/th>\n<td class=\"woocommerce-product-attributes-item__value\">t\u00eb gjitha llojet<\/td>\n<\/tr>\n<\/tbody>\n<\/table>","protected":false},"featured_media":3336,"comment_status":"open","ping_status":"closed","template":"","meta":[],"product_brand":[],"product_cat":[57],"product_tag":[],"class_list":{"0":"post-3335","1":"product","2":"type-product","3":"status-publish","4":"has-post-thumbnail","6":"product_cat-kujdesi-i-trupit","8":"first","9":"instock","10":"shipping-taxable","11":"purchasable","12":"product-type-simple"},"_links":{"self":[{"href":"https:\/\/perfectestetica.al\/en\/wp-json\/wp\/v2\/product\/3335","targetHints":{"allow":["GET"]}}],"collection":[{"href":"https:\/\/perfectestetica.al\/en\/wp-json\/wp\/v2\/product"}],"about":[{"href":"https:\/\/perfectestetica.al\/en\/wp-json\/wp\/v2\/types\/product"}],"replies":[{"embeddable":true,"href":"https:\/\/perfectestetica.al\/en\/wp-json\/wp\/v2\/comments?post=3335"}],"version-history":[{"count":1,"href":"https:\/\/perfectestetica.al\/en\/wp-json\/wp\/v2\/product\/3335\/revisions"}],"predecessor-version":[{"id":3337,"href":"https:\/\/perfectestetica.al\/en\/wp-json\/wp\/v2\/product\/3335\/revisions\/3337"}],"wp:featuredmedia":[{"embeddable":true,"href":"https:\/\/perfectestetica.al\/en\/wp-json\/wp\/v2\/media\/3336"}],"wp:attachment":[{"href":"https:\/\/perfectestetica.al\/en\/wp-json\/wp\/v2\/media?parent=3335"}],"wp:term":[{"taxonomy":"product_brand","embeddable":true,"href":"https:\/\/perfectestetica.al\/en\/wp-json\/wp\/v2\/product_brand?post=3335"},{"taxonomy":"product_cat","embeddable":true,"href":"https:\/\/perfectestetica.al\/en\/wp-json\/wp\/v2\/product_cat?post=3335"},{"taxonomy":"product_tag","embeddable":true,"href":"https:\/\/perfectestetica.al\/en\/wp-json\/wp\/v2\/product_tag?post=3335"}],"curies":[{"name":"wp","href":"https:\/\/api.w.org\/{rel}","templated":true}]}}