{"id":3332,"date":"2023-02-03T22:49:03","date_gmt":"2023-02-03T21:49:03","guid":{"rendered":"https:\/\/perfectestetica.al\/?post_type=product&#038;p=3332"},"modified":"2023-02-03T22:49:03","modified_gmt":"2023-02-03T21:49:03","slug":"stretch-firm-cream","status":"publish","type":"product","link":"https:\/\/perfectestetica.al\/en\/product\/stretch-firm-cream\/","title":{"rendered":"Stretch Firm Cream"},"content":{"rendered":"","protected":false},"excerpt":{"rendered":"<p>Krem trupi tonifikues p\u00ebr l\u00ebkur\u00eb t\u00eb r\u00ebn\u00eb dhe me strija.<\/p>\n<p>Veprimi: Vaji i kamomilit me Isoslim kompleks luftojn\u00eb celulitin, forcojn\u00eb indin lidhor dhe menj\u00ebher\u00eb tendosin l\u00ebkur\u00ebn. Aquaderm p\u00ebrmban aminoacide esenciale dhe vitamina p\u00ebr t\u00eb reduktuar humbjen interdermale t\u00eb lag\u00ebshtis\u00eb, p\u00ebr t\u00eb rritur hidratimin e<br \/>\nshtresave t\u00eb sip\u00ebrme t\u00eb l\u00ebkur\u00ebs, rregulluar balanc\u00ebn hidrolipidike dhe p\u00ebrmir\u00ebsuar elasticitetin e l\u00ebkur\u00ebs. Algisium C2 ka vetin\u00eb e djegies s\u00eb dhjamit pasi aktivizon hidroliz\u00ebn e triglicerideve, nxit prodhimin e kolagjenit dhe ndihmon n\u00eb reduktimin e strijave t\u00eb shkaktuara nga shtatzania ose ndryshimi i shpejt\u00eb i pesh\u00ebs.<br \/>\nHydroxyprolisilane aktivizon fibroblastet dhe rigjeneron indet.<\/p>\n<p>P\u00ebrdorimi: Apliko n\u00eb l\u00ebkur\u00eb dhe masazhoje derisa t\u00eb absorbohet.<\/p>\n<p>Ingredient\u00ebt kryesor\u00eb: Chamomille Oil, Hydroxyprolisilane, Algisium C2, Cikaderm, Isoslim Complex.<\/p>\n<table class=\"woocommerce-product-attributes shop_attributes\">\n<tbody>\n<tr class=\"woocommerce-product-attributes-item woocommerce-product-attributes-item--attribute_pa_size\">\n<th class=\"woocommerce-product-attributes-item__label\">Paketimi<\/th>\n<td class=\"woocommerce-product-attributes-item__value\">200mL<\/td>\n<\/tr>\n<tr class=\"woocommerce-product-attributes-item woocommerce-product-attributes-item--attribute_pa_llojet-e-lekures\">\n<th class=\"woocommerce-product-attributes-item__label\">Llojet e l\u00ebkur\u00ebs<\/th>\n<td class=\"woocommerce-product-attributes-item__value\">t\u00eb gjitha llojet<\/td>\n<\/tr>\n<\/tbody>\n<\/table>","protected":false},"featured_media":3333,"comment_status":"open","ping_status":"closed","template":"","meta":[],"product_brand":[],"product_cat":[57],"product_tag":[],"class_list":{"0":"post-3332","1":"product","2":"type-product","3":"status-publish","4":"has-post-thumbnail","6":"product_cat-kujdesi-i-trupit","8":"first","9":"instock","10":"shipping-taxable","11":"purchasable","12":"product-type-simple"},"_links":{"self":[{"href":"https:\/\/perfectestetica.al\/en\/wp-json\/wp\/v2\/product\/3332","targetHints":{"allow":["GET"]}}],"collection":[{"href":"https:\/\/perfectestetica.al\/en\/wp-json\/wp\/v2\/product"}],"about":[{"href":"https:\/\/perfectestetica.al\/en\/wp-json\/wp\/v2\/types\/product"}],"replies":[{"embeddable":true,"href":"https:\/\/perfectestetica.al\/en\/wp-json\/wp\/v2\/comments?post=3332"}],"version-history":[{"count":1,"href":"https:\/\/perfectestetica.al\/en\/wp-json\/wp\/v2\/product\/3332\/revisions"}],"predecessor-version":[{"id":3334,"href":"https:\/\/perfectestetica.al\/en\/wp-json\/wp\/v2\/product\/3332\/revisions\/3334"}],"wp:featuredmedia":[{"embeddable":true,"href":"https:\/\/perfectestetica.al\/en\/wp-json\/wp\/v2\/media\/3333"}],"wp:attachment":[{"href":"https:\/\/perfectestetica.al\/en\/wp-json\/wp\/v2\/media?parent=3332"}],"wp:term":[{"taxonomy":"product_brand","embeddable":true,"href":"https:\/\/perfectestetica.al\/en\/wp-json\/wp\/v2\/product_brand?post=3332"},{"taxonomy":"product_cat","embeddable":true,"href":"https:\/\/perfectestetica.al\/en\/wp-json\/wp\/v2\/product_cat?post=3332"},{"taxonomy":"product_tag","embeddable":true,"href":"https:\/\/perfectestetica.al\/en\/wp-json\/wp\/v2\/product_tag?post=3332"}],"curies":[{"name":"wp","href":"https:\/\/api.w.org\/{rel}","templated":true}]}}