{"id":3329,"date":"2023-02-03T22:48:07","date_gmt":"2023-02-03T21:48:07","guid":{"rendered":"https:\/\/perfectestetica.al\/?post_type=product&#038;p=3329"},"modified":"2023-02-03T22:48:08","modified_gmt":"2023-02-03T21:48:08","slug":"post-depil-cream","status":"publish","type":"product","link":"https:\/\/perfectestetica.al\/en\/product\/post-depil-cream\/","title":{"rendered":"Post Depil Cream"},"content":{"rendered":"","protected":false},"excerpt":{"rendered":"<p>Krem kund\u00ebr acarimit t\u00eb shkaktuar nga depilimi.<\/p>\n<p>Krem qet\u00ebsues me shum\u00eb veprime, p\u00ebr t\u2019u p\u00ebrdorur pas heqjes s\u00eb qimeve n\u00eb fytyr\u00eb dhe trup. Zbut dhe qet\u00ebson l\u00ebkur\u00ebn nga irritimi. P\u00ebrdorimi i tij i rregullt pas trajtimit t\u00eb heqjes s\u00eb qimeve, ngadal\u00ebson rritjen e qimeve n\u00eb vazhdim. Rekomandohet p\u00ebr t\u00eb gjitha metodat e depilimit. N\u00eb rast t\u00eb p\u00ebrdorimit t\u00eb dyllit p\u00ebr depilim, mund t\u00eb heq\u00eb dhe mbetjet e tyre.<\/p>\n<p>P\u00ebrdorimi: Pas depilimit, aplikoje dhe masazhoje leht\u00eb derisa t\u00eb p\u00ebrthithet.<\/p>\n<p>Ingredient\u00ebt kryesor\u00eb: Kelisoft (Chelidonine) 3%, Kompleksi Ac Hfci Af (Lactobacillus \/ Filtrate frutash, kakao &amp; dekapeptid-1) 2%<\/p>\n<table class=\"woocommerce-product-attributes shop_attributes\">\n<tbody>\n<tr class=\"woocommerce-product-attributes-item woocommerce-product-attributes-item--attribute_pa_size\">\n<th class=\"woocommerce-product-attributes-item__label\">Paketimi<\/th>\n<td class=\"woocommerce-product-attributes-item__value\">50mL<\/td>\n<\/tr>\n<\/tbody>\n<\/table>","protected":false},"featured_media":3330,"comment_status":"open","ping_status":"closed","template":"","meta":[],"product_brand":[],"product_cat":[57],"product_tag":[],"class_list":{"0":"post-3329","1":"product","2":"type-product","3":"status-publish","4":"has-post-thumbnail","6":"product_cat-kujdesi-i-trupit","8":"first","9":"instock","10":"shipping-taxable","11":"purchasable","12":"product-type-simple"},"_links":{"self":[{"href":"https:\/\/perfectestetica.al\/en\/wp-json\/wp\/v2\/product\/3329","targetHints":{"allow":["GET"]}}],"collection":[{"href":"https:\/\/perfectestetica.al\/en\/wp-json\/wp\/v2\/product"}],"about":[{"href":"https:\/\/perfectestetica.al\/en\/wp-json\/wp\/v2\/types\/product"}],"replies":[{"embeddable":true,"href":"https:\/\/perfectestetica.al\/en\/wp-json\/wp\/v2\/comments?post=3329"}],"version-history":[{"count":1,"href":"https:\/\/perfectestetica.al\/en\/wp-json\/wp\/v2\/product\/3329\/revisions"}],"predecessor-version":[{"id":3331,"href":"https:\/\/perfectestetica.al\/en\/wp-json\/wp\/v2\/product\/3329\/revisions\/3331"}],"wp:featuredmedia":[{"embeddable":true,"href":"https:\/\/perfectestetica.al\/en\/wp-json\/wp\/v2\/media\/3330"}],"wp:attachment":[{"href":"https:\/\/perfectestetica.al\/en\/wp-json\/wp\/v2\/media?parent=3329"}],"wp:term":[{"taxonomy":"product_brand","embeddable":true,"href":"https:\/\/perfectestetica.al\/en\/wp-json\/wp\/v2\/product_brand?post=3329"},{"taxonomy":"product_cat","embeddable":true,"href":"https:\/\/perfectestetica.al\/en\/wp-json\/wp\/v2\/product_cat?post=3329"},{"taxonomy":"product_tag","embeddable":true,"href":"https:\/\/perfectestetica.al\/en\/wp-json\/wp\/v2\/product_tag?post=3329"}],"curies":[{"name":"wp","href":"https:\/\/api.w.org\/{rel}","templated":true}]}}