{"id":3326,"date":"2023-02-03T22:47:27","date_gmt":"2023-02-03T21:47:27","guid":{"rendered":"https:\/\/perfectestetica.al\/?post_type=product&#038;p=3326"},"modified":"2023-02-03T22:47:27","modified_gmt":"2023-02-03T21:47:27","slug":"moisturizing-body-cream","status":"publish","type":"product","link":"https:\/\/perfectestetica.al\/en\/product\/moisturizing-body-cream\/","title":{"rendered":"Moisturizing Body Cream"},"content":{"rendered":"","protected":false},"excerpt":{"rendered":"<p>Krem trupi hidratues i p\u00ebrshtatsh\u00ebm p\u00ebr t\u00eb gjitha llojet e l\u00ebkur\u00ebs.<\/p>\n<p>Veprimi: Menj\u00ebher\u00eb rikthen ekuilibrin e ujit n\u00eb l\u00ebkur\u00eb dhe p\u00ebrmir\u00ebson tekstur\u00ebn e saj. Kombinon acidin hialuronik me Sepilift, t\u00eb cilat hidratojn\u00eb epiderm\u00ebn dhe rrisin prodhimin e kolagjenit dhe elastin\u00ebs, duke stimuluar rritjen e tonicitetit. I pasuruar me p\u00ebrb\u00ebr\u00ebs t\u00eb orizit dhe gjalpit t\u00eb kakaos, p\u00ebr veprime intensive hidratuese, dhe ekstrakt t\u00eb k\u00ebrpudhave p\u00ebr revitalizim dhe stimulim epidermal. Ai ka nj\u00eb konsistenc\u00eb t\u00eb but\u00eb, e absorbohet leht\u00eb pa l\u00ebn\u00eb yndyr\u00eb si dhe jep efekte hidratuese t\u00eb q\u00ebndrueshme.<\/p>\n<p>P\u00ebrdorimi: Apliko kremin n\u00eb l\u00ebkur\u00eb me masazhim t\u00eb leht\u00eb derisa t\u00eb absorbohet. Rekomandohet p\u00ebrdorim i p\u00ebrditsh\u00ebm pas larjes.<\/p>\n<p>Ingredient\u00ebt kryesor\u00eb: Sepilift, Hyaluronic Acid MMW, Mushroom Extract, Rice Extract, Shea Butter.<\/p>\n<table class=\"woocommerce-product-attributes shop_attributes\">\n<tbody>\n<tr class=\"woocommerce-product-attributes-item woocommerce-product-attributes-item--attribute_pa_size\">\n<th class=\"woocommerce-product-attributes-item__label\">Paketimi<\/th>\n<td class=\"woocommerce-product-attributes-item__value\">200mL<\/td>\n<\/tr>\n<tr class=\"woocommerce-product-attributes-item woocommerce-product-attributes-item--attribute_pa_llojet-e-lekures\">\n<th class=\"woocommerce-product-attributes-item__label\">Llojet e l\u00ebkur\u00ebs<\/th>\n<td class=\"woocommerce-product-attributes-item__value\">t\u00eb gjitha llojet<\/td>\n<\/tr>\n<\/tbody>\n<\/table>","protected":false},"featured_media":3327,"comment_status":"open","ping_status":"closed","template":"","meta":[],"product_brand":[],"product_cat":[57],"product_tag":[],"class_list":{"0":"post-3326","1":"product","2":"type-product","3":"status-publish","4":"has-post-thumbnail","6":"product_cat-kujdesi-i-trupit","8":"first","9":"instock","10":"shipping-taxable","11":"purchasable","12":"product-type-simple"},"_links":{"self":[{"href":"https:\/\/perfectestetica.al\/en\/wp-json\/wp\/v2\/product\/3326","targetHints":{"allow":["GET"]}}],"collection":[{"href":"https:\/\/perfectestetica.al\/en\/wp-json\/wp\/v2\/product"}],"about":[{"href":"https:\/\/perfectestetica.al\/en\/wp-json\/wp\/v2\/types\/product"}],"replies":[{"embeddable":true,"href":"https:\/\/perfectestetica.al\/en\/wp-json\/wp\/v2\/comments?post=3326"}],"version-history":[{"count":1,"href":"https:\/\/perfectestetica.al\/en\/wp-json\/wp\/v2\/product\/3326\/revisions"}],"predecessor-version":[{"id":3328,"href":"https:\/\/perfectestetica.al\/en\/wp-json\/wp\/v2\/product\/3326\/revisions\/3328"}],"wp:featuredmedia":[{"embeddable":true,"href":"https:\/\/perfectestetica.al\/en\/wp-json\/wp\/v2\/media\/3327"}],"wp:attachment":[{"href":"https:\/\/perfectestetica.al\/en\/wp-json\/wp\/v2\/media?parent=3326"}],"wp:term":[{"taxonomy":"product_brand","embeddable":true,"href":"https:\/\/perfectestetica.al\/en\/wp-json\/wp\/v2\/product_brand?post=3326"},{"taxonomy":"product_cat","embeddable":true,"href":"https:\/\/perfectestetica.al\/en\/wp-json\/wp\/v2\/product_cat?post=3326"},{"taxonomy":"product_tag","embeddable":true,"href":"https:\/\/perfectestetica.al\/en\/wp-json\/wp\/v2\/product_tag?post=3326"}],"curies":[{"name":"wp","href":"https:\/\/api.w.org\/{rel}","templated":true}]}}