{"id":3323,"date":"2023-02-03T22:46:53","date_gmt":"2023-02-03T21:46:53","guid":{"rendered":"https:\/\/perfectestetica.al\/?post_type=product&#038;p=3323"},"modified":"2023-02-03T22:46:53","modified_gmt":"2023-02-03T21:46:53","slug":"lipout-shape-cream","status":"publish","type":"product","link":"https:\/\/perfectestetica.al\/en\/product\/lipout-shape-cream\/","title":{"rendered":"Lipout Shape Cream"},"content":{"rendered":"","protected":false},"excerpt":{"rendered":"<p>Nj\u00eb krem multi-sinergjik p\u00ebr trupat me celulit dhe dhjam lokal.<\/p>\n<p>Veprimi: P\u00ebrmir\u00ebson pamjen e l\u00ebkur\u00ebs me celulit, duke e l\u00ebn\u00eb at\u00eb t\u00eb but\u00eb dhe t\u00eb hidratuar. Kombinon veprimin e Lipout (origjin\u00eb detare) dhe ekstraktit Prosveltyl, q\u00eb aktivizojn\u00eb qelizat q\u00eb djegin yndyr\u00ebn n\u00eb indet dhjamore, p\u00ebr t\u00eb reduktuar yndyr\u00ebn e tep\u00ebrt dhe p\u00ebr t\u00eb p\u00ebrsosur siluet\u00ebn. Favorizon hidroliz\u00ebn e triglicerideve t\u00eb adipociteve. Veprimi pa ndales\u00eb i komponentit A2 Blockers \u2122 lufton reagimin natyror t\u00eb organizmit p\u00ebr t\u00eb frenuar k\u00ebt\u00eb djegie t\u00eb yndyrnave t\u00eb tep\u00ebrta nga element\u00ebt aktive t\u00eb produktit. N\u00eb k\u00ebt\u00eb m\u00ebnyr\u00eb sigurohet vazhdueshm\u00ebria e efektit lipolitik t\u00eb tij.<\/p>\n<p>P\u00ebrdorimi: Masazhoje derisa t\u00eb absorbohet.<\/p>\n<p>Ingredient\u00ebt kryesor\u00eb: Lipout, Ruscus Extract, Ivy Extract, Prosveltyl, A2 Blockers.<\/p>\n<table class=\"woocommerce-product-attributes shop_attributes\">\n<tbody>\n<tr class=\"woocommerce-product-attributes-item woocommerce-product-attributes-item--attribute_pa_size\">\n<th class=\"woocommerce-product-attributes-item__label\">Paketimi<\/th>\n<td class=\"woocommerce-product-attributes-item__value\">200mL<\/td>\n<\/tr>\n<tr class=\"woocommerce-product-attributes-item woocommerce-product-attributes-item--attribute_pa_llojet-e-lekures\">\n<th class=\"woocommerce-product-attributes-item__label\">Llojet e l\u00ebkur\u00ebs<\/th>\n<td class=\"woocommerce-product-attributes-item__value\">t\u00eb gjitha llojet<\/td>\n<\/tr>\n<\/tbody>\n<\/table>","protected":false},"featured_media":3324,"comment_status":"open","ping_status":"closed","template":"","meta":[],"product_brand":[],"product_cat":[57],"product_tag":[],"class_list":{"0":"post-3323","1":"product","2":"type-product","3":"status-publish","4":"has-post-thumbnail","6":"product_cat-kujdesi-i-trupit","8":"first","9":"instock","10":"shipping-taxable","11":"purchasable","12":"product-type-simple"},"_links":{"self":[{"href":"https:\/\/perfectestetica.al\/en\/wp-json\/wp\/v2\/product\/3323","targetHints":{"allow":["GET"]}}],"collection":[{"href":"https:\/\/perfectestetica.al\/en\/wp-json\/wp\/v2\/product"}],"about":[{"href":"https:\/\/perfectestetica.al\/en\/wp-json\/wp\/v2\/types\/product"}],"replies":[{"embeddable":true,"href":"https:\/\/perfectestetica.al\/en\/wp-json\/wp\/v2\/comments?post=3323"}],"version-history":[{"count":1,"href":"https:\/\/perfectestetica.al\/en\/wp-json\/wp\/v2\/product\/3323\/revisions"}],"predecessor-version":[{"id":3325,"href":"https:\/\/perfectestetica.al\/en\/wp-json\/wp\/v2\/product\/3323\/revisions\/3325"}],"wp:featuredmedia":[{"embeddable":true,"href":"https:\/\/perfectestetica.al\/en\/wp-json\/wp\/v2\/media\/3324"}],"wp:attachment":[{"href":"https:\/\/perfectestetica.al\/en\/wp-json\/wp\/v2\/media?parent=3323"}],"wp:term":[{"taxonomy":"product_brand","embeddable":true,"href":"https:\/\/perfectestetica.al\/en\/wp-json\/wp\/v2\/product_brand?post=3323"},{"taxonomy":"product_cat","embeddable":true,"href":"https:\/\/perfectestetica.al\/en\/wp-json\/wp\/v2\/product_cat?post=3323"},{"taxonomy":"product_tag","embeddable":true,"href":"https:\/\/perfectestetica.al\/en\/wp-json\/wp\/v2\/product_tag?post=3323"}],"curies":[{"name":"wp","href":"https:\/\/api.w.org\/{rel}","templated":true}]}}