{"id":3320,"date":"2023-02-03T22:45:45","date_gmt":"2023-02-03T21:45:45","guid":{"rendered":"https:\/\/perfectestetica.al\/?post_type=product&#038;p=3320"},"modified":"2023-02-03T22:45:46","modified_gmt":"2023-02-03T21:45:46","slug":"lipofikya-gel","status":"publish","type":"product","link":"https:\/\/perfectestetica.al\/en\/product\/lipofikya-gel\/","title":{"rendered":"Lipofikya Gel"},"content":{"rendered":"","protected":false},"excerpt":{"rendered":"<p>Xhel trupi me alga, me arom\u00eb t\u00eb k\u00ebndshme, kund\u00ebr celuitit dhe dhjamit lokal.<\/p>\n<p>Veprimi: P\u00ebrmir\u00ebson celulitin n\u00eb l\u00ebkur\u00eb dhe rrit uniformitetin e saj duke e l\u00ebn\u00eb at\u00eb t\u00eb but\u00eb dhe t\u00eb t\u00ebrhequr. Ai kombinon Fucus Versiculosus, alg\u00eb t\u00eb pasur me trace elements (t\u00eb tilla si jod, Fe, Zn) dhe aminoacide.<br \/>\nI pasuruar me iodin\u00eb kompleks (Iododrat), me spirulina dhe ekstrakte ruskus, nxit mikroqarkulimin, aktivizon metabolizmin e qelizave dhe luan nj\u00eb rol t\u00eb madh n\u00eb detoksifikimin, djegien e yndyr\u00ebs dhe pro\u00e7esin e eliminimit t\u00eb triglicerideve t\u00eb trupit. Xheli absorbohet me leht\u00ebsi dhe ka nj\u00eb er\u00eb t\u00eb k\u00ebndshme menteje.<\/p>\n<p>P\u00ebrdorimi: Masazhoje derisa t\u00eb jet\u00eb absorbuar dhe mos e hiq. P\u00ebr t\u00eb p\u00ebrmir\u00ebsuar efektin e tij, masazho fillimisht Thermoslim gel dhe pastaj Lipofykia Gel deri n\u00eb absorbim.<\/p>\n<p>Ingredient\u00ebt kryesor\u00eb: Fucus Vesiculosus Extract, Spirulina Extract, Ruscus Extract, Iododrat, Thalaton.<\/p>\n<table class=\"woocommerce-product-attributes shop_attributes\">\n<tbody>\n<tr class=\"woocommerce-product-attributes-item woocommerce-product-attributes-item--attribute_pa_size\">\n<th class=\"woocommerce-product-attributes-item__label\">Paketimi<\/th>\n<td class=\"woocommerce-product-attributes-item__value\">200mL<\/td>\n<\/tr>\n<tr class=\"woocommerce-product-attributes-item woocommerce-product-attributes-item--attribute_pa_llojet-e-lekures\">\n<th class=\"woocommerce-product-attributes-item__label\">Llojet e l\u00ebkur\u00ebs<\/th>\n<td class=\"woocommerce-product-attributes-item__value\">t\u00eb gjitha llojet<\/td>\n<\/tr>\n<\/tbody>\n<\/table>","protected":false},"featured_media":3321,"comment_status":"open","ping_status":"closed","template":"","meta":[],"product_brand":[],"product_cat":[57],"product_tag":[],"class_list":{"0":"post-3320","1":"product","2":"type-product","3":"status-publish","4":"has-post-thumbnail","6":"product_cat-kujdesi-i-trupit","8":"first","9":"instock","10":"shipping-taxable","11":"purchasable","12":"product-type-simple"},"_links":{"self":[{"href":"https:\/\/perfectestetica.al\/en\/wp-json\/wp\/v2\/product\/3320","targetHints":{"allow":["GET"]}}],"collection":[{"href":"https:\/\/perfectestetica.al\/en\/wp-json\/wp\/v2\/product"}],"about":[{"href":"https:\/\/perfectestetica.al\/en\/wp-json\/wp\/v2\/types\/product"}],"replies":[{"embeddable":true,"href":"https:\/\/perfectestetica.al\/en\/wp-json\/wp\/v2\/comments?post=3320"}],"version-history":[{"count":1,"href":"https:\/\/perfectestetica.al\/en\/wp-json\/wp\/v2\/product\/3320\/revisions"}],"predecessor-version":[{"id":3322,"href":"https:\/\/perfectestetica.al\/en\/wp-json\/wp\/v2\/product\/3320\/revisions\/3322"}],"wp:featuredmedia":[{"embeddable":true,"href":"https:\/\/perfectestetica.al\/en\/wp-json\/wp\/v2\/media\/3321"}],"wp:attachment":[{"href":"https:\/\/perfectestetica.al\/en\/wp-json\/wp\/v2\/media?parent=3320"}],"wp:term":[{"taxonomy":"product_brand","embeddable":true,"href":"https:\/\/perfectestetica.al\/en\/wp-json\/wp\/v2\/product_brand?post=3320"},{"taxonomy":"product_cat","embeddable":true,"href":"https:\/\/perfectestetica.al\/en\/wp-json\/wp\/v2\/product_cat?post=3320"},{"taxonomy":"product_tag","embeddable":true,"href":"https:\/\/perfectestetica.al\/en\/wp-json\/wp\/v2\/product_tag?post=3320"}],"curies":[{"name":"wp","href":"https:\/\/api.w.org\/{rel}","templated":true}]}}