{"id":3317,"date":"2023-02-03T22:45:14","date_gmt":"2023-02-03T21:45:14","guid":{"rendered":"https:\/\/perfectestetica.al\/?post_type=product&#038;p=3317"},"modified":"2023-02-03T22:45:14","modified_gmt":"2023-02-03T21:45:14","slug":"hydra-protect-body-oil","status":"publish","type":"product","link":"https:\/\/perfectestetica.al\/en\/product\/hydra-protect-body-oil\/","title":{"rendered":"Hydra Protect Body Oil"},"content":{"rendered":"","protected":false},"excerpt":{"rendered":"<p>Vaj wellnes p\u00ebr rigjenerim t\u00eb l\u00ebkur\u00ebs. E hidraton, freskon dhe ushqen at\u00eb.<\/p>\n<p>Ingredient\u00ebt kryesor\u00eb: Arnica Oil, St Wort\u2019S Oil, Argan Oil, Methyl Salicylate, Vitamin E<\/p>\n<table class=\"woocommerce-product-attributes shop_attributes\">\n<tbody>\n<tr class=\"woocommerce-product-attributes-item woocommerce-product-attributes-item--attribute_pa_size\">\n<th class=\"woocommerce-product-attributes-item__label\">Paketimi<\/th>\n<td class=\"woocommerce-product-attributes-item__value\">100ml<\/td>\n<\/tr>\n<tr class=\"woocommerce-product-attributes-item woocommerce-product-attributes-item--attribute_pa_llojet-e-lekures\">\n<th class=\"woocommerce-product-attributes-item__label\">Llojet e l\u00ebkur\u00ebs<\/th>\n<td class=\"woocommerce-product-attributes-item__value\">t\u00eb gjitha llojet<\/td>\n<\/tr>\n<\/tbody>\n<\/table>","protected":false},"featured_media":3318,"comment_status":"open","ping_status":"closed","template":"","meta":[],"product_brand":[],"product_cat":[57],"product_tag":[],"class_list":{"0":"post-3317","1":"product","2":"type-product","3":"status-publish","4":"has-post-thumbnail","6":"product_cat-kujdesi-i-trupit","8":"first","9":"instock","10":"shipping-taxable","11":"purchasable","12":"product-type-simple"},"_links":{"self":[{"href":"https:\/\/perfectestetica.al\/en\/wp-json\/wp\/v2\/product\/3317","targetHints":{"allow":["GET"]}}],"collection":[{"href":"https:\/\/perfectestetica.al\/en\/wp-json\/wp\/v2\/product"}],"about":[{"href":"https:\/\/perfectestetica.al\/en\/wp-json\/wp\/v2\/types\/product"}],"replies":[{"embeddable":true,"href":"https:\/\/perfectestetica.al\/en\/wp-json\/wp\/v2\/comments?post=3317"}],"version-history":[{"count":1,"href":"https:\/\/perfectestetica.al\/en\/wp-json\/wp\/v2\/product\/3317\/revisions"}],"predecessor-version":[{"id":3319,"href":"https:\/\/perfectestetica.al\/en\/wp-json\/wp\/v2\/product\/3317\/revisions\/3319"}],"wp:featuredmedia":[{"embeddable":true,"href":"https:\/\/perfectestetica.al\/en\/wp-json\/wp\/v2\/media\/3318"}],"wp:attachment":[{"href":"https:\/\/perfectestetica.al\/en\/wp-json\/wp\/v2\/media?parent=3317"}],"wp:term":[{"taxonomy":"product_brand","embeddable":true,"href":"https:\/\/perfectestetica.al\/en\/wp-json\/wp\/v2\/product_brand?post=3317"},{"taxonomy":"product_cat","embeddable":true,"href":"https:\/\/perfectestetica.al\/en\/wp-json\/wp\/v2\/product_cat?post=3317"},{"taxonomy":"product_tag","embeddable":true,"href":"https:\/\/perfectestetica.al\/en\/wp-json\/wp\/v2\/product_tag?post=3317"}],"curies":[{"name":"wp","href":"https:\/\/api.w.org\/{rel}","templated":true}]}}