{"id":3314,"date":"2023-02-03T22:44:39","date_gmt":"2023-02-03T21:44:39","guid":{"rendered":"https:\/\/perfectestetica.al\/?post_type=product&#038;p=3314"},"modified":"2023-02-03T22:44:39","modified_gmt":"2023-02-03T21:44:39","slug":"hand-care-cream","status":"publish","type":"product","link":"https:\/\/perfectestetica.al\/en\/product\/hand-care-cream\/","title":{"rendered":"Hand Care Cream"},"content":{"rendered":"","protected":false},"excerpt":{"rendered":"<p>Nj\u00eb krem ushqyes, hidratues dhe mbrojt\u00ebs i p\u00ebrshtatsh\u00ebm p\u00ebr l\u00ebkur\u00eb t\u00eb that\u00eb.<\/p>\n<p>Veprimi: Krem p\u00ebr duart dhe thonjt\u00eb me nj\u00eb konsistenc\u00eb jo t\u00eb yndyrshme, t\u00eb pasur me p\u00ebrb\u00ebr\u00ebs aktiv\u00eb si acid mandelik, vitamin\u00eb E, panthenol dhe aloe vera, q\u00eb trajtojn\u00eb tharjen e l\u00ebkur\u00ebs. P\u00ebrmban filt\u00ebr mbrojt\u00ebs kundrejt rrezatimit UV p\u00ebr t\u00eb parandaluar pigmentimin e l\u00ebkur\u00ebs. Ai menj\u00ebher\u00eb rregullon balanc\u00ebn e lag\u00ebshtis\u00eb s\u00eb l\u00ebkur\u00ebs, nd\u00ebrsa ushqen dhe e mbron at\u00eb fuqish\u00ebm nga that\u00ebsia dhe irritimi.<\/p>\n<p>P\u00ebrdorimi: Masazhoje leht\u00eb n\u00eb t\u00eb dy duart, pasi jan\u00eb lar\u00eb ato.<\/p>\n<p>Ingredient\u00ebt kryesor\u00eb: Mandelic Acid, Niacinamide, UV Filter, Vitamin E, Allantoin, Panthenol, Aloe Vera.<\/p>\n<table class=\"woocommerce-product-attributes shop_attributes\">\n<tbody>\n<tr class=\"woocommerce-product-attributes-item woocommerce-product-attributes-item--attribute_pa_size\">\n<th class=\"woocommerce-product-attributes-item__label\">Paketimi<\/th>\n<td class=\"woocommerce-product-attributes-item__value\">50mL<\/td>\n<\/tr>\n<tr class=\"woocommerce-product-attributes-item woocommerce-product-attributes-item--attribute_pa_llojet-e-lekures\">\n<th class=\"woocommerce-product-attributes-item__label\">Llojet e l\u00ebkur\u00ebs<\/th>\n<td class=\"woocommerce-product-attributes-item__value\">dehidratuar, e that\u00eb, t\u00eb gjitha llojet<\/td>\n<\/tr>\n<\/tbody>\n<\/table>","protected":false},"featured_media":3315,"comment_status":"open","ping_status":"closed","template":"","meta":[],"product_brand":[],"product_cat":[57],"product_tag":[],"class_list":{"0":"post-3314","1":"product","2":"type-product","3":"status-publish","4":"has-post-thumbnail","6":"product_cat-kujdesi-i-trupit","8":"first","9":"instock","10":"shipping-taxable","11":"purchasable","12":"product-type-simple"},"_links":{"self":[{"href":"https:\/\/perfectestetica.al\/en\/wp-json\/wp\/v2\/product\/3314","targetHints":{"allow":["GET"]}}],"collection":[{"href":"https:\/\/perfectestetica.al\/en\/wp-json\/wp\/v2\/product"}],"about":[{"href":"https:\/\/perfectestetica.al\/en\/wp-json\/wp\/v2\/types\/product"}],"replies":[{"embeddable":true,"href":"https:\/\/perfectestetica.al\/en\/wp-json\/wp\/v2\/comments?post=3314"}],"version-history":[{"count":1,"href":"https:\/\/perfectestetica.al\/en\/wp-json\/wp\/v2\/product\/3314\/revisions"}],"predecessor-version":[{"id":3316,"href":"https:\/\/perfectestetica.al\/en\/wp-json\/wp\/v2\/product\/3314\/revisions\/3316"}],"wp:featuredmedia":[{"embeddable":true,"href":"https:\/\/perfectestetica.al\/en\/wp-json\/wp\/v2\/media\/3315"}],"wp:attachment":[{"href":"https:\/\/perfectestetica.al\/en\/wp-json\/wp\/v2\/media?parent=3314"}],"wp:term":[{"taxonomy":"product_brand","embeddable":true,"href":"https:\/\/perfectestetica.al\/en\/wp-json\/wp\/v2\/product_brand?post=3314"},{"taxonomy":"product_cat","embeddable":true,"href":"https:\/\/perfectestetica.al\/en\/wp-json\/wp\/v2\/product_cat?post=3314"},{"taxonomy":"product_tag","embeddable":true,"href":"https:\/\/perfectestetica.al\/en\/wp-json\/wp\/v2\/product_tag?post=3314"}],"curies":[{"name":"wp","href":"https:\/\/api.w.org\/{rel}","templated":true}]}}