{"id":3311,"date":"2023-02-03T22:44:02","date_gmt":"2023-02-03T21:44:02","guid":{"rendered":"https:\/\/perfectestetica.al\/?post_type=product&#038;p=3311"},"modified":"2023-02-03T22:44:02","modified_gmt":"2023-02-03T21:44:02","slug":"cryolift-gel","status":"publish","type":"product","link":"https:\/\/perfectestetica.al\/en\/product\/cryolift-gel\/","title":{"rendered":"Cryolift Gel"},"content":{"rendered":"","protected":false},"excerpt":{"rendered":"<p>Nj\u00eb xhel i avancuar trupi p\u00ebr l\u00ebkur\u00ebn e relaksuar, t\u00eb r\u00ebn\u00eb, i cili shkakton ndjesi intensive t\u00eb ftohjes.<\/p>\n<p>Veprimi: Produkt Cryotherapy p\u00ebr rezultate t\u00eb dukshme tonifikuese. P\u00ebrmban alga deti dhe Mentol, q\u00eb prodhojn\u00eb nj\u00eb ndjesi t\u00eb fort\u00eb ftohjeje n\u00eb zon\u00ebn e aplikimit. Gjithashtu ka veti antiseptike dhe anti-inflamatore. P\u00ebrmir\u00ebson ndjesh\u00ebm elasticitetin e l\u00ebkur\u00ebs, rrit konsistenc\u00ebn dhe uniformitetin e saj.<br \/>\nRekomandohet t\u00eb p\u00ebrdoret gjat\u00eb programeve t\u00eb humbjes s\u00eb pesh\u00ebs trupore.<\/p>\n<p>P\u00ebrdorimi: Apliko xhelin n\u00eb l\u00ebkur\u00eb dhe masazhoje derisa t\u00eb jet\u00eb absorbuar. P\u00ebr rezultate m\u00eb intensive, aplikoje xhelin n\u00eb l\u00ebkur\u00eb dhe leht\u00ebsisht masazhoje derisa t\u00eb absorbohet, mb\u00ebshtille me garz\u00eb t\u00eb lagur dhe l\u00ebre p\u00ebr 15 \u2018.<\/p>\n<p>Ingredientet kryesore: Menthol, Prosveltyl.<\/p>\n<table class=\"woocommerce-product-attributes shop_attributes\">\n<tbody>\n<tr class=\"woocommerce-product-attributes-item woocommerce-product-attributes-item--attribute_pa_size\">\n<th class=\"woocommerce-product-attributes-item__label\">Paketimi<\/th>\n<td class=\"woocommerce-product-attributes-item__value\">200mL<\/td>\n<\/tr>\n<tr class=\"woocommerce-product-attributes-item woocommerce-product-attributes-item--attribute_pa_llojet-e-lekures\">\n<th class=\"woocommerce-product-attributes-item__label\">Llojet e l\u00ebkur\u00ebs<\/th>\n<td class=\"woocommerce-product-attributes-item__value\">e maturuar, t\u00eb gjitha llojet<\/td>\n<\/tr>\n<\/tbody>\n<\/table>","protected":false},"featured_media":3312,"comment_status":"open","ping_status":"closed","template":"","meta":[],"product_brand":[],"product_cat":[57],"product_tag":[],"class_list":{"0":"post-3311","1":"product","2":"type-product","3":"status-publish","4":"has-post-thumbnail","6":"product_cat-kujdesi-i-trupit","8":"first","9":"instock","10":"shipping-taxable","11":"purchasable","12":"product-type-simple"},"_links":{"self":[{"href":"https:\/\/perfectestetica.al\/en\/wp-json\/wp\/v2\/product\/3311","targetHints":{"allow":["GET"]}}],"collection":[{"href":"https:\/\/perfectestetica.al\/en\/wp-json\/wp\/v2\/product"}],"about":[{"href":"https:\/\/perfectestetica.al\/en\/wp-json\/wp\/v2\/types\/product"}],"replies":[{"embeddable":true,"href":"https:\/\/perfectestetica.al\/en\/wp-json\/wp\/v2\/comments?post=3311"}],"version-history":[{"count":1,"href":"https:\/\/perfectestetica.al\/en\/wp-json\/wp\/v2\/product\/3311\/revisions"}],"predecessor-version":[{"id":3313,"href":"https:\/\/perfectestetica.al\/en\/wp-json\/wp\/v2\/product\/3311\/revisions\/3313"}],"wp:featuredmedia":[{"embeddable":true,"href":"https:\/\/perfectestetica.al\/en\/wp-json\/wp\/v2\/media\/3312"}],"wp:attachment":[{"href":"https:\/\/perfectestetica.al\/en\/wp-json\/wp\/v2\/media?parent=3311"}],"wp:term":[{"taxonomy":"product_brand","embeddable":true,"href":"https:\/\/perfectestetica.al\/en\/wp-json\/wp\/v2\/product_brand?post=3311"},{"taxonomy":"product_cat","embeddable":true,"href":"https:\/\/perfectestetica.al\/en\/wp-json\/wp\/v2\/product_cat?post=3311"},{"taxonomy":"product_tag","embeddable":true,"href":"https:\/\/perfectestetica.al\/en\/wp-json\/wp\/v2\/product_tag?post=3311"}],"curies":[{"name":"wp","href":"https:\/\/api.w.org\/{rel}","templated":true}]}}