{"id":3308,"date":"2023-02-03T22:43:16","date_gmt":"2023-02-03T21:43:16","guid":{"rendered":"https:\/\/perfectestetica.al\/?post_type=product&#038;p=3308"},"modified":"2023-02-03T22:43:17","modified_gmt":"2023-02-03T21:43:17","slug":"caffeine-artichoke-serum","status":"publish","type":"product","link":"https:\/\/perfectestetica.al\/en\/product\/caffeine-artichoke-serum\/","title":{"rendered":"Caffeine Artichoke Serum"},"content":{"rendered":"","protected":false},"excerpt":{"rendered":"<p>Serum i avancuar me kafein\u00eb dhe angjinare p\u00ebr luftimin e dhjamit lokal dhe celulitit.<\/p>\n<p>Veprimi: P\u00ebrmir\u00ebson paraqitjen e celulitit n\u00eb l\u00ebkur\u00eb dhe rrit elasticitetin e l\u00ebkur\u00ebs dhe uniformitetin e saj. Kafeina dhe angjinarja aktivizojn\u00eb djegien e dhjamit n\u00eb adipocite dhe ulin volumin e tyre. Ekstrakti i angjinares lufton dhjamin topikal dhe celulitin nga retensioni i l\u00ebngjeve. Phytodermina Lifting ofron nj\u00eb tonifikim t\u00eb menj\u00ebhersh\u00ebm dhe promovon sintez\u00ebn e kolagjenit dhe elastin\u00ebs. Veprimi pa ndales\u00eb i A2 Blockers \u2122 lufton reagimin natyror t\u00eb trupit p\u00ebr t\u00eb bllokuar djegien e yndyr\u00ebs nga p\u00ebrb\u00ebr\u00ebsit e serumit, duke lejuar k\u00ebshtu vazhdim\u00ebsin\u00eb e lipoliz\u00ebs.<\/p>\n<p>P\u00ebrdorimi: Masazhoje serumin dy her\u00eb n\u00eb dit\u00eb n\u00eb zon\u00eb t\u00eb past\u00ebr derisa t\u00eb absorbohet, duke vazhduar me rutin\u00ebn e produkteve pasardh\u00ebse.<\/p>\n<p>Ingredient\u00ebt kryesor\u00eb: Phytodermina Lifting, A2 Blockers, Biogenic Caffeine, Artichoke Extract, Guarana Extract, Ruscus Extract, MMW HA, Argisil C.<\/p>\n<p>&nbsp;<\/p>\n<table class=\"woocommerce-product-attributes shop_attributes\">\n<tbody>\n<tr class=\"woocommerce-product-attributes-item woocommerce-product-attributes-item--attribute_pa_llojet-e-lekures\">\n<th class=\"woocommerce-product-attributes-item__label\">Llojet e l\u00ebkur\u00ebs<\/th>\n<td class=\"woocommerce-product-attributes-item__value\">t\u00eb gjitha llojet<\/td>\n<\/tr>\n<\/tbody>\n<\/table>","protected":false},"featured_media":3309,"comment_status":"open","ping_status":"closed","template":"","meta":[],"product_brand":[],"product_cat":[57],"product_tag":[],"class_list":{"0":"post-3308","1":"product","2":"type-product","3":"status-publish","4":"has-post-thumbnail","6":"product_cat-kujdesi-i-trupit","8":"first","9":"instock","10":"shipping-taxable","11":"purchasable","12":"product-type-simple"},"_links":{"self":[{"href":"https:\/\/perfectestetica.al\/en\/wp-json\/wp\/v2\/product\/3308","targetHints":{"allow":["GET"]}}],"collection":[{"href":"https:\/\/perfectestetica.al\/en\/wp-json\/wp\/v2\/product"}],"about":[{"href":"https:\/\/perfectestetica.al\/en\/wp-json\/wp\/v2\/types\/product"}],"replies":[{"embeddable":true,"href":"https:\/\/perfectestetica.al\/en\/wp-json\/wp\/v2\/comments?post=3308"}],"version-history":[{"count":1,"href":"https:\/\/perfectestetica.al\/en\/wp-json\/wp\/v2\/product\/3308\/revisions"}],"predecessor-version":[{"id":3310,"href":"https:\/\/perfectestetica.al\/en\/wp-json\/wp\/v2\/product\/3308\/revisions\/3310"}],"wp:featuredmedia":[{"embeddable":true,"href":"https:\/\/perfectestetica.al\/en\/wp-json\/wp\/v2\/media\/3309"}],"wp:attachment":[{"href":"https:\/\/perfectestetica.al\/en\/wp-json\/wp\/v2\/media?parent=3308"}],"wp:term":[{"taxonomy":"product_brand","embeddable":true,"href":"https:\/\/perfectestetica.al\/en\/wp-json\/wp\/v2\/product_brand?post=3308"},{"taxonomy":"product_cat","embeddable":true,"href":"https:\/\/perfectestetica.al\/en\/wp-json\/wp\/v2\/product_cat?post=3308"},{"taxonomy":"product_tag","embeddable":true,"href":"https:\/\/perfectestetica.al\/en\/wp-json\/wp\/v2\/product_tag?post=3308"}],"curies":[{"name":"wp","href":"https:\/\/api.w.org\/{rel}","templated":true}]}}