{"id":3299,"date":"2023-02-03T22:39:21","date_gmt":"2023-02-03T21:39:21","guid":{"rendered":"https:\/\/perfectestetica.al\/?post_type=product&#038;p=3299"},"modified":"2023-02-03T22:39:21","modified_gmt":"2023-02-03T21:39:21","slug":"bust-firming-gel","status":"publish","type":"product","link":"https:\/\/perfectestetica.al\/en\/product\/bust-firming-gel\/","title":{"rendered":"Bust Firming Gel"},"content":{"rendered":"","protected":false},"excerpt":{"rendered":"<p>Xhel tonifikues i p\u00ebrshtatsh\u00ebm p\u00ebr zon\u00ebn e bustit dhe t\u00eb krah\u00ebve.<\/p>\n<p>Veprimi: Ai n\u00eb m\u00ebnyr\u00eb efektive tonifikon l\u00ebkur\u00ebn dhe e zbut at\u00eb. Kombinon efektin hidratues t\u00eb acidit hyaluronic me nj\u00eb num\u00ebr p\u00ebrb\u00ebr\u00ebsish tonifikues si Phytodermina Lifting, Biobustyl dhe Liftessence, t\u00eb cilat rind\u00ebrtojn\u00eb fibrat e elastin\u00ebs, aktivizojn\u00eb sintez\u00ebn e kolagjenit dhe t\u00ebrheqin l\u00ebkur\u00ebn. Biobustyl (nga proteinat e soj\u00ebs)<br \/>\naktivizon sintez\u00ebn e kolagjenit dhe rikthen ekuilibrin e ujit n\u00eb l\u00ebkur\u00eb.<\/p>\n<p>P\u00ebrdorimi: Masazhoje leht\u00ebsisht derisa t\u00eb absorbohet nga l\u00ebkura.<\/p>\n<p>Kundraindikacione: Nuk duhet t\u00eb p\u00ebrdoret gjat\u00eb shtat\u00ebzanis\u00eb dhe laktacionit.<\/p>\n<p>Ingredient\u00ebt kryesor\u00eb: Phytodermina Lifting, Bio-Bustyl, Liftessence, Menthol, Avocado Oil, Mushroom Extract, Hyaluronic Acid MMW, Saccharomyces Lysate Extract.<\/p>\n<table class=\"woocommerce-product-attributes shop_attributes\">\n<tbody>\n<tr class=\"woocommerce-product-attributes-item woocommerce-product-attributes-item--attribute_pa_size\">\n<th class=\"woocommerce-product-attributes-item__label\">Paketimi<\/th>\n<td class=\"woocommerce-product-attributes-item__value\">200mL<\/td>\n<\/tr>\n<tr class=\"woocommerce-product-attributes-item woocommerce-product-attributes-item--attribute_pa_llojet-e-lekures\">\n<th class=\"woocommerce-product-attributes-item__label\">Llojet e l\u00ebkur\u00ebs<\/th>\n<td class=\"woocommerce-product-attributes-item__value\">normale, t\u00eb gjitha llojet<\/td>\n<\/tr>\n<\/tbody>\n<\/table>","protected":false},"featured_media":3302,"comment_status":"open","ping_status":"closed","template":"","meta":[],"product_brand":[],"product_cat":[57],"product_tag":[],"class_list":{"0":"post-3299","1":"product","2":"type-product","3":"status-publish","4":"has-post-thumbnail","6":"product_cat-kujdesi-i-trupit","8":"first","9":"instock","10":"shipping-taxable","11":"purchasable","12":"product-type-simple"},"_links":{"self":[{"href":"https:\/\/perfectestetica.al\/en\/wp-json\/wp\/v2\/product\/3299","targetHints":{"allow":["GET"]}}],"collection":[{"href":"https:\/\/perfectestetica.al\/en\/wp-json\/wp\/v2\/product"}],"about":[{"href":"https:\/\/perfectestetica.al\/en\/wp-json\/wp\/v2\/types\/product"}],"replies":[{"embeddable":true,"href":"https:\/\/perfectestetica.al\/en\/wp-json\/wp\/v2\/comments?post=3299"}],"version-history":[{"count":1,"href":"https:\/\/perfectestetica.al\/en\/wp-json\/wp\/v2\/product\/3299\/revisions"}],"predecessor-version":[{"id":3303,"href":"https:\/\/perfectestetica.al\/en\/wp-json\/wp\/v2\/product\/3299\/revisions\/3303"}],"wp:featuredmedia":[{"embeddable":true,"href":"https:\/\/perfectestetica.al\/en\/wp-json\/wp\/v2\/media\/3302"}],"wp:attachment":[{"href":"https:\/\/perfectestetica.al\/en\/wp-json\/wp\/v2\/media?parent=3299"}],"wp:term":[{"taxonomy":"product_brand","embeddable":true,"href":"https:\/\/perfectestetica.al\/en\/wp-json\/wp\/v2\/product_brand?post=3299"},{"taxonomy":"product_cat","embeddable":true,"href":"https:\/\/perfectestetica.al\/en\/wp-json\/wp\/v2\/product_cat?post=3299"},{"taxonomy":"product_tag","embeddable":true,"href":"https:\/\/perfectestetica.al\/en\/wp-json\/wp\/v2\/product_tag?post=3299"}],"curies":[{"name":"wp","href":"https:\/\/api.w.org\/{rel}","templated":true}]}}