{"id":3298,"date":"2023-02-03T22:40:24","date_gmt":"2023-02-03T21:40:24","guid":{"rendered":"https:\/\/perfectestetica.al\/?post_type=product&#038;p=3298"},"modified":"2023-02-03T22:40:25","modified_gmt":"2023-02-03T21:40:25","slug":"body-butter","status":"publish","type":"product","link":"https:\/\/perfectestetica.al\/en\/product\/body-butter\/","title":{"rendered":"Body Butter"},"content":{"rendered":"","protected":false},"excerpt":{"rendered":"<p>Nj\u00eb krem hidratues dhe freskues i p\u00ebrshtatsh\u00ebm p\u00ebr l\u00ebkur\u00eb t\u00eb that\u00eb.<\/p>\n<p>Veprimi: Ai menj\u00ebher\u00eb rikthen ekuilibrin e lag\u00ebshtis\u00eb<br \/>\ns\u00eb l\u00ebkur\u00ebs duke e ndihmuar k\u00ebshtu at\u00eb t\u00eb rifitoj\u00eb elasticitetin<br \/>\ne humbur. P\u00ebrdorimi i shpesht\u00eb rekomandohet n\u00eb pjes\u00ebt e trupit t\u00eb prirura p\u00ebr that\u00ebsi (b\u00ebrryla, shputat e k\u00ebmb\u00ebve).<br \/>\nKrem me tekstur\u00eb t\u00eb pasur q\u00eb kombinon Butter Karite,<br \/>\nGjalp\u00eb Kakao, Avokado Oil, Aloe Vera dhe Panthenol, p\u00ebrb\u00ebr\u00ebs q\u00eb luftojn\u00eb tharjen dhe q\u00eb hidratojn\u00eb dhe rivitalizojn\u00eb l\u00ebkur\u00ebn duke e l\u00ebn\u00eb at\u00eb t\u00eb but\u00eb dhe t\u00eb ushqyer.<\/p>\n<p>P\u00ebrdorimi: Masazhoje n\u00eb l\u00ebkur\u00eb derisa t\u00eb p\u00ebrthithet.<\/p>\n<p>Ingredient\u00ebt kryesor\u00eb: Shea Butter, Cacao Butter, Vitamin E, Allantoin, Panthenol, Aloe Vera, Avocado Oil.<\/p>\n<table class=\"woocommerce-product-attributes shop_attributes\">\n<tbody>\n<tr class=\"woocommerce-product-attributes-item woocommerce-product-attributes-item--attribute_pa_size\">\n<th class=\"woocommerce-product-attributes-item__label\">Paketimi<\/th>\n<td class=\"woocommerce-product-attributes-item__value\">200mL<\/p>\n<p>&nbsp;<\/td>\n<\/tr>\n<tr class=\"woocommerce-product-attributes-item woocommerce-product-attributes-item--attribute_pa_llojet-e-lekures\">\n<th class=\"woocommerce-product-attributes-item__label\">Llojet e l\u00ebkur\u00ebs<\/th>\n<td class=\"woocommerce-product-attributes-item__value\">dehidratuar, e that\u00eb<\/td>\n<\/tr>\n<\/tbody>\n<\/table>","protected":false},"featured_media":3304,"comment_status":"open","ping_status":"closed","template":"","meta":[],"product_brand":[],"product_cat":[57],"product_tag":[],"class_list":{"0":"post-3298","1":"product","2":"type-product","3":"status-publish","4":"has-post-thumbnail","6":"product_cat-kujdesi-i-trupit","8":"first","9":"instock","10":"shipping-taxable","11":"purchasable","12":"product-type-simple"},"_links":{"self":[{"href":"https:\/\/perfectestetica.al\/en\/wp-json\/wp\/v2\/product\/3298","targetHints":{"allow":["GET"]}}],"collection":[{"href":"https:\/\/perfectestetica.al\/en\/wp-json\/wp\/v2\/product"}],"about":[{"href":"https:\/\/perfectestetica.al\/en\/wp-json\/wp\/v2\/types\/product"}],"replies":[{"embeddable":true,"href":"https:\/\/perfectestetica.al\/en\/wp-json\/wp\/v2\/comments?post=3298"}],"version-history":[{"count":1,"href":"https:\/\/perfectestetica.al\/en\/wp-json\/wp\/v2\/product\/3298\/revisions"}],"predecessor-version":[{"id":3305,"href":"https:\/\/perfectestetica.al\/en\/wp-json\/wp\/v2\/product\/3298\/revisions\/3305"}],"wp:featuredmedia":[{"embeddable":true,"href":"https:\/\/perfectestetica.al\/en\/wp-json\/wp\/v2\/media\/3304"}],"wp:attachment":[{"href":"https:\/\/perfectestetica.al\/en\/wp-json\/wp\/v2\/media?parent=3298"}],"wp:term":[{"taxonomy":"product_brand","embeddable":true,"href":"https:\/\/perfectestetica.al\/en\/wp-json\/wp\/v2\/product_brand?post=3298"},{"taxonomy":"product_cat","embeddable":true,"href":"https:\/\/perfectestetica.al\/en\/wp-json\/wp\/v2\/product_cat?post=3298"},{"taxonomy":"product_tag","embeddable":true,"href":"https:\/\/perfectestetica.al\/en\/wp-json\/wp\/v2\/product_tag?post=3298"}],"curies":[{"name":"wp","href":"https:\/\/api.w.org\/{rel}","templated":true}]}}