{"id":3297,"date":"2023-02-03T22:40:49","date_gmt":"2023-02-03T21:40:49","guid":{"rendered":"https:\/\/perfectestetica.al\/?post_type=product&#038;p=3297"},"modified":"2023-02-03T22:40:50","modified_gmt":"2023-02-03T21:40:50","slug":"bath-shower-foam","status":"publish","type":"product","link":"https:\/\/perfectestetica.al\/en\/product\/bath-shower-foam\/","title":{"rendered":"Bath Shower Foam"},"content":{"rendered":"","protected":false},"excerpt":{"rendered":"<p><strong>Locion trupi i pasuruar me aloe vera dhe panthenol, i p\u00ebrshtatsh\u00ebm p\u00ebr t\u00eb gjitha llojet e l\u00ebkur\u00ebs, duke p\u00ebrfshir\u00eb l\u00ebkur\u00ebn sensitive.<\/strong><\/p>\n<p>Veprimi: Pastron thell\u00eb, stimulon dhe revitalizon l\u00ebkur\u00ebn pa shkaktuar irritim dhe that\u00ebsi.<\/p>\n<p>P\u00ebrdorimi: P\u00ebr p\u00ebrdorim t\u00eb p\u00ebrditsh\u00ebm gjat\u00eb dushit.<\/p>\n<p>Ingredient\u00ebt kryesor\u00eb: Mild Surfactants, Aloe Vera, D-Panthenol.Locion trupi i pasuruar me aloe vera dhe panthenol, i p\u00ebrshtatsh\u00ebm p\u00ebr t\u00eb gjitha llojet e l\u00ebkur\u00ebs, duke p\u00ebrfshir\u00eb l\u00ebkur\u00ebn sensitive.<\/p>\n<p>Veprimi: Pastron thell\u00eb, stimulon dhe revitalizon l\u00ebkur\u00ebn pa shkaktuar irritim dhe that\u00ebsi.<\/p>\n<p>P\u00ebrdorimi: P\u00ebr p\u00ebrdorim t\u00eb p\u00ebrditsh\u00ebm gjat\u00eb dushit.<\/p>\n<p><strong>Ingredient\u00ebt kryesor\u00eb: Mild Surfactants, Aloe Vera, D-Panthenol.<\/strong><\/p>\n<table class=\"woocommerce-product-attributes shop_attributes\">\n<tbody>\n<tr class=\"woocommerce-product-attributes-item woocommerce-product-attributes-item--attribute_pa_size\">\n<th class=\"woocommerce-product-attributes-item__label\">Paketimi<\/th>\n<td class=\"woocommerce-product-attributes-item__value\">520mL<\/td>\n<\/tr>\n<tr class=\"woocommerce-product-attributes-item woocommerce-product-attributes-item--attribute_pa_llojet-e-lekures\">\n<th class=\"woocommerce-product-attributes-item__label\">Llojet e l\u00ebkur\u00ebs<\/th>\n<td class=\"woocommerce-product-attributes-item__value\">sensitive, t\u00eb gjitha llojet<\/td>\n<\/tr>\n<\/tbody>\n<\/table>","protected":false},"featured_media":3301,"comment_status":"open","ping_status":"closed","template":"","meta":[],"product_brand":[],"product_cat":[57],"product_tag":[],"class_list":{"0":"post-3297","1":"product","2":"type-product","3":"status-publish","4":"has-post-thumbnail","6":"product_cat-kujdesi-i-trupit","8":"first","9":"instock","10":"shipping-taxable","11":"purchasable","12":"product-type-simple"},"_links":{"self":[{"href":"https:\/\/perfectestetica.al\/en\/wp-json\/wp\/v2\/product\/3297","targetHints":{"allow":["GET"]}}],"collection":[{"href":"https:\/\/perfectestetica.al\/en\/wp-json\/wp\/v2\/product"}],"about":[{"href":"https:\/\/perfectestetica.al\/en\/wp-json\/wp\/v2\/types\/product"}],"replies":[{"embeddable":true,"href":"https:\/\/perfectestetica.al\/en\/wp-json\/wp\/v2\/comments?post=3297"}],"version-history":[{"count":1,"href":"https:\/\/perfectestetica.al\/en\/wp-json\/wp\/v2\/product\/3297\/revisions"}],"predecessor-version":[{"id":3306,"href":"https:\/\/perfectestetica.al\/en\/wp-json\/wp\/v2\/product\/3297\/revisions\/3306"}],"wp:featuredmedia":[{"embeddable":true,"href":"https:\/\/perfectestetica.al\/en\/wp-json\/wp\/v2\/media\/3301"}],"wp:attachment":[{"href":"https:\/\/perfectestetica.al\/en\/wp-json\/wp\/v2\/media?parent=3297"}],"wp:term":[{"taxonomy":"product_brand","embeddable":true,"href":"https:\/\/perfectestetica.al\/en\/wp-json\/wp\/v2\/product_brand?post=3297"},{"taxonomy":"product_cat","embeddable":true,"href":"https:\/\/perfectestetica.al\/en\/wp-json\/wp\/v2\/product_cat?post=3297"},{"taxonomy":"product_tag","embeddable":true,"href":"https:\/\/perfectestetica.al\/en\/wp-json\/wp\/v2\/product_tag?post=3297"}],"curies":[{"name":"wp","href":"https:\/\/api.w.org\/{rel}","templated":true}]}}